{"id":1241,"date":"2024-09-21T21:42:44","date_gmt":"2024-09-21T20:42:44","guid":{"rendered":"https:\/\/www.xn--motdedieuexpliqu-qqb.com\/?page_id=1241"},"modified":"2025-01-02T20:25:17","modified_gmt":"2025-01-02T20:25:17","slug":"apocalypse-explication-de-la-terminologie-2","status":"publish","type":"page","link":"https:\/\/www.xn--motdedieuexpliqu-qqb.com\/index.php\/apocalypse-explication-de-la-terminologie-2\/","title":{"rendered":"Apocalypse \u2013 Explication de la Terminologie"},"content":{"rendered":"\n<figure class=\"wp-block-table\"><table class=\"has-fixed-layout\"><tbody><tr><td>Note 8. page 396. &#8211; Ces paroles sont bas\u00e9es sur la PROPH\u00c9TIE d&#8217;APOCALYPSE 13 et 14. Les gens avec lesquels l&#8217;auteur est en relation ont enseign\u00e9 pendant des ann\u00e9es [depuis environ 1850] que toutes les classes, \u00e0 l&#8217;exception du &#8221; PETIT TROUPEAU &#8220;, s&#8217;uniront pour exalter le dimanche et l&#8217;imposer \u00e0 tous par des lois strictes. Cela peut aider le lecteur \u00e0 comprendre les points de la derni\u00e8re partie du chapitre 30. Noter les faits de la PROPH\u00c9TIE sur lesquels cette id\u00e9e est bas\u00e9e. {1884 4SP 501.3}<\/td><\/tr><tr><td>1. La B\u00caTE d&#8217;APOCALYPSE 13:1-10 est cens\u00e9e se r\u00e9f\u00e9rer au POUVOIR PAPAL. Telle a \u00e9t\u00e9 l&#8217;opinion g\u00e9n\u00e9rale des protestants. {1884 4SP 502.1}<\/td><\/tr><tr><td>2. \u00ab LA MER \u00bb d&#8217;o\u00f9 cette B\u00caTE est sortie est la m\u00eame que \u00ab LES EAUX \u00bb d&#8217;APOCALYPSE 17:15, expliqu\u00e9es comme \u00e9tant \u00ab DES PEUPLES, DES MULTITUDES, DES NATIONS, ET DES LANGUES \u00bb. La papaut\u00e9 \u00e9tait soutenue par de nombreuses nations. {1884 4SP 502.2}<\/td><\/tr><tr><td>3. Cette B\u00caTE a les caract\u00e9ristiques des QUATRE B\u00caTES de DANIEL 7, qui repr\u00e9sentent les QUATRE EMPIRES de BABYLONE, DE PERSE, DE GR\u00c8CE et DE ROME. Elle est l&#8217;H\u00c9RITI\u00c8RE du POUVOIR d\u00e9tenu successivement par ces QUATRE EMPIRES. {1884 4SP 502.3}<\/td><\/tr><tr><td>4. La B\u00caTE \u00c0 DEUX CORNES, APOCALYPSE 13:11-17, est dans un LOCALIT\u00c9 DIFF\u00c9RENTE, \u00ab SORTANT DE LA TERRE \u00bb ; non par la conqu\u00eate des nations et des peuples, mais en POUSSEANT comme une plante, HORS DE LA TERRE. Ceci repr\u00e9sente les \u00c9TATS-UNIS, une localit\u00e9 HORS DE LA DOMINATION DE \u00ab TOUT LE MONDE \u00bb, comme le connaissaient les ANCIENS. {1884 4SP 502.4}<\/td><\/tr><tr><td>5. Cette B\u00caTE a DEUX CORNES, la CIVILE et l&#8217;ECCL\u00c9SIASTIQUE. Qu&#8217;une \u00c9GLISE soit REPR\u00c9SENT\u00c9E par une CORNE est prouv\u00e9 dans DANIEL 7, la \u00ab PETITE CORNE \u00bb repr\u00e9sentant l&#8217;\u00c9GLISE ROMAINE, m\u00eame avant qu&#8217;elle ne soit POSS\u00c9D\u00c9E du POUVOIR CIVIL. De m\u00eame dans APOCALYPSE 13. Le DRAGON (la Rome pa\u00efenne) a donn\u00e9 \u00e0 la B\u00caTE (l&#8217;\u00e9glise) son POUVOIR (le pouvoir civil), son SI\u00c8GE (la ville de Rome) et sa GRANDE AUTORIT\u00c9. {1884 4SP 502.5}<\/td><\/tr><tr><td>6. La B\u00caTE \u00c0 DEUX CORNES appara\u00eet en DEUX PHASES, avec la DOUCEUR d&#8217;un AGNEAU et la F\u00c9ROCIT\u00c9 d&#8217;un DRAGON. Cela a d\u00e9j\u00e0 \u00e9t\u00e9 d\u00e9montr\u00e9 dans une certaine mesure, dans l&#8217;incoh\u00e9rence qui consiste \u00e0 diffuser au monde la doctrine de l&#8217;\u00e9galit\u00e9 de tous les hommes en ce qui concerne les droits naturels &#8211; le droit \u00e0 la vie, \u00e0 la libert\u00e9 et \u00e0 la poursuite du bonheur &#8211; et \u00e0 soutenir par la loi tous les MAL DE L&#8217;ESCLAVAGE AM\u00c9RICAIN. De m\u00eame, en professant d&#8217;accorder le privil\u00e8ge \u00e0 tous d&#8217;ADORER DIEU selon les pr\u00e9ceptes de leur PROPRE CONSCIENCE, et en pers\u00e9cutant ensuite les BAPTISTES et les QUAKER pour avoir suivi leurs CONVICTIONS DE CONSCIENCE. Mais cela sera d\u00e9montr\u00e9 plus compl\u00e8tement dans l&#8217;AVENIR, lorsque le CONGR\u00c8S sera appel\u00e9 \u00e0 FAIRE DES LOIS CONCERNANT LA RELIGION. {1884 4SP 502.6}<\/td><\/tr><tr><td>7. L&#8217;IDENTIT\u00c9 de la \u00ab B\u00caTE \u00c0 DEUX CORNES \u00bb est encore d\u00e9montr\u00e9e par ses MERVEILLES, par le fait qu&#8217;elle \u00ab TROMPAIT ceux qui habitent sur la terre par les MIRACLES qu&#8217;il lui \u00e9tait donn\u00e9 de faire en pr\u00e9sence de la B\u00caTE \u00bb. APOCALYPSE 13:14. LE SPIRITUALISME est n\u00e9 aux \u00c9TATS-UNIS et s&#8217;est r\u00e9pandu dans le MONDE ENTIER par l&#8217;interm\u00e9diaire des m\u00e9diums am\u00e9ricains. {1884 4SP 502.7}<\/td><\/tr><tr><td>8. Cette B\u00caTE fait que \u00ab la terre et ceux qui y habitent ADORANT la PREMI\u00c8RE B\u00caTE \u00bb. Ceci peut \u00eatre facilement rapport\u00e9 aux LOIS IMPOSANT L&#8217;OBSERVATION DU DIMANCHE au lieu du SABBAT du SEIGNEUR, le SEPTI\u00c8ME JOUR. L&#8217;institution du dimanche-sabbat remonte directement \u00e0 l&#8217;\u00c9GLISE ROMAINE, qui, en effet, revendique l&#8217;honneur d&#8217;en \u00eatre l&#8217;ORIGINAIRE ; et personne n&#8217;a pu contester cette affirmation. Le SABBAT de J\u00c9HOVAH comm\u00e9more la CR\u00c9ATION des CIEUX et de la TERRE, et le COMMANDEMENT pour son observation a \u00e9t\u00e9 donn\u00e9 afin que la terre et ses habitants puissent GLORIFIER le CR\u00c9ATEUR. La LOI qui oblige \u00e0 observer le sabbat du dimanche annule le COMMANDEMENT de DIEU, et la terre et ceux qui l&#8217;habitent sont amen\u00e9s \u00e0 rendre hommage \u00e0 la puissance qui l&#8217;a cr\u00e9\u00e9e, en se reposant sur elle. Les protestants ont attribu\u00e9 diverses institutions \u00e0 la papaut\u00e9, et leur ont appliqu\u00e9 cette PROPH\u00c9TIE ; mais dans aucune, la terre, \u00e0 la diff\u00e9rence de ceux qui habitent sur la terre, n&#8217;est amen\u00e9e \u00e0 ADORER cette PUISSANCE, sauf dans le REPOS DU DIMANCHE IMPOS\u00c9 \u00e0 toute la terre. {1884 4SP 503.1}<\/td><\/tr><tr><td>9. Et cela montre suffisamment que ce n&#8217;est pas une simple supposition que de dire que les catholiques et les protestants s&#8217;uniront pour imposer le DIMANCHE. Les catholiques l&#8217;honorent comme la preuve de leur autorit\u00e9 \u00e0 \u00ab instituer des f\u00eates de pr\u00e9cepte et \u00e0 les ordonner sous peine de p\u00e9ch\u00e9 \u00bb, et les protestants font des efforts tr\u00e8s vigoureux pour qu&#8217;elle soit universellement appliqu\u00e9e. Il est bien connu que la plupart des confessions protestantes modifient consid\u00e9rablement leur opposition \u00e0 l&#8217;\u00c9glise catholique, et une action commune des deux corps en faveur du dimanche n&#8217;est en aucun cas improbable. Mais il y a quelques ann\u00e9es, cette opinion \u00e9tait enseign\u00e9e sur la seule FORCE de la PROPH\u00c9TIE. Maintenant, nous voyons dans les \u00e9v\u00e9nements qui passent de fortes indications de son accomplissement. L&#8217;objectif sp\u00e9cial de \u00ab l&#8217;association de r\u00e9forme nationale \u00bb est d&#8217;obtenir un AMENDEMENT RELIGIEUX \u00e0 la CONSTITUTION NATIONALE afin que le dimanche soit sauv\u00e9 de la profanation et universellement impos\u00e9. {1884 4SP 503.2}<\/td><\/tr><tr><td>10. Cette B\u00caTE non seulement contraint la terre et ses habitants \u00e0 ADORER la PREMI\u00c8RE B\u00caTE, comme nous l&#8217;avons vu plus haut, mais elle pousse ceux qui habitent sur la terre \u00e0 FAIRE UNE IMAGE de la PREMI\u00c8RE B\u00caTE. Cela ne peut se faire que par une UNION de l&#8217;\u00c9GLISE et de l&#8217;\u00c9TAT, ou en SUBORDONNANT le POUVOIR CIVIL au POUVOIR ECCL\u00c9SIASTIQUE de telle sorte que l&#8217;\u00c9tat soit contraint d&#8217;appliquer les principes et les exigences de l&#8217;\u00c9glise. Un AMENDEMENT RELIGIEUX \u00e0 la CONSTITUTION des \u00c9TATS-UNIS assurerait rapidement ce r\u00e9sultat. {1884 4SP 503.3}<\/td><\/tr><tr><td>11. Cette EXPOS\u00c9 DE LA PROPH\u00c9TIE est CONFIRM\u00c9E par le MESSAGE du Seigneur qui se trouve dans APOCALYPSE 14:9-12, qui est enti\u00e8rement bas\u00e9 sur les FAITS d&#8217;APOCALYPSE 13:11-17, et qui condamne dans les termes les plus forts l&#8217;action de cette B\u00caTE et le culte qu&#8217;elle impose ; il appelle aussi \u00e0 RESPECTER les COMMANDEMENTS de DIEU et la FOI de J\u00c9SUS, et l&#8217;UN de ces COMMANDEMENTS IMPOSE le SABBAT du SEIGNEUR, le SEPTI\u00c8ME JOUR. Par cons\u00e9quent, le contraste entre les faits et le MESSAGE qui se r\u00e9f\u00e8re aux faits, se situe entre le SABBAT du SEIGNEUR et un sabbat oppos\u00e9, \u00e0 savoir le dimanche. {1884 4SP 504.1}<\/td><\/tr><tr><td>Voici un tr\u00e8s bref expos\u00e9 des faits qui JUSTIFIENT les expressions de l&#8217;auteur aux pages 396, 397. {1884 4SP 504.2}<\/td><\/tr><\/tbody><\/table><\/figure>\n\n\n\n<p><\/p>\n","protected":false},"excerpt":{"rendered":"<p> Note 8. page 396. &#8211; Ces paroles sont bas\u00e9es sur la PROPH\u00c9TIE d&#8217;APOCALYPSE 13 et 14. Les gens avec lesquels l&#8217;auteur est en relation ont enseign\u00e9 pendant des ann\u00e9es [depuis environ 1850] que toutes les classes, \u00e0 l&#8217;exception du &#8221; PETIT TROUPEAU &#8220;, s&#8217;uniront pour exalter le dimanche et l&#8217;imposer \u00e0 tous par des [&#8230;]<\/p>\n","protected":false},"author":4,"featured_media":0,"parent":0,"menu_order":0,"comment_status":"closed","ping_status":"closed","template":"","meta":{"footnotes":""},"class_list":["post-1241","page","type-page","status-publish","hentry","odd"],"_links":{"self":[{"href":"https:\/\/www.xn--motdedieuexpliqu-qqb.com\/index.php\/wp-json\/wp\/v2\/pages\/1241","targetHints":{"allow":["GET"]}}],"collection":[{"href":"https:\/\/www.xn--motdedieuexpliqu-qqb.com\/index.php\/wp-json\/wp\/v2\/pages"}],"about":[{"href":"https:\/\/www.xn--motdedieuexpliqu-qqb.com\/index.php\/wp-json\/wp\/v2\/types\/page"}],"author":[{"embeddable":true,"href":"https:\/\/www.xn--motdedieuexpliqu-qqb.com\/index.php\/wp-json\/wp\/v2\/users\/4"}],"replies":[{"embeddable":true,"href":"https:\/\/www.xn--motdedieuexpliqu-qqb.com\/index.php\/wp-json\/wp\/v2\/comments?post=1241"}],"version-history":[{"count":2,"href":"https:\/\/www.xn--motdedieuexpliqu-qqb.com\/index.php\/wp-json\/wp\/v2\/pages\/1241\/revisions"}],"predecessor-version":[{"id":1381,"href":"https:\/\/www.xn--motdedieuexpliqu-qqb.com\/index.php\/wp-json\/wp\/v2\/pages\/1241\/revisions\/1381"}],"wp:attachment":[{"href":"https:\/\/www.xn--motdedieuexpliqu-qqb.com\/index.php\/wp-json\/wp\/v2\/media?parent=1241"}],"curies":[{"name":"wp","href":"https:\/\/api.w.org\/{rel}","templated":true}]}}