{"id":1486,"date":"2025-02-01T13:46:49","date_gmt":"2025-02-01T13:46:49","guid":{"rendered":"https:\/\/www.xn--motdedieuexpliqu-qqb.com\/?page_id=1486"},"modified":"2025-02-01T13:46:49","modified_gmt":"2025-02-01T13:46:49","slug":"les-12-disciples-11-apotres-de-jesus","status":"publish","type":"page","link":"https:\/\/www.xn--motdedieuexpliqu-qqb.com\/index.php\/les-12-disciples-11-apotres-de-jesus\/","title":{"rendered":"Les 12 disciples, 11 ap\u00f4tres de J\u00e9sus"},"content":{"rendered":"\n<figure class=\"wp-block-table\"><table class=\"has-fixed-layout\"><tbody><tr><td><\/td><\/tr><tr><td><strong>Disciple<\/strong> &#8211; Les disciples sont nomm\u00e9s dans Matthieu 10:2-4; Marc 3:16-19; Luc 6:13-16; et Actes des Ap\u00f4tres 1:13.<\/td><\/tr><tr><td><strong>Occupation, r\u00e9alisations et quelques r\u00e9f\u00e9rences bibliques cl\u00e9s<\/strong><\/td><\/tr><tr><td><strong>D\u00e9c\u00e8s<\/strong><\/td><\/tr><tr><td><strong>Simon-Pierre fils de Jean<\/strong><\/td><\/tr><tr><td>P\u00eacheur. Prince des Ap\u00f4tres. Il est l&#8217;auteur inspir\u00e9 par le Saint-Esprit de 2 \u00e9p\u00eetres \u00e0 l&#8217;\u00c9glise universelle qui portent son nom. En tant que Vicaire du Christ pour le Royaume des Cieux sur Terre, il a pr\u00each\u00e9 en Asie Mineure pendant 7 ans. Il a fond\u00e9 l&#8217;\u00c9glise \u00e0 Antioche [Turquie] et a ensuite \u00e9tabli le si\u00e8ge de l&#8217;\u00c9glise \u00e0 Rome o\u00f9 il a servi comme \u00e9v\u00eaque pendant 25 ans. En tant que chef de l&#8217;\u00c9glise, il a pr\u00e9sid\u00e9 le premier Grand Concile \u00e0 J\u00e9rusalem en 49 apr\u00e8s J.-C. [Actes 15]. Jean 1:41-2; Matthieu 4:18; Marc 1:16; Luc 5; Matthieu 10:1-4; Marc 3:16; Luc 6:14; Matthieu 14:29; Matthieu 16:16-22; 17:1-4; Jean 6: 68; 13:37; Luc 22:31-4; 24:12,34; Jean 21:7-19; Actes 1:13-22; 2:14-40; 3:11-4:31; 5:27-32, 9:32-11:18; 12:1-19; 15:7-12; Galates 2:9; 1 &amp; 2 Pierre.<\/td><\/tr><tr><td>Martyris\u00e9 \u00e0 Rome par les autorit\u00e9s romaines comme proph\u00e9tis\u00e9 par J\u00e9sus dans Jean 21:18-19. Pierre a \u00e9t\u00e9 crucifi\u00e9, \u00e0 sa demande, la t\u00eate en bas vers 64? 67 apr. J.-C.<\/td><\/tr><tr><td><strong>Jacques fils de Z\u00e9b\u00e9d\u00e9e<\/strong><\/td><\/tr><tr><td>P\u00eacheur ; associ\u00e9 de Simon-Pierre ; fr\u00e8re de Jean et fils de Z\u00e9b\u00e9d\u00e9e et de Salom\u00e9. Sa m\u00e8re a suivi J\u00e9sus et a aid\u00e9 \u00e0 soutenir le minist\u00e8re de J\u00e9sus. J\u00e9sus a appel\u00e9 les fr\u00e8res Z\u00e9b\u00e9d\u00e9e les \u00ab Fils du Tonnerre \u00bb. Jacques a pr\u00each\u00e9 l&#8217;\u00c9vangile en Sardaigne et en Espagne. Il est le saint patron de l&#8217;Espagne. Matthieu 4:21 ; 10:2 ; 10:2 ; Marc 1:19, 29 ; 10:41 ; 14:33 ; Luc 9:28, 54 ; Actes 1:13 ; 12:2<\/td><\/tr><tr><td>Premier ap\u00f4tre \u00e0 \u00eatre martyris\u00e9 [Actes 12:1-2]. D\u00e9capit\u00e9 par le roi H\u00e9rode Agrippa Ier vers 42 ? 44 apr. J.-C.<\/td><\/tr><tr><td><strong>Jean fils de Z\u00e9b\u00e9d\u00e9e<\/strong><\/td><\/tr><tr><td>P\u00eacheur et associ\u00e9 de Simon-Pierre ; fr\u00e8re de Jacques ; ami proche d&#8217;Andr\u00e9. Fran\u00e7ais Les P\u00e8res de l&#8217;\u00c9glise l&#8217;identifient comme l&#8217;\u00e9crivain inspir\u00e9 par le Saint-Esprit du 4e \u00c9vangile, et comme le \u00ab disciple bien-aim\u00e9 \u00bb. Il a pr\u00each\u00e9 l&#8217;\u00c9vangile en Asie Mineure et est honor\u00e9 comme le p\u00e8re des catholiques de rite oriental ; \u00e9v\u00eaque d&#8217;\u00c9ph\u00e8se ; emprisonn\u00e9 dans la colonie p\u00e9nitentiaire de Patmos o\u00f9 il a re\u00e7u la r\u00e9v\u00e9lation finale de J\u00e9sus-Christ \u00e0 l&#8217;\u00c9glise. Jean 1, 38-39 ; Matthieu 4, 21 ; 10, 2 ; 17, 1 ; Marc 10, 35, 41 ; 13, 3 ; 14, 33 ; Luc 9, 28, 49, 54 ; 22, 8 ; Jean 1, 36 ? ; 13, 23 ; 18, 16 ? ; 19, 26 ; 20, 1-8, 12 ; 21, 7, 20-25 ; Actes 1, 13 ; 3, 1-11 ; 4, 1-23 ; 8:14-25; Galates 2:9; Apocalypse 1:1(nomm\u00e9 deux fois), 4, 9, 22:8<\/td><\/tr><tr><td>Le seul ap\u00f4tre \u00e0 mourir de vieillesse. Sa longue vie a \u00e9t\u00e9 proph\u00e9tis\u00e9e par J\u00e9sus dans Jean 21:20-23. La tradition situe sa mort vers 90-96 apr\u00e8s J.-C. Son tombeau est v\u00e9n\u00e9r\u00e9 \u00e0 \u00c9ph\u00e8se, dans la Turquie moderne.<\/td><\/tr><tr><td><strong>Andr\u00e9 Fils de Jean<\/strong><\/td><\/tr><tr><td>Fr\u00e8re de Simon-Pierre et travaillait dans le commerce de la p\u00eache avec Simon et les fr\u00e8res Z\u00e9b\u00e9d\u00e9e. Il a pr\u00each\u00e9 l&#8217;\u00c9vangile en Asie Mineure, en Arm\u00e9nie et en Scythie [sud de la Russie] ; et peut-\u00eatre en Gr\u00e8ce. Il est honor\u00e9 comme le saint patron de la Russie. Jean 1:40-44; Matthieu 4:18; 10:2; Marc 1:16, 29; 3:18; 13:3; Luc 6:14; Jean 6:8; 12:22; Actes 1:13<\/td><\/tr><tr><td>Date du martyre inconnue. Lapid\u00e9 et crucifi\u00e9 en Scythie ? sur une croix en forme de X<\/td><\/tr><tr><td><strong>Jacques fils d&#8217;Alph\u00e9e<\/strong><\/td><\/tr><tr><td>\u00c0 ne pas confondre avec Jacques le premier \u00e9v\u00eaque de J\u00e9rusalem qui n&#8217;\u00e9tait pas un ap\u00f4tre mais qui \u00e9tait l&#8217;auteur de l&#8217;\u00e9p\u00eetre de saint Jacques et parent de J\u00e9sus. Jacques fils d&#8217;Alph\u00e9e a pr\u00each\u00e9 l&#8217;\u00c9vangile en Syrie et a fond\u00e9 l&#8217;\u00c9glise syrienne. Matthieu 10:3 ; Marc 3:18 ; 15:40 ; Luc 6:15 ; Actes 1:13<\/td><\/tr><tr><td>Martyris\u00e9 par lapidation, date inconnue<\/td><\/tr><tr><td><strong>Philippe<\/strong><\/td><\/tr><tr><td>De la m\u00eame ville natale que Pierre et Andr\u00e9, Bethsa\u00efda sur la mer de Galil\u00e9e. \u00c0 ne pas confondre avec le diacre Philippe dans les Actes des Ap\u00f4tres. Cet ap\u00f4tre juif a un nom enti\u00e8rement grec qui signifie \u00ab amoureux des chevaux \u00bb.Comme Pierre, Andr\u00e9, Jacques et Jean, il fut pr\u00e9sent\u00e9 \u00e0 J\u00e9sus pour la premi\u00e8re fois \u00e0 la vue des bapt\u00eames de Jean-Baptiste [voir Jean 1:43] o\u00f9 il amena imm\u00e9diatement son ami Nathana\u00ebl \u00e0 J\u00e9sus. C&#8217;\u00e9tait un Juif de culture grecque et les Gentils qui souhaitaient approcher J\u00e9sus le recherchaient. Selon la tradition, il a pr\u00each\u00e9 l&#8217;\u00c9vangile pendant 20 ans en Scythie [sud de la Russie]. On pense \u00e9galement qu&#8217;il a pr\u00each\u00e9 en Phrygie [Turquie], en Galatie et en Gaule [France]. Il a v\u00e9cu ses derni\u00e8res ann\u00e9es \u00e0 Hi\u00e9rapolis en Asie Mineure avec ses filles, dont 2 \u00e9taient proph\u00e9tesses. Matthieu 10:3; Marc 3:18; Luc 3:1; 6:14; Jean 1:43-48; 6:5-7; 12:21-22; 14:8-9; Actes 1:13<\/td><\/tr><tr><td>Martyris\u00e9 et enterr\u00e9 dans la ville turque de Hi\u00e9rapolis selon les lettres de Papias, \u00e9v\u00eaque de Hi\u00e9rapolis au 2e si\u00e8cle<\/td><\/tr><tr><td><strong>Thomas \u00e9galement connu sous le nom de \u00ab Didymes \u00bb ou \u00ab Jumeau \u00bb<\/strong><\/td><\/tr><tr><td>Pr\u00eacha l&#8217;\u00c9vangile aux Juifs de M\u00e9sopotamie, y compris Babylone dans l&#8217;Irak moderne, en Asie Mineure ; pr\u00eacha plus tard en Parthie [ce qui \u00e9tait l&#8217;empire perse] et en Inde, atteignant Cranaganore sur la c\u00f4te de Malabar au sud-ouest de l&#8217;Inde vers 52 apr\u00e8s J.-C. Plus tard, lorsque les Juifs qui avaient fui la Jud\u00e9e apr\u00e8s la chute de J\u00e9rusalem en 70 apr\u00e8s J.-C. arriv\u00e8rent en Inde, il conduisit de nombreux Juifs dans l&#8217;\u00c9glise de la Nouvelle Alliance. Il est consid\u00e9r\u00e9 comme le P\u00e8re de l&#8217;\u00c9glise en Inde. Les chr\u00e9tiens indiens font encore des p\u00e8lerinages dans les sanctuaires qui se souviennent de Thomas. Matthieu 10:3 ; Marc 3:18 ; Luc 6:15 ; Jean 11:16 ; 14:5 ; 20:24-28 ; 21:2 ; Actes 1:13.<\/td><\/tr><tr><td>Martyris\u00e9 par l&#8217;\u00e9p\u00e9e alors qu&#8217;il priait sur l&#8217;autel de son \u00e9glise en Inde. Le lieu de s\u00e9pulture traditionnel au sommet du mont Saint-Thomas \u00e0 Madras en Inde est v\u00e9n\u00e9r\u00e9 depuis au moins 1 500 ans.<\/td><\/tr><tr><td><strong>Barth\u00e9lemy = (peut-\u00eatre) fils de Tolmai ou Talmai<\/strong><\/td><\/tr><tr><td>Les saints Barth\u00e9lemy et Thadd\u00e9e sont honor\u00e9s comme les \u00ab premiers Illuminateurs d&#8217;Arm\u00e9nie \u00bb pour avoir accompli de nombreux miracles et pour avoir sem\u00e9 les premi\u00e8res graines du christianisme en Arm\u00e9nie.Les deux saints ont \u00e9galement voyag\u00e9 et pr\u00each\u00e9 dans ce qui est aujourd&#8217;hui l&#8217;Irak et l&#8217;Iran modernes.Ils sont les saints patrons de l&#8217;Arm\u00e9nie o\u00f9 leurs sanctuaires sont encore v\u00e9n\u00e9r\u00e9s aujourd&#8217;hui. Il existe \u00e9galement des preuves qu&#8217;il a pr\u00each\u00e9 en Gr\u00e8ce et en Inde.Matthieu 10:3; Marc 3:18; Luc 6:14; Actes 1:13<\/td><\/tr><tr><td>A subi le martyre en Arm\u00e9nie en \u00e9tant \u00e9corch\u00e9 vif.<\/td><\/tr><tr><td><strong>Matthieu, \u00e9galement connu sous le nom de L\u00e9vi et fils d&#8217;Alph\u00e9e<\/strong><\/td><\/tr><tr><td>Le collecteur d&#8217;imp\u00f4ts et publicain [fonctionnaire] dont le bureau des imp\u00f4ts \u00e9tait situ\u00e9 \u00e0 Capharna\u00fcm. En tant que L\u00e9vite, il \u00e9tait le seul membre du sacerdoce minist\u00e9riel de l&#8217;Ancienne Alliance \u00e0 \u00eatre appel\u00e9 \u00e0 \u00eatre l&#8217;un des 12. Certains \u00e9rudits pensent qu&#8217;il \u00e9tait le fr\u00e8re de Jacques, fils d&#8217;Alph\u00e9e, mais les \u00c9vangiles ne font pas ce lien. Il est l&#8217;auteur inspir\u00e9 par le Saint-Esprit du premier \u00c9vangile qui porte son nom et qui a \u00e9t\u00e9 \u00e9crit pour convertir le peuple de l&#8217;Ancienne Alliance de Jud\u00e9e \u00e0 la Nouvelle Alliance. On pense qu&#8217;il a ensuite r\u00e9pandu l&#8217;\u00c9vangile en Parthie [Perse] et en \u00c9thiopie asiatique au sud de la mer Caspienne, en \u00c9gypte et en Gr\u00e8ce mac\u00e9donienne. Matthieu 9:9-10&nbsp;; 10:3&nbsp;; Marc 3:18&nbsp;; Luc 6:15&nbsp;; Actes 1:13<\/td><\/tr><tr><td>Martyris\u00e9 en \u00c9gypte ou en Perse&nbsp;? Soit par l&#8217;\u00e9p\u00e9e, soit par la lance. Il est le seul ap\u00f4tre mentionn\u00e9 dans le Talmud juif.Le Talmud babylonien [Sanh\u00e9drin 43a] relate son proc\u00e8s et son ex\u00e9cution. Sa tombe se trouverait \u00e0 Salerne, en Italie.<\/td><\/tr><tr><td><strong>Simon le Z\u00e9lote, \u00e9galement connu sous le nom de Simon le Canan\u00e9en<\/strong><\/td><\/tr><tr><td>Un r\u00e9volutionnaire contre l&#8217;Empire romain qui a plut\u00f4t contribu\u00e9 \u00e0 mener la r\u00e9volution pour changer le monde. On pense qu&#8217;il a pr\u00each\u00e9 l&#8217;\u00c9vangile \u00e0 Cyr\u00e8ne et dans d&#8217;autres r\u00e9gions d&#8217;Afrique du Nord, dont l&#8217;\u00c9gypte. Il a ensuite voyag\u00e9 jusqu&#8217;en Grande-Bretagne avant de retourner pr\u00eacher en Perse. Matthieu 10:4 ; Marc 3:18 ; Luc 6:15 ; Actes 1:13<\/td><\/tr><tr><td>Martyris\u00e9 par crucifixion soit dans la ville perse de Suanir, soit en Grande-Bretagne romaine le 10 mai 61 apr\u00e8s J.-C.<\/td><\/tr><tr><td><strong>Thadd\u00e9e (Judas, fils de Jacques)<\/strong><\/td><\/tr><tr><td>Il a d&#8217;abord pr\u00each\u00e9 en Samarie, puis en Idum\u00e9e, en Libye, en Syrie et en M\u00e9sopotamie avant de se rendre \u00e0 \u00c9desse en Asie Mineure pour pr\u00eacher l&#8217;\u00c9vangile. En compagnie de saint Barth\u00e9lemy, il a fond\u00e9 l&#8217;\u00c9glise en Arm\u00e9nie. Matthieu 10:3; Marc 3:18; Luc 6:16; Jean 14:22; Actes 1:13<\/td><\/tr><tr><td>A subi le martyre en Arm\u00e9nie<\/td><\/tr><tr><td><strong>Judas, fils de Simon Iscariote<\/strong><\/td><\/tr><tr><td>Certains \u00e9rudits pensent qu&#8217;il \u00e9tait originaire de la ville de Kerioth mentionn\u00e9e dans Josu\u00e9 15:25 et que son nom devrait \u00eatre rendu par&nbsp;ish Kerioth&nbsp;=&nbsp;\u00ab&nbsp;homme de Kerioth&nbsp;\u00bb. J\u00e9sus l&#8217;a identifi\u00e9 dans Jean 6:70 comme&nbsp;\u00ab&nbsp;un diable&nbsp;\u00bb. Il \u00e9tait le tr\u00e9sorier du groupe et \u00e9tait donc charg\u00e9 de donner l&#8217;aum\u00f4ne aux pauvres, mais il volait dans la collecte. [Jean 12:6] Matthieu 10:4; 26:14-16, 25, 47-49; 27:3-10; Marc 3:19; 14:10-11, 43-45; Luc 6:16; 22:3-6, 47, 48; Jean 12:4-6; 13:2, 21-30; 18:2, 3, 5; Actes 1:16. Simon-Pierre a t\u00e9moign\u00e9 qu&#8217;il avait \u00e9t\u00e9 pr\u00e9dit que Judas trahirait J\u00e9sus dans Actes 1:15-20. L&#8217;une des proph\u00e9ties se trouve dans le Psaume 41:9&nbsp;\u00ab M\u00eame mon ami fid\u00e8le sur lequel je comptais, qui partageait ma table, profite de moi&nbsp;[l\u00e8ve son talon contre moi] \u00bb. La traduction plus litt\u00e9rale \u00ab l\u00e8ve son talon \u00bb est un lien biblique avec la mal\u00e9diction du Serpent dans Gen\u00e8se 3:15&nbsp;\u00ab Il [elle, il] fr\u00f4lera ta t\u00eate et tu lui frapperas le talon \u00bb identifiant Judas comme une \u00ab semence du serpent \u00bb. Voir aussi Psaume 69:25; 109:8 ; Zacharie 11:12-13 ; J\u00e9r\u00e9mie 32:6-15<\/td><\/tr><tr><td>D\u00e9sesp\u00e9r\u00e9, il se pendit. La tradition chr\u00e9tienne rapporte qu&#8217;il s&#8217;est pendu au coin du mur du Temple et que lorsque la corde s&#8217;est bris\u00e9e sous son poids, il est tomb\u00e9 et son corps s&#8217;est bris\u00e9 sur les rochers en contrebas. Voir Matthieu 27:5 ; Actes 1:18-19<\/td><\/tr><\/tbody><\/table><\/figure>\n\n\n\n<p><\/p>\n","protected":false},"excerpt":{"rendered":"<p> Disciple &#8211; Les disciples sont nomm\u00e9s dans Matthieu 10:2-4; Marc 3:16-19; Luc 6:13-16; et Actes des Ap\u00f4tres 1:13.Occupation, r\u00e9alisations et quelques r\u00e9f\u00e9rences bibliques cl\u00e9sD\u00e9c\u00e8sSimon-Pierre fils de JeanP\u00eacheur. Prince des Ap\u00f4tres. Il est l&#8217;auteur inspir\u00e9 par le Saint-Esprit de 2 \u00e9p\u00eetres \u00e0 l&#8217;\u00c9glise universelle qui portent son nom. En tant que Vicaire du Christ pour [&#8230;]<\/p>\n","protected":false},"author":4,"featured_media":0,"parent":0,"menu_order":0,"comment_status":"closed","ping_status":"closed","template":"","meta":{"footnotes":""},"class_list":["post-1486","page","type-page","status-publish","hentry","odd"],"_links":{"self":[{"href":"https:\/\/www.xn--motdedieuexpliqu-qqb.com\/index.php\/wp-json\/wp\/v2\/pages\/1486","targetHints":{"allow":["GET"]}}],"collection":[{"href":"https:\/\/www.xn--motdedieuexpliqu-qqb.com\/index.php\/wp-json\/wp\/v2\/pages"}],"about":[{"href":"https:\/\/www.xn--motdedieuexpliqu-qqb.com\/index.php\/wp-json\/wp\/v2\/types\/page"}],"author":[{"embeddable":true,"href":"https:\/\/www.xn--motdedieuexpliqu-qqb.com\/index.php\/wp-json\/wp\/v2\/users\/4"}],"replies":[{"embeddable":true,"href":"https:\/\/www.xn--motdedieuexpliqu-qqb.com\/index.php\/wp-json\/wp\/v2\/comments?post=1486"}],"version-history":[{"count":1,"href":"https:\/\/www.xn--motdedieuexpliqu-qqb.com\/index.php\/wp-json\/wp\/v2\/pages\/1486\/revisions"}],"predecessor-version":[{"id":1487,"href":"https:\/\/www.xn--motdedieuexpliqu-qqb.com\/index.php\/wp-json\/wp\/v2\/pages\/1486\/revisions\/1487"}],"wp:attachment":[{"href":"https:\/\/www.xn--motdedieuexpliqu-qqb.com\/index.php\/wp-json\/wp\/v2\/media?parent=1486"}],"curies":[{"name":"wp","href":"https:\/\/api.w.org\/{rel}","templated":true}]}}