{"id":154,"date":"2019-09-25T16:13:48","date_gmt":"2019-09-25T15:13:48","guid":{"rendered":"http:\/\/www.xn--motdedieuexpliqu-qqb.com\/?page_id=154"},"modified":"2023-04-05T10:35:35","modified_gmt":"2023-04-05T09:35:35","slug":"introduction-a-la-gematrie","status":"publish","type":"page","link":"https:\/\/www.xn--motdedieuexpliqu-qqb.com\/index.php\/introduction-a-la-gematrie\/","title":{"rendered":"Gematria &#8211; Introduction"},"content":{"rendered":"\n<h1 class=\"wp-block-heading\"><\/h1>\n\n\n\n<figure class=\"wp-block-table has-medium-font-size\"><table><tbody><tr><td><\/td><\/tr><tr><td>Gematria est un code alphanum\u00e9rique qui attribue une valeur num\u00e9rique \u00e0 un nom, un mot ou une phrase en fonction de ses lettres.<\/td><\/tr><tr><td>La prononciation peut \u00eatre entendue ici:&nbsp;<a href=\"https:\/\/translate.googleusercontent.com\/translate_c?depth=1&amp;hl=en&amp;rurl=translate.google.com&amp;sl=en&amp;sp=nmt4&amp;tl=fr&amp;u=https:\/\/www.thefreedictionary.com\/gematria&amp;xid=17259,15700022,15700186,15700190,15700256,15700259,15700262,15700265&amp;usg=ALkJrhjLPHbIAukLyu_ok8l_Qg3odYu5yQ\">https:\/\/www.thefreedictionary.com\/gematria<\/a><\/td><\/tr><tr><td>La g\u00e9matrie est une langue donn\u00e9e par Dieu;&nbsp;cela fonctionne \u00e0 travers l&#8217;h\u00e9breu biblique, le grec et dans la langue anglaise moderne.<\/td><\/tr><tr><td>Pour conna\u00eetre la valeur gematriale d&#8217;un mot ou d&#8217;une phrase, rendez-vous \u00e0 l&#8217;&nbsp;<a href=\"https:\/\/translate.googleusercontent.com\/translate_c?depth=1&amp;hl=en&amp;rurl=translate.google.com&amp;sl=en&amp;sp=nmt4&amp;tl=fr&amp;u=https:\/\/www.gematrix.org\/&amp;xid=17259,15700022,15700186,15700190,15700256,15700259,15700262,15700265&amp;usg=ALkJrhhhb7OcpjeL3B9AL9gvhh-eIJl5wg\">adresse suivante<\/a>&nbsp;:&nbsp;<a href=\"https:\/\/translate.googleusercontent.com\/translate_c?depth=1&amp;hl=en&amp;rurl=translate.google.com&amp;sl=en&amp;sp=nmt4&amp;tl=fr&amp;u=https:\/\/www.gematrix.org\/&amp;xid=17259,15700022,15700186,15700190,15700256,15700259,15700262,15700265&amp;usg=ALkJrhhhb7OcpjeL3B9AL9gvhh-eIJl5wg\">https:\/\/www.gematrix.org\/<\/a><\/td><\/tr><tr><td><br><\/td><\/tr><tr><td>Sinon, vous pouvez calculer la valeur en utilisant le codage suivant:<\/td><\/tr><tr><td>Pour la g\u00e9matrie anglaise simple: A = 1, B = 2, C = 3,\u2026 .. Y = 25 et Z = 26.<\/td><\/tr><tr><td>Pour la g\u00e9matrie anglaise: A = 6, B = 12, C = 18,\u2026 .. Y = 150 et Z = 156.&nbsp;Ce ne sont que 6 fois les valeurs de Simple English Gematria.<\/td><\/tr><tr><td>Pour la Gematria juive utilisant l\u2019alphabet anglais, la num\u00e9rotation augmente en unit\u00e9s, puis en dizaines, puis en centaines.<\/td><\/tr><tr><td>Mais il y a des exceptions &#8211; J, V et W &#8211; ce sont les lettres les plus r\u00e9centes de l&#8217;alphabet anglais moderne.<\/td><\/tr><tr><td>A = 1, B = 2, C = 3, D = 4, E = 5, F = 6, G = 7, H = 8, I = 9,&nbsp;<strong>J = 600<\/strong>&nbsp;, K = 10, L = 20, M = 30, N = 40, O = 50, P = 60, Q = 70, R = 80, S = 90, T = 100, U = 200,&nbsp;<strong>V = 700<\/strong>&nbsp;,&nbsp;<strong>W = 900<\/strong>&nbsp;, X = 300, Y = 400 et Z = 500.<\/td><\/tr><tr><td>Notez que la valeur 800 est manquante.<\/td><\/tr><tr><td>Les valeurs des lettres juive, grecque et latine peuvent \u00eatre vues ici:<\/td><\/tr><tr><td><a href=\"https:\/\/translate.googleusercontent.com\/translate_c?depth=1&amp;hl=en&amp;rurl=translate.google.com&amp;sl=en&amp;sp=nmt4&amp;tl=fr&amp;u=https:\/\/menorah-bible.jimdo.com\/english\/structure-of-the-bible\/alphabets-and-numerical-values\/&amp;xid=17259,15700022,15700186,15700190,15700256,15700259,15700262,15700265&amp;usg=ALkJrhgbwY95XsdBzcvoqefebGoGGCCBbw\">https:\/\/menorah-bible.jimdo.com\/english\/structure-of-the-bible\/alphabets-and-numical-values\/<\/a><\/td><\/tr><tr><td><br><\/td><\/tr><tr><td>Apocalypse 13.18:&nbsp;<strong>Voici la sagesse.<\/strong>&nbsp;<strong>Que celui qui comprend comprenne le nombre de la b\u00eate, car c&#8217;est le nombre d&#8217;un homme;<\/strong>&nbsp;<strong>et son nombre est de six cent soixante.<\/strong><\/td><\/tr><tr><td>Dans ce verset biblique, nous sommes introduits \u00e0 la Gematria.&nbsp;La Parole de Dieu nous dit&nbsp;<strong>qu&#8217;ici, c&#8217;est la sagesse<\/strong>&nbsp;, m\u00eame si nous acqu\u00e9rons de la compr\u00e9hension, nous pouvons&nbsp;<strong>compter le nombre de la b\u00eate<\/strong>&nbsp;.&nbsp;Pour nous assurer de bien faire les choses, Dieu dit la r\u00e9ponse:&nbsp;<strong>six cent soixante [et] six,<\/strong>&nbsp;soit&nbsp;<strong>666<\/strong>&nbsp;.<\/td><\/tr><tr><td>La Bible nous parle aussi, nous parlant de nombreux autres nombres.&nbsp;Consid\u00e9rons les num\u00e9ros 4, 5, 6, 7, 8, 10, 11 et 12:<\/td><\/tr><tr><td><strong>4 Contr\u00f4le absolu de Dieu sur sa cr\u00e9ation et son monde \/ terre<\/strong>&nbsp;(directions, vents, empires)&nbsp;<strong>&#8211; V\u00e9rit\u00e9 universelle &#8211; \u0152uvres cr\u00e9atives incluant tout ce qui est terrestre &#8211; Message<\/strong>&nbsp;(entendre)<\/td><\/tr><tr><td><strong>5 Puissance &amp; Gr\u00e2ce Divine &#8211; Mis\u00e9ricorde &#8211; Bont\u00e9 divine &#8211; Pentateuque &#8211; R\u00e9demption &#8211; Faiblesse humaine<\/strong>&nbsp;(vie, enfant)&nbsp;<strong>&#8211; Foi [vivante]<\/strong><\/td><\/tr><tr><td><strong>6 Homme<\/strong>&nbsp;(conscience, chair)&nbsp;<strong>&#8211; Sa faiblesse &#8211; Manifestation du p\u00e9ch\u00e9 &#8211; Mal &#8211; Satan (et ses influences) &#8211; Quelque chose d&#8217;inachev\u00e9 ou d&#8217;imparfait<\/strong><\/td><\/tr><tr><td>6 Aussi: Manque (c&#8217;est-\u00e0-dire pas encore 7), sagesse humaine, efforts et travail (Luc 13:14).<\/td><\/tr><tr><td><strong>7 Compl\u00e9tude spirituelle \/ Perfection &#8211; Sanctification &#8211; R\u00e9surrection &#8211; Alliance &#8211; Saint-Esprit &#8211; Termin\u00e9 &#8211; Totalit\u00e9 &#8211; Sceau de Dieu &#8211; La fin (\u00e9p\u00e9e)<\/strong><\/td><\/tr><tr><td><strong>8 Nouveau commencement \/ Naissance &#8211; Nouvel ordre \/ Cr\u00e9ation &#8211; Circoncision du c\u0153ur &#8211; R\u00e9surrection &#8211; Vie \u00e9ternelle &#8211; Saint-Esprit &#8211; Nouvel homme (yeux)<\/strong><\/td><\/tr><tr><td><strong>10 T\u00e9moignage &#8211; Droit et responsabilit\u00e9 &#8211; Perfection \/ Ordonnance ordinale &#8211; Loi de Dieu &#8211; Proc\u00e8s &#8211; Test &#8211; Compte<\/strong><\/td><\/tr><tr><td><strong>11 D\u00e9sordre &#8211; Chaos &#8211; Jugement &#8211; D\u00e9sorganisation &#8211; Manque d&#8217;accomplissement &#8211; Imperfection &#8211; Incomplet<\/strong>&nbsp;<em>[Judas a \u00e9t\u00e9 remplac\u00e9 par Matthias]<\/em>&nbsp;<strong>&#8211; T\u00e9n\u00e8bres &#8211; Peur<\/strong><\/td><\/tr><tr><td><strong>12 Perfection gouvernementale &#8211; Pouvoir divin, r\u00e8gle et autorit\u00e9 &#8211; Compl\u00e9tude &#8211; Eglise de Dieu &#8211; Nouvelle J\u00e9rusalem<\/strong><\/td><\/tr><tr><td><br><\/td><\/tr><tr><td>Lorsque nous acqu\u00e9rons cette connaissance et cette sagesse, en comprenant leurs significations, alors Dieu est capable de nous parler plus compl\u00e8tement.<\/td><\/tr><tr><td>Job 12.22: Il d\u00e9couvre les profondeurs des t\u00e9n\u00e8bres et sort pour \u00e9clairer l&#8217;ombre de la mort.<\/td><\/tr><tr><td>Proverbes 1.7:&nbsp;<strong>&gt; La crainte de l&#8217;\u00c9ternel [est] le d\u00e9but de la connaissance: [mais] les imb\u00e9ciles m\u00e9prisent la sagesse et l&#8217;instruction.<\/strong><\/td><\/tr><tr><td>Proverbes 2.6:&nbsp;<strong>Car le SEIGNEUR donne la sagesse: de sa bouche [vient] la connaissance et la compr\u00e9hension.<\/strong><\/td><\/tr><tr><td>Proverbes 2.10:&nbsp;<strong>&gt; Quand la sagesse p\u00e9n\u00e8tre dans ton coeur et que la connaissance est agr\u00e9able \u00e0 ton \u00e2me;<\/strong><\/td><\/tr><tr><td>Proverbes 2.11: La&nbsp;<strong>discr\u00e9tion te pr\u00e9servera, la compr\u00e9hension te gardera:<\/strong><\/td><\/tr><tr><td>Proverbes 3.13:&gt; Heureux est l&#8217;homme qui trouve la sagesse, et l&#8217;homme qui comprend,<\/td><\/tr><tr><td>Proverbes 4.7: La&nbsp;<strong>sagesse [est] la chose principale<\/strong>&nbsp;;&nbsp;[donc] ayez de la sagesse, et avec tout ce que vous aurez compris.<\/td><\/tr><tr><td>Eccl\u00e9siaste 2.26: Car&nbsp;<strong>[Dieu] donne<\/strong>&nbsp;\u00e0 un homme&nbsp;<strong>bienfaisant<\/strong>&nbsp;\u00e0 ses yeux la&nbsp;<strong>sagesse, la connaissance et la joie<\/strong>&nbsp;; mais il donne du travail au p\u00e9cheur pour le rassembler et pour l&#8217;amasser, afin de le donner \u00e0 celui qui est] bon devant Dieu.&nbsp;Ceci aussi [est] vanit\u00e9 et vexation de l&#8217;esprit.<\/td><\/tr><tr><td>J\u00e9r\u00e9mie 33.3:&nbsp;<strong>Appelle-moi, je te r\u00e9pondrai et je te montrerai des choses grandes et puissantes que tu ne connais pas.<\/strong><\/td><\/tr><tr><td>Daniel 2.21:&nbsp;<strong>Et il change les temps et les saisons; il \u00e9limine les rois, et il instaure les rois; il donne la sagesse aux sages, et la connaissance \u00e0 ceux qui connaissent l&#8217;intelligence:<\/strong><\/td><\/tr><tr><td>Daniel 2.22:&nbsp;<strong>Il r\u00e9v\u00e8le les choses profondes et secr\u00e8tes&nbsp;: il sait ce qu&#8217;il y a dans les t\u00e9n\u00e8bres et la lumi\u00e8re habite avec lui.<\/strong><\/td><\/tr><tr><td>Luc 8.10: Et il dit: C&#8217;est&nbsp;<strong>\u00e0 toi qu&#8217;il est donn\u00e9 de conna\u00eetre les myst\u00e8res du royaume de Dieu; mais aux autres, en paraboles;<\/strong>&nbsp;<strong>que voir, ils pourraient ne pas voir et entendre qu&#8217;ils pourraient ne pas comprendre<\/strong>&nbsp;.<\/td><\/tr><tr><td>\u00c9ph\u00e9siens 1.8: O\u00f9 il a abond\u00e9 envers nous en toute sagesse et prudence;<\/td><\/tr><tr><td>Eph\u00e9siens 1.9: Apr\u00e8s nous avoir fait conna\u00eetre le myst\u00e8re de sa volont\u00e9, selon le bon plaisir qu&#8217;il s&#8217;est propos\u00e9 \u00e0 lui-m\u00eame:<\/td><\/tr><tr><td>Colossiens 1.26:&nbsp;<strong>[M\u00eame] le myst\u00e8re qui est cach\u00e9 depuis des si\u00e8cles et des g\u00e9n\u00e9rations, mais qui est maintenant r\u00e9v\u00e9l\u00e9 \u00e0 ses saints:<\/strong><\/td><\/tr><tr><td>Jacques 1.5:&nbsp;<strong>Si l&#8217;un de vous manque de sagesse, qu&#8217;il demande \u00e0 Dieu, qui donne \u00e0 tous [les hommes] g\u00e9n\u00e9reusement et ne craint pas;<\/strong>&nbsp;<strong>et il lui sera donn\u00e9.<\/strong><\/td><\/tr><tr><td>Nous voyons donc de ce qui pr\u00e9c\u00e8de qu\u2019il est correct de:<\/td><\/tr><tr><td>2 Timoth\u00e9e 2.15:&nbsp;<strong>\u00c9tudiez pour vous montrer approuv\u00e9 \u00e0 Dieu, un ouvrier qui n&#8217;a pas besoin d&#8217;avoir honte, divisant \u00e0 juste titre la parole de v\u00e9rit\u00e9.<\/strong><\/td><\/tr><tr><td><br><\/td><\/tr><tr><td>En explorant la Gu\u00e9matrie, nous d\u00e9couvrirons que sa signification est extr\u00eamement d\u00e9taill\u00e9e;&nbsp;\u00e0 tel point que nous devrons admettre que cette langue multilingue est au-del\u00e0 du hasard et des capacit\u00e9s de l&#8217;homme.&nbsp;En se renseignant sur la G\u00e9matrie, elle se r\u00e9v\u00e9lera divinement inspir\u00e9e par ce ma\u00eetre math\u00e9maticien c\u00e9leste qui m\u00eale \u00e9galement ce th\u00e8me \u00e0 la chimie et \u00e0 la physique.&nbsp;Une capacit\u00e9 v\u00e9ritablement multilingue et multi-sujet de notre Dieu cr\u00e9ateur \u00e0 l&#8217;humanit\u00e9.<\/td><\/tr><tr><td><\/td><\/tr><\/tbody><\/table><\/figure>\n","protected":false},"excerpt":{"rendered":"<p> Gematria est un code alphanum\u00e9rique qui attribue une valeur num\u00e9rique \u00e0 un nom, un mot ou une phrase en fonction de ses lettres.La prononciation peut \u00eatre entendue ici:&nbsp;https:\/\/www.thefreedictionary.com\/gematriaLa g\u00e9matrie est une langue donn\u00e9e par Dieu;&nbsp;cela fonctionne \u00e0 travers l&#8217;h\u00e9breu biblique, le grec et dans la langue anglaise moderne.Pour conna\u00eetre la valeur gematriale d&#8217;un mot [&#8230;]<\/p>\n","protected":false},"author":4,"featured_media":0,"parent":0,"menu_order":0,"comment_status":"closed","ping_status":"closed","template":"","meta":{"footnotes":""},"class_list":["post-154","page","type-page","status-publish","hentry","odd"],"_links":{"self":[{"href":"https:\/\/www.xn--motdedieuexpliqu-qqb.com\/index.php\/wp-json\/wp\/v2\/pages\/154","targetHints":{"allow":["GET"]}}],"collection":[{"href":"https:\/\/www.xn--motdedieuexpliqu-qqb.com\/index.php\/wp-json\/wp\/v2\/pages"}],"about":[{"href":"https:\/\/www.xn--motdedieuexpliqu-qqb.com\/index.php\/wp-json\/wp\/v2\/types\/page"}],"author":[{"embeddable":true,"href":"https:\/\/www.xn--motdedieuexpliqu-qqb.com\/index.php\/wp-json\/wp\/v2\/users\/4"}],"replies":[{"embeddable":true,"href":"https:\/\/www.xn--motdedieuexpliqu-qqb.com\/index.php\/wp-json\/wp\/v2\/comments?post=154"}],"version-history":[{"count":5,"href":"https:\/\/www.xn--motdedieuexpliqu-qqb.com\/index.php\/wp-json\/wp\/v2\/pages\/154\/revisions"}],"predecessor-version":[{"id":1125,"href":"https:\/\/www.xn--motdedieuexpliqu-qqb.com\/index.php\/wp-json\/wp\/v2\/pages\/154\/revisions\/1125"}],"wp:attachment":[{"href":"https:\/\/www.xn--motdedieuexpliqu-qqb.com\/index.php\/wp-json\/wp\/v2\/media?parent=154"}],"curies":[{"name":"wp","href":"https:\/\/api.w.org\/{rel}","templated":true}]}}