{"id":1550,"date":"2025-02-04T23:32:45","date_gmt":"2025-02-04T23:32:45","guid":{"rendered":"https:\/\/www.xn--motdedieuexpliqu-qqb.com\/?page_id=1550"},"modified":"2025-02-04T23:55:49","modified_gmt":"2025-02-04T23:55:49","slug":"points-cles-de-dieu-le-pere-son-fils-et-son-esprit","status":"publish","type":"page","link":"https:\/\/www.xn--motdedieuexpliqu-qqb.com\/index.php\/points-cles-de-dieu-le-pere-son-fils-et-son-esprit\/","title":{"rendered":"Points Cl\u00e9s de Dieu le P\u00e8re, Son Fils et Son Esprit"},"content":{"rendered":"\n<figure class=\"wp-block-table\"><table class=\"has-fixed-layout\"><tbody><tr><td><strong>Dieu le P\u00e8re<\/strong><\/td><\/tr><tr><td><em>&gt; . . . . . . Pas m\u00e9taphorique, sinon nous aurions une relation m\u00e9taphorique illustr\u00e9e, qui conduirait \u00e0 une relation m\u00e9taphorique avec Son Fils pour nous aussi, conduisant \u00e0 un salut m\u00e9taphorique du p\u00e9ch\u00e9, n&#8217;est-ce pas ? O\u00f9 cela s&#8217;arr\u00eaterait-il ? Aucun texte biblique n&#8217;explique une m\u00e9taphore dans ce titre de P\u00e8re ou de Fils.<\/em><\/td><\/tr><tr><td>&gt; . . . . . . Un seul Dieu, qui est le chef du Christ<\/td><\/tr><tr><td>&gt; . . . . . . . . . . . . 1 Corinthiens 11:3&nbsp;\u00ab Je veux que vous sachiez que\u2026 le chef du Christ, c&#8217;est Dieu. \u00bb<\/td><\/tr><tr><td>&gt; . . . . . . . . . . . . Plus grand (traduit par \u00ab ancien \u00bb dans Romains 9:12) que le Christ<\/td><\/tr><tr><td>&gt; . . . . . . . . . . . . Jean 10:29&nbsp;\u00ab Mon P\u00e8re, qui me les a donn\u00e9s, est plus grand que tous\u2026 \u00bb<\/td><\/tr><tr><td>&gt; . . . . . . . . . . . . Jean 14:28&nbsp;\u00ab Mon P\u00e8re est plus grand que moi. \u00bb<\/td><\/tr><tr><td>&gt; . . . . . . Appel\u00e9 le Dieu \u00ab Tr\u00e8s-Haut \u00bb<\/td><\/tr><tr><td>&gt; . . . . . . . . . . . . Gen\u00e8se 14:18&nbsp;\u00ab Melchis\u00e9dek&nbsp;[repr\u00e9sentant le Fils de Dieu, le grand pr\u00eatre], roi de Salem, apporta du pain et du vin : il \u00e9tait pr\u00eatre du Dieu Tr\u00e8s-Haut. \u00bb<\/td><\/tr><tr><td>&gt; . . . . . . . . . . . . Marc 5:7&nbsp;les d\u00e9mons \u00ab cri\u00e8rent d\u2019une voix forte, et dirent : Qu\u2019y a-t-il entre moi et toi, J\u00e9sus, Fils du Dieu Tr\u00e8s-Haut ? \u00bb<\/td><\/tr><tr><td>&gt; . . . . . . J\u00e9sus-Christ l\u2019a appel\u00e9 le \u00ab seul vrai Dieu \u00bb dans Jean 17:3.<\/td><\/tr><tr><td>&gt; . . . . . . Paul l\u2019a appel\u00e9 \u00ab un seul Dieu, le P\u00e8re \u00bb dans 1 Corinthiens 8:6.<\/td><\/tr><tr><td>&gt; . . . . . . Cr\u00e9ateur de toutes choses par son Fils<\/td><\/tr><tr><td>&gt; . . . . . . . . . . . . Malachie 2:10&nbsp;\u00ab N\u2019avons-nous pas tous un seul P\u00e8re ? Un seul Dieu ne nous a-t-il pas cr\u00e9\u00e9s ? \u00bb<\/td><\/tr><tr><td>&gt; . . . . . . . . . . . . \u00c9ph\u00e9siens 3:9&nbsp;\u00ab \u2026 Dieu, qui a cr\u00e9\u00e9 toutes choses par J\u00e9sus-Christ. \u00bb<\/td><\/tr><tr><td>&gt; . . . . . . . . . . . . H\u00e9breux 1:2&nbsp;Dieu \u00ab nous a parl\u00e9 dans ces derniers temps par son Fils, qu\u2019il a \u00e9tabli h\u00e9ritier de toutes choses, par lequel il a aussi cr\u00e9\u00e9 le monde. \u00bb<\/td><\/tr><tr><td>&gt; . . . . . . Avait un Fils unique \u00e0 envoyer&nbsp;:<\/td><\/tr><tr><td>&gt; . . . . . . . . . . . . Jean 3:16 \u00ab&nbsp;Dieu a tant aim\u00e9 le monde qu\u2019il a donn\u00e9 son Fils unique, afin que quiconque croit en lui ne p\u00e9risse point, mais qu\u2019il ait la vie \u00e9ternelle.\u00bb<\/td><\/tr><tr><td>&gt; . . . . . . Envoya son Fils et l\u2019Esprit de son Fils&nbsp;:<\/td><\/tr><tr><td>&gt; . . . . . . . . . . . . Galates 4:4 \u00ab&nbsp;Lorsque les temps ont \u00e9t\u00e9 accomplis, Dieu a envoy\u00e9 son Fils, n\u00e9 d\u2019une femme, n\u00e9 sous la loi.\u00bb<\/td><\/tr><tr><td>&gt; . . . . . . . . . . . . Galates 4:6 \u00ab Parce que vous \u00eates fils, Dieu a envoy\u00e9 dans vos c\u0153urs l\u2019Esprit de son Fils, lequel crie : Abba ! P\u00e8re. \u00bb<\/td><\/tr><tr><td>&gt; . . . . . . Renier (contredire, c\u2019est-\u00e0-dire d\u00e9savouer, rejeter&nbsp;\u2014 d\u2019apr\u00e8s Strong\u2019s Concordance) le P\u00e8re et le Fils, c\u2019est l\u2019esprit de l\u2019ant\u00e9christ.<\/td><\/tr><tr><td>&gt; . . . . . . . . . . . . 1 Jean 2:22 \u00ab&nbsp;Qui est menteur, sinon celui qui nie que J\u00e9sus est le Christ&nbsp;? Celui-l\u00e0 est l\u2019ant\u00e9christ, celui qui nie le P\u00e8re et le Fils.&nbsp;\u00bb<\/td><\/tr><tr><td><strong>Le Fils de Dieu<\/strong><\/td><\/tr><tr><td>&gt; . . . . . . La Sagesse, le Fils de Dieu, a \u00e9t\u00e9 engendr\u00e9e par le P\u00e8re avant que quoi que ce soit ne soit cr\u00e9\u00e9 :<\/td><\/tr><tr><td>&gt; . . . . . . . . . . . . Proverbes 8:22-25&nbsp;\u00ab&nbsp;L\u2019\u00c9ternel m\u2019a cr\u00e9\u00e9 d\u00e8s le commencement de son \u0153uvre, avant ses \u0153uvres les plus anciennes. 8:23&nbsp;J\u2019ai \u00e9t\u00e9 \u00e9tabli d\u00e8s l\u2019\u00e9ternit\u00e9, d\u00e8s le commencement, avant que la terre f\u00fbt. 8:24&nbsp;Quand il n\u2019y avait pas d\u2019ab\u00eemes, j\u2019\u00e9tais enfant\u00e9, quand il n\u2019y avait pas de sources abondantes et pleines d\u2019eau. 8:25&nbsp;Avant que les montagnes ne fussent stables, avant les collines, j\u2019\u00e9tais enfant\u00e9.\u00bb (voir Patriarches et proph\u00e8tes 34.1)<\/td><\/tr><tr><td>&gt; . . . . . . Appel\u00e9e sagesse par Paul (la puissance, la justice, la sanctification et la r\u00e9demption ne sont pas m\u00e9taphoriques, pourquoi la sagesse le serait-elle ?)<\/td><\/tr><tr><td>&gt; . . . . . . . . . . . . 1 Corinthiens 1:24&nbsp;\u00ab&nbsp;\u2026 Christ, puissance de Dieu et sagesse de Dieu.&nbsp;\u00bb<\/td><\/tr><tr><td>&gt; . . . . . . . . . . . . 1 Corinthiens 1:30&nbsp;\u00ab&nbsp;\u2026 J\u00e9sus-Christ, qui&nbsp;de par Dieu&nbsp;a \u00e9t\u00e9 fait pour nous sagesse, justice, sanctification et r\u00e9demption.\u00bb<\/td><\/tr><tr><td>&gt; . . . . . . L\u2019image expresse de la personne de Son P\u00e8re<\/td><\/tr><tr><td>&gt; . . . . . . . . . . . . H\u00e9breux 1:3&nbsp;\u00ab&nbsp;Il est le reflet de sa gloire et l\u2019empreinte de sa personne, et il soutient toutes choses par sa parole puissante. Il a fait la purification des p\u00e9ch\u00e9s et s\u2019est assis \u00e0 la droite de la majest\u00e9 divine dans les lieux tr\u00e8s hauts.\u00bb<\/td><\/tr><tr><td>&gt; . . . . . . Assis sur le tr\u00f4ne de Son P\u00e8re<\/td><\/tr><tr><td>&gt; . . . . . . . . . . . . Apocalypse 3:21&nbsp;\u00ab&nbsp;\u2026 moi aussi j\u2019ai vaincu, et je me suis assis avec mon P\u00e8re sur son tr\u00f4ne.\u00bb<\/td><\/tr><tr><td>&gt; . . . . . . . . . . . . Apocalypse 22:1, 3&nbsp;\u00ab&nbsp;\u2026 sur le tr\u00f4ne de Dieu et de l\u2019Agneau.\u00bb<\/td><\/tr><tr><td>&gt; . . . . . . Il a accompli tous les miracles par la puissance de Son P\u00e8re, que les Isra\u00e9lites connaissaient&nbsp;:<\/td><\/tr><tr><td>&gt; . . . . . . . . . . . . Actes 2:22&nbsp;\u00ab&nbsp;Hommes&nbsp;d\u2019Isra\u00ebl,&nbsp;\u00e9coutez&nbsp;ces paroles&nbsp;!J\u00e9sus de Nazareth, cet homme que Dieu a rendu c\u00e9l\u00e8bre parmi vous par les miracles, les prodiges et les signes qu\u2019il a op\u00e9r\u00e9s par lui au milieu de vous, comme vous le savez vous-m\u00eames. \u00bb<\/td><\/tr><tr><td>&gt; . . . . . . Il a \u00e9t\u00e9 ressuscit\u00e9 du tombeau par son P\u00e8re :<\/td><\/tr><tr><td>&gt; . . . . . . . . . . . . Actes 2:24&nbsp;\u00ab&nbsp;Que Dieu a ressuscit\u00e9\u2026&nbsp;\u00bb<\/td><\/tr><tr><td>&gt; . . . . . . . . . . . . Actes 3:15&nbsp;Ils \u00ab&nbsp;ont tu\u00e9 le Prince de la vie, que Dieu a ressuscit\u00e9 des morts&nbsp;; nous en sommes t\u00e9moins.\u00bb<\/td><\/tr><tr><td>&gt; . . . . . . . . . . . . Actes 3:26&nbsp;\u00ab&nbsp;Dieu, ayant ressuscit\u00e9 son Fils J\u00e9sus.\u00bb Etc\u2026<\/td><\/tr><tr><td>&gt; . . . . . . A un Dieu, son P\u00e8re<\/td><\/tr><tr><td>&gt; . . . . . . . . . . . . Matthieu 27:46&nbsp;\u00ab&nbsp;Mon Dieu, mon Dieu, pourquoi m\u2019as-tu abandonn\u00e9&nbsp;?&nbsp;\u00bb (\u00ab Simon, Simon \u00bb, \u00ab Marie, Marie \u00bb, \u00ab J\u00e9rusalem, J\u00e9rusalem \u00bb \u2014 chacun de ces termes fait r\u00e9f\u00e9rence \u00e0 une personne ou \u00e0 une chose, pas plus.)<\/td><\/tr><tr><td>&gt; . . . . . . . . . . . . Jean 20:17 \u00ab \u2026je monte vers mon P\u00e8re et votre P\u00e8re, vers mon Dieu et votre Dieu. \u00bb<\/td><\/tr><tr><td>&gt; . . . . . . . . . . . . Apocalypse 3:12 \u00ab \u2026le temple de mon Dieu, \u2026le nom de mon Dieu, \u2026la ville de mon Dieu, \u2026du ciel, d\u2019aupr\u00e8s de mon Dieu. \u00bb<\/td><\/tr><tr><td>&gt; . . . . . . Avait eu la gloire avec le P\u00e8re avant que le monde f\u00fbt :<\/td><\/tr><tr><td>&gt; . . . . . . . . . . . . Jean 17:5 \u00ab P\u00e8re, glorifie-moi aupr\u00e8s de toi-m\u00eame de la gloire que j\u2019avais aupr\u00e8s de toi avant que le monde f\u00fbt. \u00bb<\/td><\/tr><tr><td>&gt; . . . . . . Avait la gloire du Fils unique :<\/td><\/tr><tr><td>&gt; . . . . . . . . . . . . Jean 1:14&nbsp;\u00ab&nbsp;La Parole a \u00e9t\u00e9 faite chair, et elle a habit\u00e9 parmi nous, (et&nbsp;nous avons contempl\u00e9 sa gloire, une gloire comme la gloire du Fils unique venu du P\u00e8re)&nbsp;\u00bb<\/td><\/tr><tr><td><strong>L\u2019Esprit de Dieu<\/strong><\/td><\/tr><tr><td>R\u00e9sum\u00e9 : avant que Dieu ne soit P\u00e8re, Il avait un esprit saint (esprit, caract\u00e8re, vie). Lorsque Son Fils fut engendr\u00e9, Lui aussi avait par d\u00e9faut un esprit saint. Lorsque les anges furent cr\u00e9\u00e9s par le Fils, ils \u00e9taient \u00e9galement saints. Une autre fa\u00e7on de penser, un esprit diff\u00e9rent apparut alors dans l\u2019esprit de Lucifer, un esprit qui ne voulait pas servir le P\u00e8re dans Son royaume. Apr\u00e8s que Satan fut chass\u00e9 du ciel, on nous dit : \u00ab Il y a deux esprits dans le monde, l\u2019Esprit du Christ et l\u2019esprit de l\u2019ant\u00e9christ. \u00bb RH 10 Juin 1890, par. 2<\/td><\/tr><tr><td>&gt; . . . . . . . . . . . . 1 Jean 4:4&nbsp;Vous \u00eates de Dieu, petits enfants, et vous les avez vaincus, parce que celui qui est en vous est plus grand que celui qui est dans le monde.<\/td><\/tr><tr><td>&gt; . . . . . . Pourquoi l\u2019Esprit du Christ ?<\/td><\/tr><tr><td>&gt; . . . . . . . . . . . . Jacques 1:13 \u00ab Dieu ne peut \u00eatre tent\u00e9 par le mal \u00bb, ainsi son Fils engendr\u00e9, dans \u00ab le conseil de paix\u2026 entre eux deux \u00bb (Zacharie 6:13), a choisi de devenir un homme. (L\u2019inspiration ne dit pas que c\u2019\u00e9tait le conseil entre trois.) Lorsque Christ est devenu homme, il est devenu \u00ab l\u2019unique m\u00e9diateur entre Dieu et les hommes, l\u2019homme J\u00e9sus-Christ \u00bb (1 Timoth\u00e9e 2:5).<\/td><\/tr><tr><td>&gt; . . . . . . C\u2019est Christ en vous :<\/td><\/tr><tr><td>&gt; . . . . . . . . . . . . Galates 2:20 \u00ab J\u2019ai \u00e9t\u00e9 crucifi\u00e9 avec Christ ; et si je vis, ce n\u2019est plus moi qui vis, c\u2019est Christ qui vit en moi ; et si je vis maintenant dans la chair, je vis dans la foi au Fils de Dieu, qui m\u2019a aim\u00e9 et qui s\u2019est livr\u00e9 lui-m\u00eame pour moi. \u00bb<\/td><\/tr><tr><td>&gt; . . . . . . . . . . . . Galates 4:6 \u00ab Parce que vous \u00eates fils, Dieu a envoy\u00e9 dans vos c\u0153urs l\u2019Esprit de son Fils, lequel crie : Abba ! P\u00e8re. \u00bb<\/td><\/tr><tr><td>&gt; . . . . . . . . . . . . \u00c9ph\u00e9siens 3:17&nbsp;\u00ab&nbsp;Afin que Christ habite dans vos c\u0153urs par la foi\u2026&nbsp;\u00bb<\/td><\/tr><tr><td>&gt; . . . . . . . . . . . . Colossiens 1:27&nbsp;\u00ab&nbsp;\u00c0 qui Dieu a voulu faire conna\u00eetre quelle est la glorieuse richesse de ce myst\u00e8re parmi les pa\u00efens, savoir&nbsp;: Christ en vous, l\u2019esp\u00e9rance de la gloire.\u00bb<\/td><\/tr><tr><td>&gt; . . . . . . . . . . . . Apocalypse 3:20&nbsp;\u00ab&nbsp;Voici, je me tiens \u00e0 la porte, et je frappe. Si quelqu\u2019un entend ma voix et ouvre la porte, j\u2019entrerai chez lui, je souperai avec lui, et lui avec moi.\u00bb<\/td><\/tr><tr><td>&gt; . . . . . . Le Christ ne quitte pas le ciel chaque fois que nous prions, mais \u00ab&nbsp;envoie&nbsp;\u00bb son esprit dans le monde par l\u2019interm\u00e9diaire de son minist\u00e8re ang\u00e9lique. Jacob a r\u00eav\u00e9 de Dieu le P\u00e8re debout au sommet (plus haut que) de l\u2019\u00e9chelle (dont le Christ a dit qu\u2019il le repr\u00e9sentait [en ce sens qu\u2019elle s\u2019\u00e9tend du ciel \u00e0 la terre en tant que divin et humain], dans Jean 1:51). Les anges (mot h\u00e9breu et grec signifiant \u00ab messagers \u00bb) montaient et descendaient sur cette \u00e9chelle, apportant l\u2019esprit, les pens\u00e9es, les sentiments, les instructions, les plans, les desseins et les providences de Dieu au proph\u00e8te endormi.<\/td><\/tr><tr><td>&gt; . . . . . . . . . . . . Gen\u00e8se 28:12-13 Jacob \u00ab eut un songe, et voici, il y avait une \u00e9chelle dress\u00e9e sur la terre, dont le sommet touchait au ciel. Et voici, les anges de Dieu montaient et descendaient dessus. 28:13 Et voici, l\u2019\u00c9ternel se tenait au-dessus d\u2019elle, et dit : Je suis l\u2019\u00c9ternel, le Dieu d\u2019Abraham, ton p\u00e8re, et le Dieu d\u2019Isaac. La terre sur laquelle tu es couch\u00e9, je la donnerai \u00e0 toi et \u00e0 ta post\u00e9rit\u00e9. \u00bb (Le \u00ab Dieu d\u2019Abraham \u00bb a un Fils dans Actes 3:13.)<\/td><\/tr><tr><td>&gt; . . . . . . L\u2019esprit de Dieu et son esprit sont synonymes dans sa parole. Paul a cit\u00e9 \u00c9sa\u00efe et a interchang\u00e9 esprit et intelligence :<\/td><\/tr><tr><td>&gt; . . . . . . . . . . . . \u00c9sa\u00efe 40:13&nbsp;\u00ab Qui a dirig\u00e9 l\u2019Esprit de l\u2019\u00c9ternel, ou qui, \u00e9tant son conseiller, l\u2019a instruit ? \u00bb<\/td><\/tr><tr><td>&gt; . . . . . . . . . . . . Romains 11:34&nbsp;\u00ab Car qui a connu la pens\u00e9e du Seigneur ? Ou qui a \u00e9t\u00e9 son conseiller ?<\/td><\/tr><tr><td>&gt; . . . . . . J\u00e9sus a dit que ses \u00ab paroles sont esprit et vie \u00bb.<\/td><\/tr><tr><td>&gt; . . . . . . . . . . . . Jean 6:63 \u00ab C\u2019est l\u2019esprit qui vivifie [donne vie] ; la chair ne sert de rien. Les paroles que je vous dis sont esprit et vie. \u00bb<\/td><\/tr><tr><td>&gt; . . . . . . L\u2019Esprit planant au-dessus des eaux dans la cr\u00e9ation (Gen\u00e8se 1:2) \u00e9tait la parole de Dieu, sinon nous risquons de nous retrouver avec Dieu le Saint-Esprit, que la Bible ne d\u00e9crit jamais :<\/td><\/tr><tr><td>&gt; . . . . . . . . . . . . Psaumes 33:6&nbsp;\u00ab Les cieux ont \u00e9t\u00e9 faits par la parole de l\u2019\u00c9ternel ; et toute leur arm\u00e9e par le souffle de sa bouche. \u00bb<\/td><\/tr><tr><td>&gt; . . . . . . . . . . . . Psaumes 33:9&nbsp;\u00ab&nbsp;Car il dit, et la chose arrive&nbsp;; il ordonne, et la chose s\u2019accomplit.\u00bb<\/td><\/tr><tr><td>&gt; . . . . . . . . . . . . Psaumes 29:3&nbsp;La voix de l\u2019\u00c9ternel retentit sur les eaux&nbsp;; le Dieu de gloire tonne&nbsp;; l\u2019\u00c9ternel retentit sur les grandes eaux.<\/td><\/tr><tr><td>&gt; . . . . . . L\u2019id\u00e9e que la parole de Dieu est esprit aide \u00e0 donner un sens au bapt\u00eame&nbsp;:<\/td><\/tr><tr><td>&gt; . . . . . . . . . . . . Matthieu 3:16-17&nbsp;\u00ab&nbsp;Aussit\u00f4t apr\u00e8s avoir \u00e9t\u00e9 baptis\u00e9, J\u00e9sus sortit de l\u2019eau. Et voici, les cieux s\u2019ouvrirent, et il vit l\u2019Esprit de Dieu descendre comme une colombe et venir sur lui. 3:17&nbsp;Et voici, une voix fit entendre des cieux ces paroles&nbsp;: Celui-ci est mon Fils bien-aim\u00e9, en qui j\u2019ai mis toute mon affection.&nbsp;\u00bb<\/td><\/tr><tr><td>&gt; . . . . . . . . . . . . Romains 1:21-23 \u00ab Ayant connu Dieu, ils ne l\u2019ont point glorifi\u00e9 comme Dieu, et ne lui ont point rendu gr\u00e2ces ; mais ils se sont \u00e9gar\u00e9s dans leurs raisonnements, et leur c\u0153ur sans intelligence a \u00e9t\u00e9 plong\u00e9 dans les t\u00e9n\u00e8bres. 1:22 Se vantant d\u2019\u00eatre sages, ils sont devenus fous. 1:23 Et ils ont chang\u00e9 la gloire du Dieu incorruptible en images repr\u00e9sentant l\u2019homme corruptible, des oiseaux, des quadrup\u00e8des, et des reptiles. \u00bb<\/td><\/tr><tr><td>&gt; . . . . . . Lorsque J\u00e9sus-Christ sur terre \u00e9tait dans ses moments les plus difficiles, dans le d\u00e9sert de la tentation et dans le jardin de Geths\u00e9man\u00e9, Dieu a envoy\u00e9 des anges. Il ferait la m\u00eame chose pour nous aujourd\u2019hui :<\/td><\/tr><tr><td>&gt; . . . . . . . . . . . . Matthieu 4:11 \u00ab Le diable le laissa. Et voici, des anges vinrent, et le servaient. \u00bb<\/td><\/tr><tr><td>&gt; . . . . . . . . . . . . Luc 22:43&nbsp;\u00ab&nbsp;Un ange lui apparut du ciel, pour le fortifier.\u00bb<\/td><\/tr><tr><td>&gt; . . . . . . . . . . . . Philippiens 2:5&nbsp;\u00ab&nbsp;Ayez en vous les sentiments qui \u00e9taient en J\u00e9sus-Christ.&nbsp;\u00bb<\/td><\/tr><\/tbody><\/table><\/figure>\n\n\n\n<p><\/p>\n","protected":false},"excerpt":{"rendered":"<p> Dieu le P\u00e8re&gt; . . . . . . Pas m\u00e9taphorique, sinon nous aurions une relation m\u00e9taphorique illustr\u00e9e, qui conduirait \u00e0 une relation m\u00e9taphorique avec Son Fils pour nous aussi, conduisant \u00e0 un salut m\u00e9taphorique du p\u00e9ch\u00e9, n&#8217;est-ce pas ? O\u00f9 cela s&#8217;arr\u00eaterait-il ? Aucun texte biblique n&#8217;explique une m\u00e9taphore dans ce titre de [&#8230;]<\/p>\n","protected":false},"author":4,"featured_media":0,"parent":0,"menu_order":0,"comment_status":"closed","ping_status":"closed","template":"","meta":{"footnotes":""},"class_list":["post-1550","page","type-page","status-publish","hentry","odd"],"_links":{"self":[{"href":"https:\/\/www.xn--motdedieuexpliqu-qqb.com\/index.php\/wp-json\/wp\/v2\/pages\/1550","targetHints":{"allow":["GET"]}}],"collection":[{"href":"https:\/\/www.xn--motdedieuexpliqu-qqb.com\/index.php\/wp-json\/wp\/v2\/pages"}],"about":[{"href":"https:\/\/www.xn--motdedieuexpliqu-qqb.com\/index.php\/wp-json\/wp\/v2\/types\/page"}],"author":[{"embeddable":true,"href":"https:\/\/www.xn--motdedieuexpliqu-qqb.com\/index.php\/wp-json\/wp\/v2\/users\/4"}],"replies":[{"embeddable":true,"href":"https:\/\/www.xn--motdedieuexpliqu-qqb.com\/index.php\/wp-json\/wp\/v2\/comments?post=1550"}],"version-history":[{"count":5,"href":"https:\/\/www.xn--motdedieuexpliqu-qqb.com\/index.php\/wp-json\/wp\/v2\/pages\/1550\/revisions"}],"predecessor-version":[{"id":1555,"href":"https:\/\/www.xn--motdedieuexpliqu-qqb.com\/index.php\/wp-json\/wp\/v2\/pages\/1550\/revisions\/1555"}],"wp:attachment":[{"href":"https:\/\/www.xn--motdedieuexpliqu-qqb.com\/index.php\/wp-json\/wp\/v2\/media?parent=1550"}],"curies":[{"name":"wp","href":"https:\/\/api.w.org\/{rel}","templated":true}]}}