{"id":1561,"date":"2025-02-08T18:18:49","date_gmt":"2025-02-08T18:18:49","guid":{"rendered":"https:\/\/www.xn--motdedieuexpliqu-qqb.com\/?page_id=1561"},"modified":"2025-02-08T18:18:49","modified_gmt":"2025-02-08T18:18:49","slug":"la-parole-de-dieu-et-sa-revelation","status":"publish","type":"page","link":"https:\/\/www.xn--motdedieuexpliqu-qqb.com\/index.php\/la-parole-de-dieu-et-sa-revelation\/","title":{"rendered":"La Parole de Dieu et sa R\u00e9v\u00e9lation"},"content":{"rendered":"\n<figure class=\"wp-block-table\"><table class=\"has-fixed-layout\"><tbody><tr><td><\/td><\/tr><tr><td>Deut\u00e9ronome 29:29 Les choses cach\u00e9es appartiennent \u00e0 l&#8217;\u00c9TERNEL, notre Dieu; MAIS CE QUI A \u00c9T\u00c9 R\u00c9V\u00c9L\u00c9 NOUS APPARTIENT, \u00c0 NOUS ET \u00c0 NOS ENFANTS, \u00c0 PERP\u00c9TUIT\u00c9, afin que nous mettions en pratique toutes les Paroles de cette loi.<\/td><\/tr><tr><td><\/td><\/tr><tr><td>Psaume 78:1 \u00b6 Mon peuple, pr\u00eate l&#8217;oreille \u00e0 Ma Loi, pr\u00eate l&#8217;oreille aux Paroles de Ma Bouche.<\/td><\/tr><tr><td>Psaume 78:2 J&#8217;ouvrirai Ma Bouche en paraboles, je prononcerai des PAROLES OBSCURES D&#8217;AUTREFOIS. [Matthieu 13:35]<\/td><\/tr><tr><td><\/td><\/tr><tr><td>Psaume 119:105 Ta Parole est une lampe \u00e0 mes pieds, et une lumi\u00e8re sur mon sentier.<\/td><\/tr><tr><td><\/td><\/tr><tr><td>Psaumes 149:6 Que les LOUANGES de Dieu soient dans leur bouche, et une \u00c9P\u00c9E \u00c0 DEUX TRANCHANTS DANS LEUR MAIN.<\/td><\/tr><tr><td><\/td><\/tr><tr><td>Proverbes 2:1 Mon fils, si tu re\u00e7ois Mes Paroles, et si tu caches aupr\u00e8s de toi Mes Pr\u00e9ceptes,<\/td><\/tr><tr><td>Proverbes 2:2 Si tu pr\u00eates l&#8217;oreille \u00e0 la sagesse, et si tu appliques ton c\u0153ur \u00e0 l&#8217;intelligence,<\/td><\/tr><tr><td>Proverbes 2:3 Si tu implores la connaissance, et si tu \u00e9l\u00e8ves la voix vers l&#8217;intelligence,<\/td><\/tr><tr><td>Proverbes 2:4 Si tu la cherches comme l&#8217;argent, et si tu la poursuis comme un tr\u00e9sor,<\/td><\/tr><tr><td>Proverbes 2:5 Alors tu comprendras la CRAINTE de l&#8217;\u00c9TERNEL, et tu trouveras la CONNAISSANCE de Dieu.<\/td><\/tr><tr><td>Proverbes 2:6 Car l&#8217;\u00c9TERNEL donne la SAGESSE, et de Sa Bouche sortent la CONNAISSANCE et l&#8217;INTELLIGENCE.<\/td><\/tr><tr><td>Proverbes 2:7 Il r\u00e9serve aux justes une SAGESSE SOLIDE, et un bouclier pour ceux qui marchent dans l&#8217;int\u00e9grit\u00e9.<\/td><\/tr><tr><td>Proverbes 2:8 Il garde les sentiers de la justice, et Il PR\u00c9SERVE LA VOIE de Ses saints.<\/td><\/tr><tr><td>Proverbes 2:9 Alors tu COMPRENDRAS LA JUSTICE, LE JUGEMENT ET L&#8217;\u00c9QUIT\u00c9, ET TOUT BON CHEMIN.<\/td><\/tr><tr><td>Proverbes 2:10 Quand la SAGESSE ENTRERA dans ton c\u0153ur, et que la CONNAISSANCE PLAIRA \u00e0 ton \u00e2me,<\/td><\/tr><tr><td>Proverbes 2:11 LA DISCR\u00c9TION TE PR\u00c9SERVERA, L&#8217;INTELLIGENCE TE GARDERA.<\/td><\/tr><tr><td>Proverbes 2:12 POUR TE D\u00c9LIVRER DE LA VOIE DU M\u00c9CHANT, DE L&#8217;HOMME qui tient des propos pervers.<\/td><\/tr><tr><td>Proverbes 2:13 Qui abandonnent les sentiers de la droiture pour marcher dans les voies des t\u00e9n\u00e8bres.<\/td><\/tr><tr><td>Proverbes 2:14 Qui se r\u00e9jouissent de faire le mal, Et qui se plaisent \u00e0 la perversit\u00e9 des m\u00e9chants.<\/td><\/tr><tr><td>Proverbes 2:15 Dont les voies sont tortueuses, Et dont les sentiers sont tortueux.<\/td><\/tr><tr><td>Proverbes 2:16 POUR TE D\u00c9LIVRER DE L&#8217;\u00c9TRANG\u00c8RE, de l&#8217;\u00e9trang\u00e8re qui flatte par ses Paroles.<\/td><\/tr><tr><td>Proverbes 2:17 Qui abandonne le guide de sa jeunesse, Et qui oublie l&#8217;alliance de son Dieu.<\/td><\/tr><tr><td>Proverbes 2:18 Car sa maison penche vers la mort, et sa voie m\u00e8ne vers les tr\u00e9pass\u00e9s.<\/td><\/tr><tr><td>Proverbes 2:19 Aucun de ceux qui vont vers elle n&#8217;en revient, et ne reprend les sentiers de la vie.<\/td><\/tr><tr><td>Proverbes 2:20 AFIN QUE TU MARCHES DANS LA VOIE DES HOMMES DE BIEN, ET QUE TU GARDES LES SENTIERS DES JUSTES.<\/td><\/tr><tr><td>Proverbes 2:21 CAR LES HOMMES DROITS HABITERONT LE PAYS, ET LES HOMMES INT\u00c8GRES Y DEMEURERONT.<\/td><\/tr><tr><td>Proverbes 2:22 Mais les m\u00e9chants seront retranch\u00e9s de la terre, et les transgresseurs en seront arrach\u00e9s.<\/td><\/tr><tr><td><\/td><\/tr><tr><td>Proverbes 30:5 Toute PAROLE de DIEU est PURE. Il est un bouclier pour ceux qui se confient en lui.<\/td><\/tr><tr><td>Proverbes 30:6 N&#8217;AJOUTE RIEN \u00c0 SES PAROLES, de peur qu&#8217;il ne te reprenne et que tu ne sois trouv\u00e9 menteur.<\/td><\/tr><tr><td><\/td><\/tr><tr><td>\u00c9sa\u00efe 28:9 \u00c0 qui enseignera-t-il la connaissance? \u00c0 qui fera-t-il comprendre la doctrine? \u00c0 ceux qui sont sevr\u00e9s du lait, \u00e0 ceux qui sont tir\u00e9s de la mamelle.<\/td><\/tr><tr><td>\u00c9sa\u00efe 28:10 Car PR\u00c9CEPTE sur PR\u00c9CEPTE, PR\u00c9CEPTE sur PR\u00c9CEPTE; LIGNE sur LIGNE, LIGNE sur LIGNE; un PEU ICI, un PEU L\u00c0. [2 Timoth\u00e9e 2:15]<\/td><\/tr><tr><td>\u00c9sa\u00efe 28:11 Car c&#8217;est par des l\u00e8vres balbutiantes et une langue \u00e9trang\u00e8re qu&#8217;il parlera \u00e0 ce peuple.<\/td><\/tr><tr><td>Esa\u00efe 28:12 Il leur dit: C&#8217;est ici le repos, par lequel vous donnez du repos \u00e0 celui qui est fatigu\u00e9, et c&#8217;est ici le rafra\u00eechissement. Mais ils n&#8217;ont pas \u00e9cout\u00e9. [Romains 3:19, 1 Corinthiens 14:21]<\/td><\/tr><tr><td>Esa\u00efe 28:13 Mais la Parole de l&#8217;\u00c9TERNEL leur \u00e9tait PR\u00c9CEPTE sur PR\u00c9CEPTE, PR\u00c9CEPTE sur PR\u00c9CEPTE, LIGNE sur LIGNE, LIGNE sur LIGNE, un PEU ICI, un PEU L\u00c0, afin qu&#8217;ils puissent marcher, et tomber \u00e0 la renverse, et \u00eatre bris\u00e9s, pris au pi\u00e8ge, et pris. [2 Timoth\u00e9e 2:15]<\/td><\/tr><tr><td><\/td><\/tr><tr><td>Esa\u00efe 40:8 L&#8217;herbe s\u00e8che, la fleur tombe; mais la parole de notre Dieu SUBSISTERA \u00c9TERNELLEMENT. [Psaume 119:89-90; PMatthieu 5:18, 24:34-35; Marc 13:30-31; Luc 16:17; 1 Pierre 1:25]<\/td><\/tr><tr><td><\/td><\/tr><tr><td>\u00c9sa\u00efe 45:17 [Mais] Isra\u00ebl sera sauv\u00e9 par l&#8217;\u00c9TERNEL, d&#8217;un salut \u00c9TERNEL; vous ne serez ni honteux ni confus, dans les si\u00e8cles des si\u00e8cles.<\/td><\/tr><tr><td>\u00c9sa\u00efe 45:18 Car ainsi parle l&#8217;\u00c9TERNEL, le cr\u00e9ateur des CIEUX, le Dieu qui a form\u00e9 la terre et l&#8217;a faite, c&#8217;est lui qui l&#8217;a affermie, il ne l&#8217;a pas cr\u00e9\u00e9e en vain, il l&#8217;a form\u00e9e pour \u00eatre habit\u00e9e: Je suis l&#8217;\u00c9TERNEL, et il n&#8217;y en a point d&#8217;autre.<\/td><\/tr><tr><td>\u00c9sa\u00efe 45:19 Je n&#8217;ai pas parl\u00e9 en secret, dans les t\u00e9n\u00e8bres de la terre; je n&#8217;ai pas dit \u00e0 la post\u00e9rit\u00e9 de Jacob: Cherchez-moi en vain! Moi, l&#8217;\u00c9TERNEL, je dis la justice, je d\u00e9clare ce qui est juste.<\/td><\/tr><tr><td><\/td><\/tr><tr><td>J\u00e9r\u00e9mie 23:28 Que le proph\u00e8te qui a un songe raconte un songe, et celui qui a MA PAROLE, QU&#8217;IL DISE MA PAROLE AVEC FID\u00c9LIT\u00c9. Qu&#8217;est-ce que la paille par rapport au froment ? dit l&#8217;\u00c9TERNEL.<\/td><\/tr><tr><td>J\u00e9r\u00e9mie 23:29 MA PAROLE n&#8217;est-elle pas comme un feu, dit l&#8217;\u00c9TERNEL, comme un marteau qui brise le roc ?<\/td><\/tr><tr><td>J\u00e9r\u00e9mie 23:30 C&#8217;est pourquoi voici, j&#8217;en veux aux proph\u00e8tes, dit l&#8217;\u00c9TERNEL, qui d\u00e9robent chacun MES PAROLES \u00e0 son prochain.<\/td><\/tr><tr><td><\/td><\/tr><tr><td>Daniel 2:22 Il r\u00e9v\u00e8le les CHOSES PROFONDES et SECR\u00c8TES : il sait ce qui est dans les t\u00e9n\u00e8bres, et la Lumi\u00e8re demeure avec Lui.<\/td><\/tr><tr><td><\/td><\/tr><tr><td>Daniel 2:47 Le roi [N\u00e9bucadnetsar] r\u00e9pondit \u00e0 Daniel et dit : En v\u00e9rit\u00e9, votre Dieu est le Dieu des dieux et le Seigneur des rois, et il r\u00e9v\u00e8le les secrets, puisque tu as pu r\u00e9v\u00e9ler ce secret.<\/td><\/tr><tr><td><\/td><\/tr><tr><td>Amos 3:7 Certainement, le Seigneur DIEU ne fait rien sans avoir R\u00c9V\u00c9L\u00c9 SON SECRET \u00c0 SES SERVITEURS LES PROPH\u00c8TES. (Dieu r\u00e9v\u00e8le ses secrets aux proph\u00e8tes)<\/td><\/tr><tr><td><\/td><\/tr><tr><td>N\u00e9h\u00e9mie 8:8 Ils lurent distinctement dans le Livre de la Loi de Dieu, et ils en donn\u00e8rent le sens, et ils en firent comprendre la lecture.<\/td><\/tr><tr><td><\/td><\/tr><tr><td>Matthieu 13:34 J\u00e9sus dit \u00e0 la foule toutes ces choses en paraboles. et il ne leur parlait pas sans parabole.<\/td><\/tr><tr><td>Matthieu 13:35 afin que s&#8217;accompl\u00eet ce qui avait \u00e9t\u00e9 annonc\u00e9 par le proph\u00e8te: J&#8217;ouvrirai ma bouche en paraboles, Je dirai des choses qui ont \u00e9t\u00e9 GARD\u00c9ES SECR\u00c8TES depuis la FONDATION du MONDE. [Psaume 78:2]<\/td><\/tr><tr><td><\/td><\/tr><tr><td>Luc 4:4 J\u00e9sus lui r\u00e9pondit: IL EST \u00c9CRIT: L&#8217;homme ne vivra pas de pain seulement, mais de toute PAROLE qui sort de la bouche de DIEU. [Deut\u00e9ronome 8:3; Matthieu 4:4]<\/td><\/tr><tr><td><\/td><\/tr><tr><td>Luc 8:11 Or, voici ce que signifie cette parabole: La semence, c&#8217;est la PAROLE de DIEU.<\/td><\/tr><tr><td>Luc 8:12 Ceux qui sont le long du chemin, ce sont ceux qui entendent; puis le diable vient, et enl\u00e8ve de leur c\u0153ur la Parole, de peur qu&#8217;ils ne croient et ne soient sauv\u00e9s.<\/td><\/tr><tr><td>Luc 8:13 Ceux qui sont sur le roc, ce sont ceux qui, lorsqu&#8217;ils entendent, re\u00e7oivent la Parole avec joie; et ceux qui n&#8217;ont point de racine, sont ceux qui croient pour un moment, et qui succombent au moment de la tentation.<\/td><\/tr><tr><td>Luc 8:14 Ce qui est tomb\u00e9 parmi les \u00e9pines, ce sont ceux qui, apr\u00e8s avoir entendu la Parole, s&#8217;en vont, et laissent \u00e9touffer par les soucis, les richesses et les plaisirs de la vie, et ne portent point de fruit parfait.<\/td><\/tr><tr><td>Luc 8:15 Mais ce qui est sur la bonne terre, ce sont ceux qui, ayant entendu la Parole avec un c\u0153ur honn\u00eate et bon, la retiennent, et PORTENT DU FRUIT AVEC PERS\u00c9V\u00c9RANCE.<\/td><\/tr><tr><td>Luc 8:16 \u00b6 Personne, apr\u00e8s avoir allum\u00e9 une lampe, ne la couvre d&#8217;un vase, ou ne la met sous un lit, mais il la met sur un chandelier, afin que ceux qui entrent voient la lumi\u00e8re. [Matthieu 5:15; Marc 4:21; Luc 11:33]<\/td><\/tr><tr><td>Luc 8:17 Car il n&#8217;y a rien de cach\u00e9 qui ne doive \u00eatre d\u00e9couvert, ni de secret qui ne doive \u00eatre d\u00e9couvert. rien de cach\u00e9 qui ne doive \u00eatre connu et mis au jour.<\/td><\/tr><tr><td><\/td><\/tr><tr><td>Luc 11:28 Mais il dit: Bien plut\u00f4t heureux ceux qui \u00e9coutent la PAROLE de DIEU et GARDEZ-LE.<\/td><\/tr><tr><td><\/td><\/tr><tr><td>Jean 14:26 Mais le CONSOLATEUR, le SAINT-ESPRIT, que le P\u00e8re enverra en Mon Nom, VOUS ENSEIGNERA TOUTES CHOSES, et VOUS RAPPELLERA tout ce que je vous ai dit.<\/td><\/tr><tr><td><\/td><\/tr><tr><td>Actes 4:31 \u00b6 Quand ils eurent pri\u00e9, le lieu o\u00f9 ils \u00e9taient assembl\u00e9s trembla; ils FURENT TOUS REMPLIS DU SAINT-ESPRIT, et ils annon\u00e7aient la PAROLE de DIEU avec ASSURANCE.<\/td><\/tr><tr><td><\/td><\/tr><tr><td>Actes 6:7 La PAROLE de DIEU se r\u00e9pandait de plus en plus, le nombre des disciples augmentait beaucoup \u00e0 J\u00e9rusalem, et une grande multitude de sacrificateurs ob\u00e9issaient \u00e0 la foi.<\/td><\/tr><tr><td><\/td><\/tr><tr><td>Actes 12:24 \u00b6 Mais la PAROLE de DIEU croissait et se multipliait.<\/td><\/tr><tr><td><\/td><\/tr><tr><td>Actes 19:20 Ainsi la PAROLE de DIEU GRANDIT et se MULTIPLIA.<\/td><\/tr><tr><td><\/td><\/tr><tr><td>Romains 9:6 Ce n&#8217;est pas \u00e0 dire que la PAROLE de DIEU soit rest\u00e9e sans effet. Car tous CEUX QUI SONT D&#8217;ISRA\u00cbL NE SONT PAS ISRA\u00cbL.<\/td><\/tr><tr><td><\/td><\/tr><tr><td>Romains 10:16 Mais tous n&#8217;ont pas ob\u00e9i \u00e0 l&#8217;\u00c9vangile. Car \u00c9sa\u00efe dit: Seigneur, qui a cru \u00e0 ce qui nous est annonc\u00e9?<\/td><\/tr><tr><td>Romains 10:17 Ainsi donc la FOI vient de ce qu&#8217;on ENTEND, et ce qu&#8217;on entend vient de la PAROLE de DIEU.<\/td><\/tr><tr><td><\/td><\/tr><tr><td>1 Corinthiens 2:9 MAIS, COMME IL EST \u00c9CRIT, CE QUE L&#8217;\u0152IL N&#8217;A POINT VU, CE QUE L&#8217;OREILLE N&#8217;A POINT ENTENDU, ET CE QUI N&#8217;EST POINT MONT\u00c9 AU C\u0152UR DE L&#8217;HOMME, CE QUE DIEU A PR\u00c9PAR\u00c9 POUR CEUX QUI L&#8217;AIMENT. [Esa\u00efe 64:4]<\/td><\/tr><tr><td>1 Corinthiens 2:10 Mais DIEU nous les a r\u00e9v\u00e9l\u00e9s par SON ESPRIT; car l&#8217;Esprit sonde tout, m\u00eame les PROFONDEURS de DIEU.<\/td><\/tr><tr><td><\/td><\/tr><tr><td>1 Corinthiens 12:1 \u00b6 Pour ce qui est des dons spirituels, fr\u00e8res, je ne veux pas que vous soyez dans l&#8217;ignorance.<\/td><\/tr><tr><td>1 Corinthiens 12:2 Vous savez que vous \u00e9tiez des pa\u00efens, entra\u00een\u00e9s vers ces idoles muettes, selon que vous \u00e9tiez conduits.<\/td><\/tr><tr><td>1 Corinthiens 12:3 C&#8217;est pourquoi je vous fais savoir que nul, s&#8217;il parle par l&#8217;Esprit de Dieu, ne dit que J\u00e9sus est anath\u00e8me; et que nul ne peut dire que J\u00e9sus est le Seigneur, si ce n&#8217;est par le Saint-Esprit.<\/td><\/tr><tr><td>1 Corinthiens 12:4 Or, il y a diversit\u00e9 de dons, mais le m\u00eame Esprit.<\/td><\/tr><tr><td>1 Corinthiens 12:5 Et diversit\u00e9 de minist\u00e8res, mais le m\u00eame Seigneur.<\/td><\/tr><tr><td>1 Corinthiens 12:6 Il y a diversit\u00e9 d&#8217;op\u00e9rations, mais c&#8217;est le m\u00eame Dieu qui op\u00e8re tout en tous.<\/td><\/tr><tr><td>1 Corinthiens 12:7 Or, \u00e0 chacun la manifestation de l&#8217;Esprit est donn\u00e9e pour l&#8217;utilit\u00e9 commune.<\/td><\/tr><tr><td>1 Corinthiens 12:8 Car \u00e0 l&#8217;un est donn\u00e9e par l&#8217;Esprit une Parole de sagesse, \u00e0 un autre une Parole de connaissance, par le m\u00eame Esprit.<\/td><\/tr><tr><td>1 Corinthiens 12:9 A un autre, par le m\u00eame Esprit, la foi, \u00e0 un autre le don de gu\u00e9risons, par le m\u00eame Esprit.<\/td><\/tr><tr><td>1 Corinthiens 12:10 A un autre, l&#8217;op\u00e9ration des miracles, \u00e0 un autre la proph\u00e9tie, \u00e0 un autre le discernement des esprits, \u00e0 un autre les langues, \u00e0 un autre l&#8217;interpr\u00e9tation des langues.<\/td><\/tr><tr><td>1 Corinthiens 12:11 Or, un seul et m\u00eame Esprit op\u00e8re toutes ces choses, les distribuant \u00e0 chacun en particulier comme il veut.<\/td><\/tr><tr><td>1 Corinthiens 12:12 Car, comme le corps est un et a plusieurs membres, et que tous les membres du corps, malgr\u00e9 leur nombre, ne forment qu&#8217;un seul corps, ainsi en est-il de Christ.<\/td><\/tr><tr><td>1 Corinthiens 12:13 Car nous avons tous \u00e9t\u00e9 baptis\u00e9s dans un seul Esprit pour former un seul corps, soit Juifs, soit Grecs, soit esclaves, soit libres, et nous avons tous \u00e9t\u00e9 abreuv\u00e9s d&#8217;un seul Esprit.<\/td><\/tr><tr><td><\/td><\/tr><tr><td>\u00c9ph\u00e9siens 6:10 Au reste, fortifiez-vous dans le Seigneur et par sa force toute-puissante.<\/td><\/tr><tr><td>\u00c9ph\u00e9siens 6:11 Rev\u00eatez-vous de toutes les armes de Dieu, afin de pouvoir tenir ferme contre les ruses du diable.<\/td><\/tr><tr><td>\u00c9ph\u00e9siens 6:12 Car nous n&#8217;avons pas \u00e0 lutter contre la chair et le sang, mais contre les dominations, contre les autorit\u00e9s, contre les princes de ce monde de t\u00e9n\u00e8bres, contre les esprits m\u00e9chants dans les lieux c\u00e9lestes.<\/td><\/tr><tr><td>\u00c9ph\u00e9siens 6:13 C&#8217;est pourquoi, prenez toutes les armes de Dieu, afin de pouvoir r\u00e9sister dans le mauvais jour, et tenir ferme apr\u00e8s avoir tout surmont\u00e9.<\/td><\/tr><tr><td>\u00c9ph\u00e9siens 6:14 Tenez donc ferme, ayez \u00e0 vos reins la v\u00e9rit\u00e9 pour ceinture, et rev\u00eatez la cuirasse de la justice.<\/td><\/tr><tr><td>\u00c9ph\u00e9siens 6:15 Mettez pour chaussure \u00e0 vos pieds la pr\u00e9paration de l&#8217;\u00c9vangile de paix.<\/td><\/tr><tr><td>\u00c9ph\u00e9siens 6:16 Prenez par-dessus tout le bouclier de la foi, avec lequel vous pourrez \u00e9teindre tous les traits enflamm\u00e9s du malin.<\/td><\/tr><tr><td>\u00c9ph\u00e9siens 6:17 Prenez aussi le casque du salut, et l&#8217;\u00c9P\u00c9E DE L&#8217;ESPRIT, qui est la PAROLE de DIEU.<\/td><\/tr><tr><td><\/td><\/tr><tr><td>Colossiens 1:26 [Savoir] le MYST\u00c8RE qui a \u00e9t\u00e9 CACH\u00c9 DE TOUT TEMPS ET DE TOUTES G\u00c9N\u00c9RATIONS, mais QUI EST MAINTENANT MANIFEST\u00c9 \u00e0 Ses saints.<\/td><\/tr><tr><td><\/td><\/tr><tr><td>1 Timoth\u00e9e 4:4 Car toute cr\u00e9ature de Dieu est bonne, et rien n&#8217;est \u00e0 rejeter, pourvu qu&#8217;on la prenne avec actions de gr\u00e2ces.<\/td><\/tr><tr><td>1 Timoth\u00e9e 4:5 Car elle est sanctifi\u00e9e par la PAROLE de DIEU et par la pri\u00e8re.<\/td><\/tr><tr><td>1 Timoth\u00e9e 4:6 Si tu rappelles ces choses aux fr\u00e8res, tu seras un bon ministre de J\u00e9sus-Christ, nourri des PAROLES de la FOI et de la BONNE DOCTRINE que tu as suivies.<\/td><\/tr><tr><td><\/td><\/tr><tr><td>2 Timoth\u00e9e 2:15 \u00c9TUDIE-TOI POUR TE MONTRER APPROUV\u00c9 DEVANT DIEU, un ouvrier qui n&#8217;a point \u00e0 rougir, qui dispense droitement la PAROLE de V\u00c9RIT\u00c9. [\u00c9sa\u00efe 28:9-13]<\/td><\/tr><tr><td><\/td><\/tr><tr><td>2 Timoth\u00e9e 3:15 Et depuis ton enfance tu connais les SAINTES \u00c9CRITURES, qui peuvent te rendre SAGE \u00c0 SALUT PAR LA FOI en J\u00e9sus-Christ.<\/td><\/tr><tr><td>2 Timoth\u00e9e 3:16 Toute \u00c9CRITURE est INSPIR\u00c9E de Dieu, et UTILE pour ENSEIGNER, pour CONVAINCRE, pour CORRIGER, pour INSTRUIRE dans la JUSTICE.<\/td><\/tr><tr><td>2 Timoth\u00e9e 3:17 Afin que l&#8217;homme de Dieu soit ACCOMPLI ET PARFAITEMENT \u00c9QUIP\u00c9 POUR TOUTE BONNE \u0152UVRE.<\/td><\/tr><tr><td><\/td><\/tr><tr><td>H\u00e9breux 4:12 Car la PAROLE de DIEU est vivante et efficace, PLUS TRANCHANTE QU&#8217;UNE \u00c9P\u00c9E QUELCONQUE \u00c0 DEUX TRANCHANTS, p\u00e9n\u00e9trante jusqu&#8217;\u00e0 partager \u00e2me et esprit, jointures et moelles; elle juge les sentiments et les pens\u00e9es du c\u0153ur.<\/td><\/tr><tr><td>H\u00e9breux 4:13 Et il n&#8217;y a aucune cr\u00e9ature qui ne soit manifeste devant lui; mais tout est nu et d\u00e9couvert aux yeux de celui \u00e0 qui nous devons rendre compte.<\/td><\/tr><tr><td>H\u00e9breux 4:14 Puisque nous avons un grand souverain sacrificateur qui a travers\u00e9 les CIEUX, J\u00c9SUS, le FILS DE DIEU, demeurons fermes dans la foi que nous professons.<\/td><\/tr><tr><td>H\u00e9breux 4:15 Car nous n&#8217;avons pas un souverain sacrificateur qui ne puisse compatir \u00e0 nos faiblesses; au contraire, il a \u00e9t\u00e9 tent\u00e9 comme nous en toutes choses, sans commettre de p\u00e9ch\u00e9.<\/td><\/tr><tr><td>H\u00e9breux 4:16 Approchons-nous donc avec assurance du TR\u00d4NE de la GR\u00c2CE, afin d&#8217;OBTENIR MIS\u00c9RICORDE et de trouver GR\u00c2CE pour aider EN CAS DE BESOIN.<\/td><\/tr><tr><td><\/td><\/tr><tr><td>H\u00e9breux 6:1 \u00b6 C&#8217;est pourquoi, laissant les \u00e9l\u00e9ments de la doctrine de Christ, AVAN\u00c7ONS VERS LA PERFECTION, sans poser de nouveau le fondement du repentir des \u0153uvres mortes, de la foi en Dieu,<\/td><\/tr><tr><td>H\u00e9breux 6:2 de la doctrine des bapt\u00eames, de l&#8217;imposition des mains, de la r\u00e9surrection des morts, et du jugement \u00c9TERNEL.<\/td><\/tr><tr><td>H\u00e9breux 6:3 Et c&#8217;est ce que nous ferons, si Dieu le permet.<\/td><\/tr><tr><td>H\u00e9breux 6:4 Car il est impossible que ceux qui ont \u00e9t\u00e9 une fois \u00e9clair\u00e9s, qui ont go\u00fbt\u00e9 le don c\u00e9leste, qui ont eu part au Saint-Esprit,<\/td><\/tr><tr><td>H\u00e9breux 6:5 qui ont go\u00fbt\u00e9 la bonne PAROLE de DIEU et les PUISSANCES du MONDE \u00c0 VENIR,<\/td><\/tr><tr><td>H\u00e9breux 6:6 s&#8217;ils tombent, soient encore renouvel\u00e9s et amen\u00e9s \u00e0 la repentance, puisqu&#8217;ils crucifient pour leur part le Fils de Dieu et l&#8217;exposent \u00e0 l&#8217;ignominie.<\/td><\/tr><tr><td><\/td><\/tr><tr><td>H\u00e9breux 11:3 Par la FOI, nous comprenons que LE MONDE A \u00c9T\u00c9 FORM\u00c9 PAR LA PAROLE de DIEU, de sorte que les choses visibles n&#8217;ont PAS \u00e9t\u00e9 faites de choses visibles. [L&#8217;homme est bon pour d\u00e9truire, mais Dieu est bon pour cr\u00e9er des choses \u00e0 partir du n\u00e9ant.]<\/td><\/tr><tr><td><\/td><\/tr><tr><td>1 Pierre 1:23 \u00e9tant r\u00e9g\u00e9n\u00e9r\u00e9s, non par une semence corruptible, mais par une semence incorruptible, par la Parole vivante et permanente de Dieu.<\/td><\/tr><tr><td><\/td><\/tr><tr><td>2 Pierre 3:5 Car ils veulent ignorer ceci, c&#8217;est que d\u00e8s l&#8217;Antiquit\u00e9, par la PAROLE de DIEU, les CIEUX EXIST\u00c8RENT, et la TERRE SE FORMAIT DE L&#8217;EAU ET AU MOYEN DE L&#8217;EAU. [une r\u00e9f\u00e9rence \u00e0 la cr\u00e9ation de Dieu dans Gen\u00e8se 1:9-10]<\/td><\/tr><tr><td>2 Pierre 3:6 Par quoi le MONDE D&#8217;ALORS P\u00c9RIT, SUBMERG\u00c9 PAR L&#8217;EAU. [une r\u00e9f\u00e9rence \u00e0 la destruction de Dieu par le d\u00e9luge dans Gen\u00e8se 7-9]<\/td><\/tr><tr><td>2 Pierre 3:7 Mais les CIEUX et la terre d&#8217;\u00e0 pr\u00e9sent, par la m\u00eame Parole, sont GARD\u00c9S ET R\u00c9SERV\u00c9S POUR LE FEU pour le JOUR DU JUGEMENT ET DE LA PERDITION des hommes impies.<\/td><\/tr><tr><td><\/td><\/tr><tr><td>Apocalypse 1:1 \u00b6 R\u00c9V\u00c9LATION de J\u00c9SUS-CHRIST, que DIEU lui a donn\u00e9e [\u00e0 Jean] pour montrer \u00e0 ses serviteurs les choses qui doivent arriver bient\u00f4t, et qu&#8217;il a fait conna\u00eetre, par l&#8217;envoi de son ange, \u00e0 son serviteur Jean.<\/td><\/tr><tr><td>Apocalypse 1:2 qui a rendu t\u00e9moignage de la PAROLE de DIEU et du T\u00c9MOIGNAGE de J\u00c9SUS-CHRIST, et de tout ce qu&#8217;il [Jean] a vu.<\/td><\/tr><tr><td>Apocalypse 1:3 Heureux celui qui lit et ceux qui ENTENDENT les Paroles de la Proph\u00e9tie, et qui GARDENT les choses qui y sont \u00e9crites! Car le temps est proche.<\/td><\/tr><tr><td><\/td><\/tr><tr><td>Apocalypse 1:9 Moi Jean, votre fr\u00e8re, et qui ai part avec vous \u00e0 la TRIBULATION et au royaume et \u00e0 la pers\u00e9v\u00e9rance en J\u00e9sus-Christ, j&#8217;\u00e9tais dans l&#8217;\u00eele appel\u00e9e Patmos, \u00e0 cause de la PAROLE de DIEU et du T\u00c9MOIGNAGE de J\u00c9SUS-CHRIST.<\/td><\/tr><tr><td><\/td><\/tr><tr><td>Apocalypse 1:16 Il avait dans sa main droite sept \u00e9toiles. De Sa Bouche sortait une \u00e9p\u00e9e aigu\u00eb, \u00e0 deux tranchants. Son visage \u00e9tait comme le soleil qui brille dans sa force.<\/td><\/tr><tr><td><\/td><\/tr><tr><td>Apocalypse 2:12 \u00c9cris \u00e0 l&#8217;ange de l&#8217;\u00c9glise de Pergame: Voici ce que dit CELUI QUI A L&#8217;\u00c9P\u00c9E AIGU\u00cb \u00c0 DEUX TRANCHANTS:<\/td><\/tr><tr><td><\/td><\/tr><tr><td>Apocalypse 19:13 Il \u00e9tait rev\u00eatu d&#8217;un v\u00eatement teint de sang. Son nom est la PAROLE de DIEU.<\/td><\/tr><tr><td><\/td><\/tr><tr><td>Apocalypse 20:4 Et je vis des TR\u00d4NES; et \u00e0 eux fut donn\u00e9 le pouvoir de juger. Et je vis les \u00e2mes de ceux qui avaient \u00e9t\u00e9 d\u00e9capit\u00e9s \u00e0 cause du t\u00e9moignage de J\u00e9sus et \u00e0 cause de la PAROLE de DIEU, et de ceux qui n&#8217;avaient pas ador\u00e9 la b\u00eate ni son image, et qui n&#8217;avaient pas re\u00e7u la marque sur leur front et sur leur main. Et ils REVINRENT \u00e0 la VIE, et ils R\u00c9GN\u00c8RENT avec CHRIST MILLE ANS.<\/td><\/tr><\/tbody><\/table><\/figure>\n\n\n\n<p><\/p>\n","protected":false},"excerpt":{"rendered":"<p> Deut\u00e9ronome 29:29 Les choses cach\u00e9es appartiennent \u00e0 l&#8217;\u00c9TERNEL, notre Dieu; MAIS CE QUI A \u00c9T\u00c9 R\u00c9V\u00c9L\u00c9 NOUS APPARTIENT, \u00c0 NOUS ET \u00c0 NOS ENFANTS, \u00c0 PERP\u00c9TUIT\u00c9, afin que nous mettions en pratique toutes les Paroles de cette loi.Psaume 78:1 \u00b6 Mon peuple, pr\u00eate l&#8217;oreille \u00e0 Ma Loi, pr\u00eate l&#8217;oreille aux Paroles de Ma Bouche.Psaume [&#8230;]<\/p>\n","protected":false},"author":4,"featured_media":0,"parent":0,"menu_order":0,"comment_status":"closed","ping_status":"closed","template":"","meta":{"footnotes":""},"class_list":["post-1561","page","type-page","status-publish","hentry","odd"],"_links":{"self":[{"href":"https:\/\/www.xn--motdedieuexpliqu-qqb.com\/index.php\/wp-json\/wp\/v2\/pages\/1561","targetHints":{"allow":["GET"]}}],"collection":[{"href":"https:\/\/www.xn--motdedieuexpliqu-qqb.com\/index.php\/wp-json\/wp\/v2\/pages"}],"about":[{"href":"https:\/\/www.xn--motdedieuexpliqu-qqb.com\/index.php\/wp-json\/wp\/v2\/types\/page"}],"author":[{"embeddable":true,"href":"https:\/\/www.xn--motdedieuexpliqu-qqb.com\/index.php\/wp-json\/wp\/v2\/users\/4"}],"replies":[{"embeddable":true,"href":"https:\/\/www.xn--motdedieuexpliqu-qqb.com\/index.php\/wp-json\/wp\/v2\/comments?post=1561"}],"version-history":[{"count":1,"href":"https:\/\/www.xn--motdedieuexpliqu-qqb.com\/index.php\/wp-json\/wp\/v2\/pages\/1561\/revisions"}],"predecessor-version":[{"id":1562,"href":"https:\/\/www.xn--motdedieuexpliqu-qqb.com\/index.php\/wp-json\/wp\/v2\/pages\/1561\/revisions\/1562"}],"wp:attachment":[{"href":"https:\/\/www.xn--motdedieuexpliqu-qqb.com\/index.php\/wp-json\/wp\/v2\/media?parent=1561"}],"curies":[{"name":"wp","href":"https:\/\/api.w.org\/{rel}","templated":true}]}}