{"id":1583,"date":"2025-02-16T00:27:16","date_gmt":"2025-02-16T00:27:16","guid":{"rendered":"https:\/\/www.xn--motdedieuexpliqu-qqb.com\/?page_id=1583"},"modified":"2025-02-16T00:27:16","modified_gmt":"2025-02-16T00:27:16","slug":"de-legypte-a-la-terre-promise","status":"publish","type":"page","link":"https:\/\/www.xn--motdedieuexpliqu-qqb.com\/index.php\/de-legypte-a-la-terre-promise\/","title":{"rendered":"De l&#8217;\u00c9gypte \u00e0 la Terre Promise"},"content":{"rendered":"\n<figure class=\"wp-block-table\"><table class=\"has-fixed-layout\"><tbody><tr><td colspan=\"4\"><\/td><\/tr><tr><td colspan=\"4\">NB&nbsp;: L\u00e9g\u00e8rement mis \u00e0 jour \u00e0 partir du lien fourni.<\/td><\/tr><tr><td colspan=\"4\"><\/td><\/tr><tr><td colspan=\"4\"><a href=\"https:\/\/www.julianspriggs.co.uk\/pages\/WildernessChronology#:~:text=This%20covers%20the%20two%20years,border%20of%20the%20Promised%20Land\">https:\/\/www.julianspriggs.co.uk\/pages\/WildernessChronology#:~:text=This%20covers%20the%20two%20years,border%20of%20the%20Promised%20Land<\/a>.<\/td><\/tr><tr><td colspan=\"4\"><strong>Chronologie des 40 ann\u00e9es dans le d\u00e9sert entre la sortie d&#8217;\u00c9gypte et la Terre promise<\/strong><\/td><\/tr><tr><td colspan=\"4\">Cette page donne des d\u00e9tails chronologiques sur les quarante ann\u00e9es que les Isra\u00e9lites ont pass\u00e9es dans le d\u00e9sert entre la sortie d&#8217;\u00c9gypte et l&#8217;entr\u00e9e dans la Terre promise. \u00c0 plusieurs endroits du r\u00e9cit des livres de l&#8217;Exode et des Nombres, une date exacte est donn\u00e9e, \u00e0 compter de la sortie d&#8217;\u00c9gypte. \u00c0 partir de ces dates, il est possible d&#8217;\u00e9tablir une chronologie approximative de nombreux \u00e9v\u00e9nements.<\/td><\/tr><tr><td colspan=\"4\"><strong>Tableau 1 : Exode vers la Terre promise (40 ans)<\/strong><\/td><\/tr><tr><td colspan=\"4\">Ce tableau couvre l&#8217;ensemble des quarante ann\u00e9es \u00e0 partir de la sortie d&#8217;\u00c9gypte jusqu&#8217;\u00e0 l&#8217;entr\u00e9e dans la Terre promise sous Josu\u00e9. Il y a un \u00e9cart de 38 ans apr\u00e8s la r\u00e9bellion de Kad\u00e8s-Barn\u00e9a, pendant lequel la g\u00e9n\u00e9ration d&#8217;adultes qui a quitt\u00e9 l&#8217;\u00c9gypte a \u00e9t\u00e9 remplac\u00e9e par la g\u00e9n\u00e9ration plus jeune qui a grandi dans le d\u00e9sert.<\/td><\/tr><tr><td colspan=\"4\">Les deux p\u00e9riodes du d\u00e9but et de la fin des quarante ann\u00e9es sont d\u00e9velopp\u00e9es plus en d\u00e9tail. La p\u00e9riode entre l&#8217;Exode et Kad\u00e8s Barn\u00e9a est trait\u00e9e plus en d\u00e9tail dans le tableau 2, et la p\u00e9riode entre Kad\u00e8s Barn\u00e9a et l&#8217;entr\u00e9e dans la Terre promise est trait\u00e9e plus en d\u00e9tail dans le tableau 3.<\/td><\/tr><tr><td colspan=\"4\"><strong>Tableau 2&nbsp;: De l&#8217;Exode \u00e0 la r\u00e9bellion \u00e0 Kad\u00e8s Barn\u00e9a (2 ans)<\/strong><\/td><\/tr><tr><td colspan=\"4\">Ce tableau couvre les deux ann\u00e9es qui ont suivi l&#8217;Exode d&#8217;\u00c9gypte, y compris le voyage vers le Sina\u00ef, l&#8217;ann\u00e9e pass\u00e9e sur le mont Sina\u00ef, au cours de laquelle la loi a \u00e9t\u00e9 donn\u00e9e et le tabernacle a \u00e9t\u00e9 construit, suivi du voyage du Sina\u00ef \u00e0 Kad\u00e8s Barn\u00e9a \u00e0 la fronti\u00e8re de la Terre promise.<\/td><\/tr><tr><td colspan=\"4\">Apr\u00e8s la r\u00e9bellion, Dieu a condamn\u00e9 l&#8217;ancienne g\u00e9n\u00e9ration \u00e0 mourir dans le d\u00e9sert (Nombres 14:20-24).<\/td><\/tr><tr><td colspan=\"4\"><strong>Tableau 3&nbsp;: De Kad\u00e8s \u00e0 la travers\u00e9e du Jourdain (1 an)<\/strong><\/td><\/tr><tr><td colspan=\"4\">Ce tableau couvre une ann\u00e9e et un mois \u00e0 partir du d\u00e9part de Kad\u00e8s Barn\u00e9a le premier jour du premier mois de la quaranti\u00e8me ann\u00e9e apr\u00e8s l&#8217;Exode, jusqu&#8217;\u00e0 l&#8217;entr\u00e9e dans la Terre promise sous Josu\u00e9.<\/td><\/tr><tr><td colspan=\"4\"><\/td><\/tr><tr><td colspan=\"4\">Cliquez ici avec le bouton droit de la souris pour acc\u00e9der \u00e0 une carte :<\/td><\/tr><tr><td colspan=\"4\"><a href=\"https:\/\/visualunit.me\/wp-content\/uploads\/2020\/05\/deuteronomy_map_a5.pdf\">https:\/\/visualunit.me\/wp-content\/uploads\/2020\/05\/deuteronomy_map_a5.pdf<\/a><\/td><\/tr><tr><td colspan=\"4\"><\/td><\/tr><tr><td><strong>Ann\u00e9e<\/strong><\/td><td><strong>Mois<\/strong><\/td><td colspan=\"2\"><strong>Tableau 1 : Exode vers la Terre promise (40 ans)<\/strong><\/td><\/tr><tr><td>0<\/td><td>Exode \u2192 Sina\u00ef (3 mois) (Exode 19&nbsp;:&nbsp;1)<\/td><td rowspan=\"3\"><strong>Premi\u00e8re g\u00e9n\u00e9ration (Num\u00e9ro 1)<\/strong><\/td><td rowspan=\"3\">D\u00e9tails sur le Tableau 2&nbsp;: Exode vers Kad\u00e8s-Barn\u00e9a<\/td><\/tr><tr><td>1<\/td><td>Sina\u00ef (1 an) (Nombres 10:11)<\/td><\/tr><tr><td>2<\/td><td>Sina\u00ef \u2192 Kadesh Barnea (3 mois)<\/td><\/tr><tr><td><\/td><td rowspan=\"3\">38 ans dans la nature sauvage<\/td><td rowspan=\"3\">La premi\u00e8re g\u00e9n\u00e9ration meurt dans la nature<\/td><td><\/td><\/tr><tr><td>~<\/td><td><\/td><\/tr><tr><td><\/td><td><\/td><\/tr><tr><td>40<\/td><td>Kadesh Barnea \u2192 Plaines de Moab (3 mois)<\/td><td rowspan=\"2\"><strong>Deuxi\u00e8me g\u00e9n\u00e9ration (Nombres 26)<\/strong><\/td><td rowspan=\"2\">D\u00e9tails sur le Tableau 3&nbsp;: de Kad\u00e8s Barnea \u00e0 la travers\u00e9e du Jourdain<\/td><\/tr><tr><td>41<\/td><td>Mort de Mo\u00efse, traverser le Jourdain (Josu\u00e9 3)<\/td><\/tr><tr><td><\/td><td><\/td><td><\/td><td><\/td><\/tr><tr><td><\/td><td><\/td><td><\/td><td><\/td><\/tr><tr><td><strong>Ann\u00e9e<\/strong><\/td><td><strong>Mois<\/strong><\/td><td colspan=\"2\"><strong>Tableau 2&nbsp;: De l&#8217;Exode \u00e0 la r\u00e9bellion \u00e0 Kad\u00e8s Barnea (2 ans)<\/strong><\/td><\/tr><tr><td>1<\/td><td>1<\/td><td><\/td><td><\/td><\/tr><tr><td><\/td><td><\/td><td>P\u00e2que (Exode 12) &#8211; (1\u00e8re ann\u00e9e, 1er mois, 15e jour &#8211; Nombres 33:3)<\/td><td><\/td><\/tr><tr><td><\/td><td>2<\/td><td>Travers\u00e9e de la mer Rouge (Exode 14), Mara (eaux am\u00e8res), \u00c9lim (Exode 15)<\/td><td><\/td><\/tr><tr><td><\/td><td><\/td><td>D\u00e9sert de Sin (Exode 16:1) &#8211; (1\u00e8re ann\u00e9e, 2e mois, 15e jour)<\/td><td><\/td><\/tr><tr><td><\/td><td>3<\/td><td>R\u00e9phidim (eau du rocher, Amalek) (Exode 17:1)<\/td><td><\/td><\/tr><tr><td><\/td><td><\/td><td>J\u00e9thro (Exode 18:1)<\/td><td><\/td><\/tr><tr><td><\/td><td>4<\/td><td>Arriv\u00e9e au Mont Sina\u00ef (Exode 19:1) &#8211; (1\u00e8re ann\u00e9e, 4e mois, 1er jour = troisi\u00e8me nouvelle lune apr\u00e8s la sortie d&#8217;\u00c9gypte)<\/td><td><\/td><\/tr><tr><td><\/td><td><\/td><td>Don de la Loi (Exode 20-23), Alliance avec Isra\u00ebl (Exode 24)<\/td><td><\/td><\/tr><tr><td><\/td><td>5<\/td><td rowspan=\"3\">Mo\u00efse 40 jours avec le SEIGNEUR &#8211; Instructions pour le tabernacle (Exode 24:18)<\/td><td><\/td><\/tr><tr><td><\/td><td><\/td><td><\/td><\/tr><tr><td><\/td><td>6<\/td><td><\/td><\/tr><tr><td><\/td><td><\/td><td>Veau d&#8217;or (Exode 32)<\/td><td><\/td><\/tr><tr><td><\/td><td>7<\/td><td rowspan=\"3\">Mo\u00efse 40 jours avec le SEIGNEUR &#8211; Intercession et renouvellement de l&#8217;alliance (Exode 34:28)<\/td><td><\/td><\/tr><tr><td><\/td><td><\/td><td><\/td><\/tr><tr><td><\/td><td>8<\/td><td><\/td><\/tr><tr><td><\/td><td><\/td><td><\/td><td><\/td><\/tr><tr><td><\/td><td>9<\/td><td rowspan=\"8\">Construction du tabernacle (Exode 35-39)<\/td><td><\/td><\/tr><tr><td><\/td><td><\/td><td><\/td><\/tr><tr><td><\/td><td>10<\/td><td><\/td><\/tr><tr><td><\/td><td><\/td><td><\/td><\/tr><tr><td><\/td><td>11<\/td><td><\/td><\/tr><tr><td><\/td><td><\/td><td><\/td><\/tr><tr><td><\/td><td>12<\/td><td><\/td><\/tr><tr><td><\/td><td><\/td><td><\/td><\/tr><tr><td>2<\/td><td>1<\/td><td>D\u00e9dicace du tabernacle (Exode 40:1) &#8211;&nbsp;(2e ann\u00e9e, 1er mois, 1er jour)<\/td><td><\/td><\/tr><tr><td><\/td><td><\/td><td><\/td><td><\/td><\/tr><tr><td><\/td><td>2<\/td><td>Premier recensement (Nombres 1:1) &#8211;&nbsp;(2e ann\u00e9e, 2e mois, 1er jour)<\/td><td><\/td><\/tr><tr><td><\/td><td><\/td><td>Quittez le Sina\u00ef (Nombres 10:11) &#8211;&nbsp;(2e ann\u00e9e, 2e mois, 20e jour)<\/td><td><\/td><\/tr><tr><td><\/td><td>3<\/td><td><\/td><td><\/td><\/tr><tr><td><\/td><td><\/td><td><\/td><td><\/td><\/tr><tr><td><\/td><td>4<\/td><td>Taberah (Nombres 11) (Feu, Cailles)<\/td><td><\/td><\/tr><tr><td><\/td><td><\/td><td><\/td><td><\/td><\/tr><tr><td><\/td><td>5<\/td><td><\/td><td><\/td><\/tr><tr><td><\/td><td><\/td><td><\/td><td><\/td><\/tr><tr><td><\/td><td>6<\/td><td><\/td><td><\/td><\/tr><tr><td><\/td><td><\/td><td>Hazeroth (Nombres 12) (Miriam et Aaron)<\/td><td><\/td><\/tr><tr><td><\/td><td>7<\/td><td><\/td><td><\/td><\/tr><tr><td><\/td><td><\/td><td><\/td><td><\/td><\/tr><tr><td><\/td><td>8<\/td><td><\/td><td><\/td><\/tr><tr><td><\/td><td><\/td><td><\/td><td><\/td><\/tr><tr><td><\/td><td>9<\/td><td>Kad\u00e8s (Nombres 13) (Envoi d&#8217;espions)<\/td><td><\/td><\/tr><tr><td><\/td><td><\/td><td rowspan=\"3\">40 jours d&#8217;espions dans le pays (Nombres 13:25)<\/td><td><\/td><\/tr><tr><td><\/td><td>10<\/td><td><\/td><\/tr><tr><td><\/td><td><\/td><td><\/td><\/tr><tr><td><\/td><td>11<\/td><td>R\u00e9bellion (Nombres 14)<\/td><td><\/td><\/tr><tr><td><\/td><td><\/td><td><\/td><td><\/td><\/tr><tr><td><\/td><td>12<\/td><td><\/td><td><\/td><\/tr><tr><td><\/td><td><\/td><td>La r\u00e9volte de Kor\u00e9 (Nombres 16), la verge d&#8217;Aaron (Nombres 17)<\/td><td><\/td><\/tr><tr><td><\/td><td><\/td><td><\/td><td><\/td><\/tr><tr><td><\/td><td><\/td><td><\/td><td><\/td><\/tr><tr><td><strong>Ann\u00e9e<\/strong><\/td><td><strong>Mois<\/strong><\/td><td colspan=\"2\"><strong>Tableau 3&nbsp;: De Kad\u00e8s \u00e0 la travers\u00e9e du Jourdain (1 an)<\/strong><\/td><\/tr><tr><td>40<\/td><td>1<\/td><td>Kad\u00e8s &#8211; l&#8217;eau du rocher (Nombres 20:1) &#8211;&nbsp;(40e ann\u00e9e, 1er mois, 1er jour)<\/td><td><\/td><\/tr><tr><td><\/td><td><\/td><td><\/td><td><\/td><\/tr><tr><td><\/td><td>2<\/td><td>Kad\u00e8s &#8211; Edom refuse le passage (Nombres 20:14)<\/td><td><\/td><\/tr><tr><td><\/td><td><\/td><td><\/td><td><\/td><\/tr><tr><td><\/td><td>3<\/td><td><\/td><td><\/td><\/tr><tr><td><\/td><td><\/td><td><\/td><td><\/td><\/tr><tr><td><\/td><td>4<\/td><td><\/td><td><\/td><\/tr><tr><td><\/td><td><\/td><td><\/td><td><\/td><\/tr><tr><td><\/td><td>5<\/td><td>Mont Hor &#8211; Mort d&#8217;Aaron (Nombres 20:22) &#8211; (40e ann\u00e9e, 5e mois, 1er jour &#8211; Nombres 33:38)<\/td><td><\/td><\/tr><tr><td><\/td><td><\/td><td rowspan=\"2\">Pleur sur Aaron pendant 30 jours (Nombres 20:29)<\/td><td><\/td><\/tr><tr><td><\/td><td>6<\/td><td><\/td><\/tr><tr><td><\/td><td><\/td><td>D\u00e9faite d&#8217;Arad de Canaan, voyage vers la mer Rouge (Nombres 21:1)<\/td><td><\/td><\/tr><tr><td><\/td><td>7<\/td><td>Serpents br\u00fblants (Nombres 21:4)<\/td><td><\/td><\/tr><tr><td><\/td><td><\/td><td>D\u00e9faite de Sihon des Amorites (Nombres 21:21)<\/td><td><\/td><\/tr><tr><td><\/td><td>8<\/td><td>D\u00e9faite d&#8217;Og de Basan (Nombres 21:33)<\/td><td><\/td><\/tr><tr><td><\/td><td><\/td><td>Arriv\u00e9e dans les plaines de Moab (Nombres 22:1)<\/td><td><\/td><\/tr><tr><td><\/td><td>9<\/td><td>Balaam (Nombres 23-24), p\u00e9ch\u00e9 de Peor (Nombres 25)<\/td><td><\/td><\/tr><tr><td><\/td><td><\/td><td>Deuxi\u00e8me recensement (Nombres 26), destruction des Madianites (Nombres 31)<\/td><td><\/td><\/tr><tr><td><\/td><td>10<\/td><td><\/td><td><\/td><\/tr><tr><td><\/td><td><\/td><td>2\u00bd tribus &#8211; \u00e0 l&#8217;est du Jourdain (Nombres 32)<\/td><td><\/td><\/tr><tr><td><\/td><td>11<\/td><td>Renouvellement de l&#8217;alliance (Deut\u00e9ronome), mort de Mo\u00efse sur le mont N\u00e9bo (Deut\u00e9ronome 34) &#8211; (40e ann\u00e9e, 11e mois, 1er jour &#8211; Deut\u00e9ronome 1:3)<\/td><td><\/td><\/tr><tr><td><\/td><td><\/td><td rowspan=\"2\">Ils pleur\u00e8rent Mo\u00efse pendant 30 jours (Deut\u00e9ronome 34:8)<\/td><td><\/td><\/tr><tr><td><\/td><td>12<\/td><td><\/td><\/tr><tr><td><\/td><td><\/td><td><\/td><td><\/td><\/tr><tr><td>41<\/td><td>1<\/td><td><\/td><td><\/td><\/tr><tr><td><\/td><td><\/td><td>La travers\u00e9e du Jourdain (Jos 4:19) &#8211; (41e ann\u00e9e, 1er mois, 10e jour)<\/td><td><\/td><\/tr><tr><td><\/td><td><\/td><td>Premi\u00e8re P\u00e2que (Jos 5:10) &#8211; (41e ann\u00e9e, 1er mois, 14e jour)<\/td><td><\/td><\/tr><\/tbody><\/table><\/figure>\n\n\n\n<p><\/p>\n","protected":false},"excerpt":{"rendered":"<p> NB&nbsp;: L\u00e9g\u00e8rement mis \u00e0 jour \u00e0 partir du lien fourni.https:\/\/www.julianspriggs.co.uk\/pages\/WildernessChronology#:~:text=This%20covers%20the%20two%20years,border%20of%20the%20Promised%20Land.Chronologie des 40 ann\u00e9es dans le d\u00e9sert entre la sortie d&#8217;\u00c9gypte et la Terre promiseCette page donne des d\u00e9tails chronologiques sur les quarante ann\u00e9es que les Isra\u00e9lites ont pass\u00e9es dans le d\u00e9sert entre la sortie d&#8217;\u00c9gypte et l&#8217;entr\u00e9e dans la Terre promise. \u00c0 plusieurs endroits [&#8230;]<\/p>\n","protected":false},"author":4,"featured_media":0,"parent":0,"menu_order":0,"comment_status":"closed","ping_status":"closed","template":"","meta":{"footnotes":""},"class_list":["post-1583","page","type-page","status-publish","hentry","odd"],"_links":{"self":[{"href":"https:\/\/www.xn--motdedieuexpliqu-qqb.com\/index.php\/wp-json\/wp\/v2\/pages\/1583","targetHints":{"allow":["GET"]}}],"collection":[{"href":"https:\/\/www.xn--motdedieuexpliqu-qqb.com\/index.php\/wp-json\/wp\/v2\/pages"}],"about":[{"href":"https:\/\/www.xn--motdedieuexpliqu-qqb.com\/index.php\/wp-json\/wp\/v2\/types\/page"}],"author":[{"embeddable":true,"href":"https:\/\/www.xn--motdedieuexpliqu-qqb.com\/index.php\/wp-json\/wp\/v2\/users\/4"}],"replies":[{"embeddable":true,"href":"https:\/\/www.xn--motdedieuexpliqu-qqb.com\/index.php\/wp-json\/wp\/v2\/comments?post=1583"}],"version-history":[{"count":1,"href":"https:\/\/www.xn--motdedieuexpliqu-qqb.com\/index.php\/wp-json\/wp\/v2\/pages\/1583\/revisions"}],"predecessor-version":[{"id":1584,"href":"https:\/\/www.xn--motdedieuexpliqu-qqb.com\/index.php\/wp-json\/wp\/v2\/pages\/1583\/revisions\/1584"}],"wp:attachment":[{"href":"https:\/\/www.xn--motdedieuexpliqu-qqb.com\/index.php\/wp-json\/wp\/v2\/media?parent=1583"}],"curies":[{"name":"wp","href":"https:\/\/api.w.org\/{rel}","templated":true}]}}