{"id":1803,"date":"2025-07-26T12:48:10","date_gmt":"2025-07-26T11:48:10","guid":{"rendered":"https:\/\/www.xn--motdedieuexpliqu-qqb.com\/?page_id=1803"},"modified":"2025-08-02T12:52:32","modified_gmt":"2025-08-02T11:52:32","slug":"ezechiel-2037-38-et-luc-2037-38-confirment-ils-la-seconde-venue-de-jesus","status":"publish","type":"page","link":"https:\/\/www.xn--motdedieuexpliqu-qqb.com\/index.php\/ezechiel-2037-38-et-luc-2037-38-confirment-ils-la-seconde-venue-de-jesus\/","title":{"rendered":"\u00c9z\u00e9chiel 20:37-38 et Luc 20:37-38 confirment-ils la seconde venue de J\u00e9sus\u00a0?"},"content":{"rendered":"\n<figure class=\"wp-block-table\"><table class=\"has-fixed-layout\"><tbody><tr><td>\u00c9z\u00e9chiel 20:37 Je vous ferai passer sous la verge, et je vous ferai entrer dans les liens de l\u2019alliance.<\/td><\/tr><tr><td>\u00c9z\u00e9chiel 20:38 Je purifierai du milieu de vous les rebelles et ceux qui se rebellent contre moi. Je les ferai sortir du pays o\u00f9 ils s\u00e9journent, et ils n\u2019entreront pas en terre d\u2019Isra\u00ebl. Et vous saurez que je suis l\u2019\u00c9ternel.<\/td><\/tr><tr><td><\/td><\/tr><tr><td>Serge = Sceptre = b\u00e2ton orn\u00e9 port\u00e9 par les dirigeants lors des c\u00e9r\u00e9monies, symbole de souverainet\u00e9.<\/td><\/tr><tr><td>Un sceptre est une verge ou un b\u00e2ton (orn\u00e9 d\u2019or et de pierres pr\u00e9cieuses) qu\u2019un roi tient pour indiquer qu\u2019il est le berger de son peuple. \u00ab&nbsp;Pais ton peuple avec ton sceptre&nbsp;\u00bb (Mich\u00e9e 7:14). Nous voyons J\u00e9sus, notre Roi, comme le berger, et nous-m\u00eames comme les brebis.<\/td><\/tr><tr><td>LSG 1995<\/td><\/tr><tr><td>Pais ton peuple avec ton sceptre, le troupeau de ton h\u00e9ritage, qui habite seul dans la for\u00eat, au milieu d&#8217;un champ fertile. Qu&#8217;il pa\u00eete en Basan et en Galaad, comme autrefois.<\/td><\/tr><tr><td>Bible d&#8217;\u00e9tude b\u00e9r\u00e9enne<\/td><\/tr><tr><td>Pais ton peuple avec ton b\u00e2ton, le troupeau de ton h\u00e9ritage. Il vit seul dans la for\u00eat, entour\u00e9 de p\u00e2turages. Qu&#8217;il pa\u00eete en Basan et en Galaad, comme autrefois.<\/td><\/tr><tr><td>Bible KJV<\/td><\/tr><tr><td>Mich\u00e9e 7:14 \u00b6 Pais ton peuple avec ta houlette, le troupeau de ton h\u00e9ritage, qui habite seul dans la for\u00eat, au milieu du Carmel&nbsp;; qu&#8217;il pa\u00eete en Basan et en Galaad, comme autrefois.<\/td><\/tr><tr><td>H\u00e9breux 1:8 Mais au FILS, [dit-il]&nbsp;: Ton tr\u00f4ne, \u00f4 Dieu, est \u00e9ternel&nbsp;; le sceptre de ton royaume est un sceptre de justice. [Ton tr\u00f4ne, \u00f4 Dieu&nbsp;! Dieu le P\u00e8re confirme la divinit\u00e9 de son Fils unique.] [Sceptre&nbsp;= un b\u00e2ton orn\u00e9 port\u00e9 par les dirigeants lors des c\u00e9r\u00e9monies, symbole de souverainet\u00e9.] [Question&nbsp;: Pourquoi Dieu, dans sa Parole, ferait-il une distinction entre lui-m\u00eame et son Fils si tous deux faisaient partie d\u2019un Dieu 1\/3\/3\/1, dot\u00e9 d\u2019un royaume, d\u2019un tr\u00f4ne, etc.&nbsp;?]<\/td><\/tr><tr><td>Par cons\u00e9quent, passer sous la verge implique de passer sous la domination d\u2019un Roi r\u00e9gnant.<\/td><\/tr><tr><td>\u00c0 sa seconde venue, J\u00e9sus inaugurera son r\u00e8gne et acquerra son royaume.<\/td><\/tr><tr><td><\/td><\/tr><tr><td>JE VOUS INTRODUIRAI DANS LE LIEN DE L&#8217;ALLIANCE<\/td><\/tr><tr><td>Le \u00ab lien de l&#8217;alliance \u00bb fait r\u00e9f\u00e9rence \u00e0 la nature contraignante d&#8217;une alliance, en particulier celle conclue avec Dieu, ainsi qu&#8217;aux obligations et aux b\u00e9n\u00e9dictions qui l&#8217;accompagnent. Il symbolise l&#8217;engagement et la loyaut\u00e9 n\u00e9cessaires au respect des termes de l&#8217;alliance, ainsi que la s\u00e9curit\u00e9 et la relation qu&#8217;elle procure avec le divin.<\/td><\/tr><tr><td>Dans les derniers jours, le peuple de Dieu sera uni \u00e0 Dieu et \u00e0 J\u00e9sus par la Nouvelle Alliance. Il devra le faire pour traverser les \u00e9preuves et \u00ab un temps de d\u00e9tresse tel qu&#8217;il n&#8217;y en a point eu depuis que les nations existent \u00bb \u2013 Daniel 12:1.<\/td><\/tr><tr><td>Un lien est un accord contraignant par lequel une partie (J\u00e9sus) promet d&#8217;accomplir un acte pr\u00e9cis : ramener son peuple dans la maison de son P\u00e8re.<\/td><\/tr><tr><td>Exode 31:16 C&#8217;est pourquoi les enfants d&#8217;Isra\u00ebl observeront le sabbat, pour le c\u00e9l\u00e9brer parmi leurs descendants, comme une ALLIANCE PERP\u00c9TUELLE.<\/td><\/tr><tr><td>Exode 31:17 Ce sera entre moi et les enfants d&#8217;Isra\u00ebl un signe perp\u00e9tuel&nbsp;: car en six jours l&#8217;\u00c9ternel a fait les cieux et la terre, et le septi\u00e8me jour il s&#8217;est repos\u00e9 et a retrouv\u00e9 son calme.<\/td><\/tr><tr><td>Exode 34:27 L&#8217;\u00c9ternel dit \u00e0 Mo\u00efse&nbsp;: \u00c9cris ces paroles&nbsp;; car c&#8217;est selon ces paroles que j&#8217;ai fait une alliance avec toi et avec Isra\u00ebl.<\/td><\/tr><tr><td>Exode 34:28 Mo\u00efse fut l\u00e0 avec l&#8217;\u00c9ternel quarante jours et quarante nuits&nbsp;; il ne mangea point de pain et ne but point d&#8217;eau. Et il \u00e9crivit sur les TABLES les PAROLES de l&#8217;ALLIANCE, les DIX COMMANDEMENTS. [Mo\u00efse, Troisi\u00e8me temps des QUARANTE JOURS et QUARANTE NUITS \u2013 Voir aussi Deut\u00e9ronome 9:9, 9:18 et 9:25]<\/td><\/tr><tr><td>Deut\u00e9ronome 7:9 Sache donc que l&#8217;\u00c9ternel, ton Dieu, est Dieu, le Dieu fid\u00e8le, qui garde son alliance et sa mis\u00e9ricorde jusqu&#8217;\u00e0 mille g\u00e9n\u00e9rations envers ceux qui l&#8217;aiment et qui observent ses commandements.<\/td><\/tr><tr><td><\/td><\/tr><tr><td>J&#8217;\u00c9LIMINERAI DU MILIEU DE VOUS LES REBELLES ET CEUX QUI ME S\u00c9CURENT.<\/td><\/tr><tr><td>ILS N&#8217;ENTRERONT PAS DANS LE PAYS D&#8217;ISRA\u00cbL, ET VOUS SAVEZ QUE JE SUIS L&#8217;\u00c9TERNEL.<\/td><\/tr><tr><td>REBELLES ET CEUX QUI S\u00c9CURENT&nbsp;: Tous ceux qui n&#8217;ont pas donn\u00e9 leur vie \u00e0 Dieu et \u00e0 J\u00e9sus.<\/td><\/tr><tr><td>Vous saurez que je suis le Seigneur&nbsp;: En \u00ab&nbsp;2038&nbsp;\u00bb, le peuple de Dieu sera entr\u00e9 dans la \u00ab&nbsp;Terre promise&nbsp;\u00bb et conna\u00eetra J\u00e9sus comme Seigneur.<\/td><\/tr><tr><td><\/td><\/tr><tr><td>Luc 20:37 Or, que les morts ressuscitent, Mo\u00efse lui-m\u00eame l\u2019a montr\u00e9 au buisson, lorsqu\u2019il appelle le Seigneur le Dieu d\u2019Abraham, le Dieu d\u2019Isaac et le Dieu de Jacob. [Exode 3:6-15, 4:5&nbsp;; Matthieu 22:32&nbsp;; Marc 12:26&nbsp;; Actes 7:32] [Luc, en tant que m\u00e9decin, donne le r\u00e9cit le plus d\u00e9taill\u00e9 de J\u00e9sus. J\u00e9sus r\u00e9pondait aux Sadduc\u00e9ens au sujet de la femme qui avait sept fr\u00e8res. \u00c0 la r\u00e9surrection, de qui d\u2019entre eux sera-t-elle la femme&nbsp;? Car sept l\u2019ont eue pour femme. Avec la seconde venue de J\u00e9sus en 2037, les morts en Christ ressusciteront bel et bien.]<\/td><\/tr><tr><td>Luc 20:38 Car il n&#8217;est pas un Dieu des morts, mais des vivants&nbsp;: car tous vivent pour lui.<\/td><\/tr><tr><td><\/td><\/tr><tr><td>LES MORTS RESSUSCITENT&nbsp;: Les morts en Christ ressusciteront en 2037, au retour de J\u00e9sus.<\/td><\/tr><tr><td><\/td><\/tr><tr><td>Il n&#8217;est pas un Dieu des morts, mais des vivants&nbsp;: d&#8217;ici \u00ab&nbsp;2038&nbsp;\u00bb, le peuple de Dieu saura que cela est vrai.<\/td><\/tr><tr><td><\/td><\/tr><tr><td>CAR TOUS VIVENT POUR LUI&nbsp;: encore une fois, une affirmation vraie.<\/td><\/tr><tr><td><\/td><\/tr><tr><td>Dans les versets pr\u00e9c\u00e9dents, J\u00e9sus r\u00e9pond \u00e9galement aux Sadduc\u00e9ens en confirmant que les mariages au ciel n&#8217;auront pas lieu\u00a0:<\/td><\/tr><tr><td>Luc 20:34 J\u00e9sus leur r\u00e9pondit\u00a0: Les enfants de ce si\u00e8cle se marient et sont donn\u00e9s en mariage.<\/td><\/tr><tr><td>Luc 20:35 Mais ceux qui seront jug\u00e9s dignes d&#8217;avoir part au si\u00e8cle \u00e0 venir et \u00e0 la r\u00e9surrection des morts ne se marieront ni ne seront donn\u00e9s en mariage.<\/td><\/tr><tr><td>Luc 20:36 Et ils ne peuvent plus mourir, car ils sont \u00e9gaux aux anges et sont enfants de Dieu, \u00e9tant enfants de la r\u00e9surrection.<\/td><\/tr><tr><td>Le sujet est li\u00e9 \u00e0 la vie apr\u00e8s la Seconde Venue de J\u00e9sus.<\/td><\/tr><tr><td><\/td><\/tr><tr><td><strong>Conclusion<\/strong><\/td><\/tr><tr><td>Les sceptiques pourraient arguer que les parall\u00e8les ci-dessus sont faibles et non pertinents pour justifier la seconde venue de J\u00e9sus-Christ. Cependant, il convient de garder \u00e0 l&#8217;esprit ce qui suit&nbsp;:<\/td><\/tr><tr><td>1. Ces versets, faisant partie de la Bible \u2013 la Parole de Dieu \u2013 auraient pu traiter de n&#8217;importe quel sujet biblique. Cependant, ils contiennent des expressions li\u00e9es \u00e0 la seconde venue de J\u00e9sus. Il ne s&#8217;agit pas d&#8217;une co\u00efncidence, mais d&#8217;un acte divin.<\/td><\/tr><tr><td>2. Les d\u00e9tails ci-dessus ne doivent \u00eatre consid\u00e9r\u00e9s que comme une d\u00e9couverte suppl\u00e9mentaire \u00e0 la masse de preuves d\u00e9j\u00e0 couverte par<\/td><\/tr><tr><td><a href=\"https:\/\/www.xn--motdedieuexpliqu-qqb.com\/index.php\/jesus-christ-reviendra-le-11-septembre-2037-fin-du-1er-tichri-5798-1-points-principaux\/\">https:\/\/www.xn--motdedieuexpliqu-qqb.com\/index.php\/jesus-christ-reviendra-le-11-septembre-2037-fin-du-1er-tichri-5798-1-points-principaux\/<\/a> 1 : Points Principaux<\/td><\/tr><tr><td><a href=\"https:\/\/www.xn--motdedieuexpliqu-qqb.com\/index.php\/jesus-christ-reviendra-le-10-septembre-2037-1-tishrei-5798\/\">https:\/\/www.xn--motdedieuexpliqu-qqb.com\/index.php\/jesus-christ-reviendra-le-10-septembre-2037-1-tishrei-5798\/<\/a> 2 : D\u00e9tails du Calendrier<\/td><\/tr><tr><td><a href=\"https:\/\/www.xn--motdedieuexpliqu-qqb.com\/index.php\/jesus-christ-reviendra-document-de-soutien-egalement-les-planetes-et-la-lune\/\">https:\/\/www.xn--motdedieuexpliqu-qqb.com\/index.php\/jesus-christ-reviendra-document-de-soutien-egalement-les-planetes-et-la-lune\/<\/a> 3 : Document de Soutien. \u00c9galement les Plan\u00e8tes et la Lune<\/td><\/tr><tr><td><\/td><\/tr><tr><td>Psaume 19:1 Les cieux racontent la gloire de Dieu, et le firmament manifeste l&#8217;ouvrage de ses mains. [Deuxi\u00e8me ciel \u2013 le ciel \u00e9toil\u00e9]<\/td><\/tr><tr><td>Psaume 19:2 Le jour en parle \u00e0 un autre jour, et la nuit en donne connaissance \u00e0 une autre nuit.<\/td><\/tr><tr><td>Psaume 19:3 Il n&#8217;y a ni paroles ni langage dont la voix ne soit entendue.<\/td><\/tr><tr><td>Psaume 19:4 Leurs paroles s&#8217;\u00e9tendent sur toute la terre, et leurs paroles jusqu&#8217;aux extr\u00e9mit\u00e9s du monde. Il y a dress\u00e9 un tabernacle pour le soleil,<\/td><\/tr><tr><td>Amos 3:7 Certes, le Seigneur, l&#8217;\u00c9ternel, ne fait rien sans avoir r\u00e9v\u00e9l\u00e9 son secret \u00e0 ses serviteurs les proph\u00e8tes. (Dieu r\u00e9v\u00e8le ses secrets aux proph\u00e8tes)<\/td><\/tr><\/tbody><\/table><\/figure>\n\n\n\n<p><\/p>\n","protected":false},"excerpt":{"rendered":"<p> \u00c9z\u00e9chiel 20:37 Je vous ferai passer sous la verge, et je vous ferai entrer dans les liens de l\u2019alliance.\u00c9z\u00e9chiel 20:38 Je purifierai du milieu de vous les rebelles et ceux qui se rebellent contre moi. Je les ferai sortir du pays o\u00f9 ils s\u00e9journent, et ils n\u2019entreront pas en terre d\u2019Isra\u00ebl. Et vous saurez [&#8230;]<\/p>\n","protected":false},"author":4,"featured_media":0,"parent":0,"menu_order":0,"comment_status":"closed","ping_status":"closed","template":"","meta":{"footnotes":""},"class_list":["post-1803","page","type-page","status-publish","hentry","odd"],"_links":{"self":[{"href":"https:\/\/www.xn--motdedieuexpliqu-qqb.com\/index.php\/wp-json\/wp\/v2\/pages\/1803","targetHints":{"allow":["GET"]}}],"collection":[{"href":"https:\/\/www.xn--motdedieuexpliqu-qqb.com\/index.php\/wp-json\/wp\/v2\/pages"}],"about":[{"href":"https:\/\/www.xn--motdedieuexpliqu-qqb.com\/index.php\/wp-json\/wp\/v2\/types\/page"}],"author":[{"embeddable":true,"href":"https:\/\/www.xn--motdedieuexpliqu-qqb.com\/index.php\/wp-json\/wp\/v2\/users\/4"}],"replies":[{"embeddable":true,"href":"https:\/\/www.xn--motdedieuexpliqu-qqb.com\/index.php\/wp-json\/wp\/v2\/comments?post=1803"}],"version-history":[{"count":3,"href":"https:\/\/www.xn--motdedieuexpliqu-qqb.com\/index.php\/wp-json\/wp\/v2\/pages\/1803\/revisions"}],"predecessor-version":[{"id":1809,"href":"https:\/\/www.xn--motdedieuexpliqu-qqb.com\/index.php\/wp-json\/wp\/v2\/pages\/1803\/revisions\/1809"}],"wp:attachment":[{"href":"https:\/\/www.xn--motdedieuexpliqu-qqb.com\/index.php\/wp-json\/wp\/v2\/media?parent=1803"}],"curies":[{"name":"wp","href":"https:\/\/api.w.org\/{rel}","templated":true}]}}