{"id":1825,"date":"2025-08-23T14:00:18","date_gmt":"2025-08-23T13:00:18","guid":{"rendered":"https:\/\/www.xn--motdedieuexpliqu-qqb.com\/?page_id=1825"},"modified":"2025-08-23T14:00:18","modified_gmt":"2025-08-23T13:00:18","slug":"tribulation","status":"publish","type":"page","link":"https:\/\/www.xn--motdedieuexpliqu-qqb.com\/index.php\/tribulation\/","title":{"rendered":"Tribulation"},"content":{"rendered":"\n<figure class=\"wp-block-table\"><table class=\"has-fixed-layout\"><tbody><tr><td>Matthieu 24:29 \u00b6 Aussit\u00f4t apr\u00e8s la Tribulation de ces jours-l\u00e0, le soleil s&#8217;obscurcira, la lune ne donnera plus sa lumi\u00e8re, les \u00e9toiles tomberont du ciel, et les puissances c\u00e9lestes seront \u00e9branl\u00e9es.<\/td><\/tr><tr><td>Matthieu 24:30 \u00b6 Alors le signe du Fils de l&#8217;homme para\u00eetra dans le ciel, et toutes les tribus de la terre se lamenteront, et elles verront le Fils de l&#8217;homme venant sur les nu\u00e9es du ciel avec puissance et une grande gloire.<\/td><\/tr><tr><td><\/td><\/tr><tr><td>Marc 13:24 \u00b6 Mais en ces jours-l\u00e0, APR\u00c8S cette Tribulation, le soleil s&#8217;obscurcira, la lune ne donnera plus sa lumi\u00e8re.<\/td><\/tr><tr><td>Marc 13:25 \u00b6 Les \u00e9toiles du ciel tomberont, et les puissances qui sont dans le ciel seront \u00e9branl\u00e9es.<\/td><\/tr><tr><td>Marc 13:26 \u00b6 Alors on verra le Fils de l&#8217;homme venant sur les nu\u00e9es avec une grande puissance et une grande gloire.<\/td><\/tr><tr><td><\/td><\/tr><tr><td>Dates historiques d&#8217;accomplissement&nbsp;:<\/td><\/tr><tr><td>IMM\u00c9DIATEMENT APR\u00c8S la TRIBULATION<\/td><\/tr><tr><td>1er Novembre 1755 &#8211; Tremblement de terre de Lisbonne<\/td><\/tr><tr><td>19 Mai 1780 &#8211; Soleil et Lune dans l&#8217;obscurit\u00e9<\/td><\/tr><tr><td>12\/13 Novembre 1833 &#8211; Chute des \u00e9toiles<\/td><\/tr><tr><td><\/td><\/tr><tr><td>La [Grande] Tribulation aurait donc d\u00fb prendre fin <strong>avant<\/strong> le 1er Novembre 1755. Est-ce bien le cas\u00a0?<\/td><\/tr><tr><td><\/td><\/tr><tr><td>La pers\u00e9cution de l&#8217;\u00c9glise n&#8217;a pas dur\u00e9 pendant toute la p\u00e9riode de 1260&nbsp;ans. Dieu, dans sa mis\u00e9ricorde envers son peuple, a abr\u00e9g\u00e9 la dur\u00e9e de son \u00e9preuve ardente. {1888 GC88 266.3}<\/td><\/tr><tr><td>\u00c0 la fin de la grande pers\u00e9cution papale, le Christ a d\u00e9clar\u00e9 que le soleil serait obscurci et que la lune ne donnerait plus sa lumi\u00e8re. {1898 DA 632.1}<\/td><\/tr><tr><td>La pers\u00e9cution papale a donc d\u00fb prendre fin avant le 13&nbsp;Mai 1780&nbsp;?<\/td><\/tr><tr><td><\/td><\/tr><tr><td>Remarquez \u00e9galement l&#8217;ordre des \u00e9v\u00e9nements historiques&nbsp;: le tremblement de terre de Lisbonne a secou\u00e9 la Terre&nbsp;; il s&#8217;agissait du premier des trois \u00e9v\u00e9nements.<\/td><\/tr><tr><td>Mais Matthieu 24:29-30 \/ Marc 13:24-26 d\u00e9clarent que \u00ab&nbsp;les puissances qui sont dans les cieux seront \u00e9branl\u00e9es&nbsp;\u00bb \u2013 il s\u2019agit du DERNIER des trois \u00e9v\u00e9nements.<\/td><\/tr><tr><td><\/td><\/tr><tr><td>Par cons\u00e9quent, les \u00e9v\u00e9nements de Matthieu 24:29-30 \/ Marc 13:24-26 doivent-ils encore se produire&nbsp;?<\/td><\/tr><tr><td><\/td><\/tr><tr><td>Accomplissement final\/futur&nbsp;:<\/td><\/tr><tr><td>IMM\u00c9DIATEMENT APR\u00c8S la TRIBULATION de ces jours-l\u00e0,<\/td><\/tr><tr><td>le soleil s\u2019obscurcira, la lune ne donnera plus sa lumi\u00e8re,<\/td><\/tr><tr><td>les \u00e9toiles du ciel tomberont,<\/td><\/tr><tr><td>les puissances qui sont dans les cieux seront \u00e9branl\u00e9es.<\/td><\/tr><tr><td>ALORS, on verra le Fils de l\u2019homme venant sur les nu\u00e9es avec une grande puissance et une grande gloire.<\/td><\/tr><tr><td><\/td><\/tr><tr><td>Il semble donc qu\u2019un autre \u00e9v\u00e9nement remplira ces conditions et se produira dans le m\u00eame ordre que celui prescrit par les \u00c9critures.<\/td><\/tr><tr><td><\/td><\/tr><tr><td>De nombreuses \u00e9glises la\u00efques consid\u00e8rent \u00e0 tort Daniel 9:24-26, ainsi que d\u2019autres textes, comme \u00e9tant futuristes. De cette compr\u00e9hension erron\u00e9e, ils d\u00e9duisent qu&#8217;il y aura une p\u00e9riode de sept ans de [grande] tribulation imm\u00e9diatement avant la seconde venue de J\u00e9sus.<\/td><\/tr><tr><td><\/td><\/tr><tr><td>Matthieu 24:21 Car alors, il y aura une grande tribulation, telle qu&#8217;il n&#8217;y en a point eu de pareille depuis le commencement du monde jusqu&#8217;\u00e0 pr\u00e9sent, et qu&#8217;il n&#8217;y en aura jamais.<\/td><\/tr><tr><td>Matthieu 24:22 Et si ces jours n&#8217;\u00e9taient abr\u00e9g\u00e9s, personne ne serait sauv\u00e9&nbsp;; mais, \u00e0 cause des \u00e9lus, ces jours seront abr\u00e9g\u00e9s.<\/td><\/tr><tr><td><\/td><\/tr><tr><td>Dans les documents relatifs au retour de J\u00e9sus-Christ le 11 Septembre 2037 [fin du 1er Tichri 5798], voir&nbsp;:<\/td><\/tr><tr><td><a href=\"https:\/\/www.xn--motdedieuexpliqu-qqb.com\/index.php\/jesus-christ-reviendra-le-11-septembre-2037-fin-du-1er-tichri-5798-1-points-principaux\/\">https:\/\/www.xn--motdedieuexpliqu-qqb.com\/index.php\/jesus-christ-reviendra-le-11-septembre-2037-fin-du-1er-tichri-5798-1-points-principaux\/<\/a> et autres.<\/td><\/tr><tr><td>Nous avons vu ici que&nbsp;:<\/td><\/tr><tr><td>210 jours apr\u00e8s le Vendredi 11 Septembre 2037 [date du retour de J\u00e9sus-Christ], nous obtenons le Vendredi 13 F\u00e9vrier 2037.<\/td><\/tr><tr><td>L\u2019importance de cette date de F\u00e9vrier a \u00e9t\u00e9 d\u00e9montr\u00e9e, ainsi que ce qui se passera ce jour-l\u00e0.<\/td><\/tr><tr><td>Dieu \/ J\u00e9sus utilisera cette date, le Vendredi 13 F\u00e9vrier 2037, pour r\u00e9v\u00e9ler Ses Lois \/ les Dix Commandements \u00e0 un monde corrompu et p\u00e9cheur.<\/td><\/tr><tr><td>Il a \u00e9galement \u00e9t\u00e9 not\u00e9 que 210 jours = 7 mois de 30 jours [en H\u00e9breu].<\/td><\/tr><tr><td>Il est int\u00e9ressant de noter que les 7 ann\u00e9es de tribulation attendues correspondent en r\u00e9alit\u00e9 \u00e0 7 mois.<\/td><\/tr><tr><td>Cependant, il n&#8217;y a plus de proph\u00e9ties temporelles au-del\u00e0 de 1844&nbsp;:<\/td><\/tr><tr><td>\u00ab&nbsp;L&#8217;ange que je voyais debout sur la mer et sur la terre leva sa main vers le ciel, et jura par celui qui vit aux si\u00e8cles des si\u00e8cles, qui a cr\u00e9\u00e9 le ciel et les choses qui y sont, la terre et les choses qui y sont, et la mer et les choses qui y sont, qu&#8217;il n&#8217;y aurait plus de temps.&nbsp;\u00bb (Apocalypse 10:5, 6). Ce message annonce la fin des p\u00e9riodes proph\u00e9tiques. La d\u00e9ception de ceux qui s&#8217;attendaient \u00e0 voir notre Seigneur en 1844 fut am\u00e8re pour ceux qui avaient attendu si ardemment son apparition. Il \u00e9tait dans l&#8217;ordre du Seigneur que cette d\u00e9ception survienne et que les c\u0153urs soient r\u00e9v\u00e9l\u00e9s. {1958 2SM 108.1}<\/td><\/tr><tr><td>Le Vendredi 13 F\u00e9vrier 2037, les lois du dimanche auraient \u00e9t\u00e9 mises en \u0153uvre et le peuple de Dieu, observateur du Sabbat, conna\u00eetrait de nombreuses tribulations. Mais les Lois de Dieu \/ les Dix Commandements doivent \u00eatre r\u00e9v\u00e9l\u00e9s afin que tous les Juifs sinc\u00e8res et craignant Dieu, ainsi que tous les autres, aient la possibilit\u00e9 de corriger leur vie spirituelle.<\/td><\/tr><\/tbody><\/table><\/figure>\n\n\n\n<p><\/p>\n","protected":false},"excerpt":{"rendered":"<p> Matthieu 24:29 \u00b6 Aussit\u00f4t apr\u00e8s la Tribulation de ces jours-l\u00e0, le soleil s&#8217;obscurcira, la lune ne donnera plus sa lumi\u00e8re, les \u00e9toiles tomberont du ciel, et les puissances c\u00e9lestes seront \u00e9branl\u00e9es.Matthieu 24:30 \u00b6 Alors le signe du Fils de l&#8217;homme para\u00eetra dans le ciel, et toutes les tribus de la terre se lamenteront, et [&#8230;]<\/p>\n","protected":false},"author":4,"featured_media":0,"parent":0,"menu_order":0,"comment_status":"closed","ping_status":"closed","template":"","meta":{"footnotes":""},"class_list":["post-1825","page","type-page","status-publish","hentry","odd"],"_links":{"self":[{"href":"https:\/\/www.xn--motdedieuexpliqu-qqb.com\/index.php\/wp-json\/wp\/v2\/pages\/1825","targetHints":{"allow":["GET"]}}],"collection":[{"href":"https:\/\/www.xn--motdedieuexpliqu-qqb.com\/index.php\/wp-json\/wp\/v2\/pages"}],"about":[{"href":"https:\/\/www.xn--motdedieuexpliqu-qqb.com\/index.php\/wp-json\/wp\/v2\/types\/page"}],"author":[{"embeddable":true,"href":"https:\/\/www.xn--motdedieuexpliqu-qqb.com\/index.php\/wp-json\/wp\/v2\/users\/4"}],"replies":[{"embeddable":true,"href":"https:\/\/www.xn--motdedieuexpliqu-qqb.com\/index.php\/wp-json\/wp\/v2\/comments?post=1825"}],"version-history":[{"count":1,"href":"https:\/\/www.xn--motdedieuexpliqu-qqb.com\/index.php\/wp-json\/wp\/v2\/pages\/1825\/revisions"}],"predecessor-version":[{"id":1826,"href":"https:\/\/www.xn--motdedieuexpliqu-qqb.com\/index.php\/wp-json\/wp\/v2\/pages\/1825\/revisions\/1826"}],"wp:attachment":[{"href":"https:\/\/www.xn--motdedieuexpliqu-qqb.com\/index.php\/wp-json\/wp\/v2\/media?parent=1825"}],"curies":[{"name":"wp","href":"https:\/\/api.w.org\/{rel}","templated":true}]}}