{"id":185,"date":"2019-12-28T17:15:58","date_gmt":"2019-12-28T17:15:58","guid":{"rendered":"http:\/\/www.xn--motdedieuexpliqu-qqb.com\/?page_id=185"},"modified":"2023-04-05T10:16:05","modified_gmt":"2023-04-05T09:16:05","slug":"jesus-forever-a-man-humanite-glorifiee","status":"publish","type":"page","link":"https:\/\/www.xn--motdedieuexpliqu-qqb.com\/index.php\/jesus-forever-a-man-humanite-glorifiee\/","title":{"rendered":"J\u00e9sus &#8211; Toujours un HOMME &#8211; HUMANIT\u00c9 GLORIFI\u00c9E"},"content":{"rendered":"\n<figure class=\"wp-block-table has-medium-font-size\"><table><tbody><tr><td><\/td><\/tr><tr><td><\/td><\/tr><tr><td><strong>L&#8217;Ascension de J\u00e9sus:<\/strong><\/td><\/tr><tr><td>Ac1.9 Et quand il eut dit ces choses,&nbsp;<strong>tandis qu&#8217;elles les voyaient, il fut repris;<\/strong>&nbsp;<strong>et un nuage le re\u00e7ut hors de leur vue.<\/strong>&nbsp;<em>{J\u00e9sus est all\u00e9 au ciel en tant qu&#8217;homme &#8211; visible par ses disciples observateurs.}<\/em><\/td><\/tr><tr><td>Ac1.10 Et tandis qu&#8217;ils regardaient fixement le ciel tandis qu&#8217;il montait, voici,&nbsp;<strong>deux hommes<\/strong>&nbsp;se tenaient pr\u00e8s d&#8217;eux en v\u00eatements blancs;&nbsp;<em>{&nbsp;<strong>Remarque:<\/strong>&nbsp;pas 3 &#8211; Dieu et Christ travaillent TOUJOURS avec UN ou DEUX et n&#8217;envoient JAMAIS TROIS anges.<\/em>&nbsp;<em>ge19.1, lk9.30, lk24.4, jn20.12}<\/em><\/td><\/tr><tr><td>Ac1.11 Qui a dit aussi:&nbsp;<strong>Hommes de Galil\u00e9e, pourquoi vous levez-vous les yeux au ciel?<\/strong>&nbsp;<strong>ce m\u00eame J\u00e9sus, qui vous est enlev\u00e9 au ciel, viendra ainsi de <span style=\"text-decoration: underline;\">la m\u00eame mani\u00e8re<\/span> que vous l&#8217;avez vu aller au ciel.<\/strong>&nbsp;<em>{J\u00e9sus a \u00e9t\u00e9 emmen\u00e9 au ciel en tant qu&#8217;homme;<\/em>&nbsp;<em>Il reviendra en<\/em>&nbsp;<strong><span style=\"text-decoration: underline;\">LIKE MANNER<\/span> en<\/strong>&nbsp;<em>tant qu&#8217;homme.}<\/em><\/td><\/tr><tr><td><br><\/td><\/tr><tr><td>Re1.7&nbsp;<strong>Voici, il vient avec des nu\u00e9es;<\/strong>&nbsp;<strong>et&nbsp;<span style=\"text-decoration: underline;\">tout \u0153il le verra<\/span>&nbsp;, et ceux qui l&#8217;ont perc\u00e9, et toutes les familles de la terre se lamenteront \u00e0 cause de lui.<\/strong>&nbsp;<strong>M\u00eame ainsi, Amen.<\/strong>&nbsp;<em>{J\u00e9sus revient comme un homme &#8211;<\/em>&nbsp;<strong>chaque \u0153il le verra.<\/strong><em>}<\/em><\/td><\/tr><tr><td><br><\/td><\/tr><tr><td><strong>Et Stephen:<\/strong><\/td><\/tr><tr><td>Ac7.55 Mais lui,&nbsp;<strong>\u00e9tant plein du Saint-Esprit<\/strong>&nbsp;, leva les yeux fermement vers le ciel, et&nbsp;<strong><span style=\"text-decoration: underline;\">VU<\/span><\/strong>&nbsp;<strong>la gloire de Dieu, et<\/strong>&nbsp;<strong><span style=\"text-decoration: underline;\">J\u00c9SUS<\/span><\/strong>&nbsp;<strong>debout \u00e0 la droite de Dieu<\/strong>&nbsp;,&nbsp;<em>{<\/em>&nbsp;<strong><em>Remarque:<\/em><\/strong>&nbsp;<em>\u00c9tienne ne pouvait voir que la gloire de Dieu mais il<\/em>&nbsp;<strong><span style=\"text-decoration: underline;\">VU<\/span><\/strong><span style=\"text-decoration: underline;\">&nbsp;<\/span><strong><span style=\"text-decoration: underline;\">J\u00c9SUS<\/span><\/strong>&nbsp;<em>&#8211; J\u00e9sus \u00e9tait encore une forme de genre&nbsp;<strong>HOMME<\/strong>&nbsp;.}<\/em><\/td><\/tr><tr><td><br><\/td><\/tr><tr><td>Ainsi, J\u00e9sus \u00e9tait sous une forme humaine pour son ascension au ciel, a \u00e9galement \u00e9t\u00e9 vu par Etienne au ciel, et de m\u00eame, il reviendra comme un homme \u00e0 sa seconde venue, quand tout le monde le verra.<\/td><\/tr><tr><td><br><\/td><\/tr><tr><td><strong>Et plus tard?<\/strong>&nbsp;<strong>Et pour l&#8217;\u00e9ternit\u00e9?<\/strong>&nbsp;<strong>Et pour l&#8217;\u00e9ternit\u00e9?<\/strong><\/td><\/tr><tr><td>Le Christ a pris la nature humaine sur Lui et <span style=\"text-decoration: underline;\">L&#8217;&nbsp;ALLEGE<\/span>&nbsp;, pure et sans tache,&nbsp;<strong><span style=\"text-decoration: underline;\">DANS LES TRIBUNAUX CELES.<\/span><\/strong><span style=\"text-decoration: underline;\">&nbsp;<\/span><strong><span style=\"text-decoration: underline;\">IL PORTERA CETTE NATURE \u00c0 TRAVERS LES \u00c2GES DE L&#8217;\u00c9TERNIT\u00c9<\/span><\/strong>&nbsp;.&nbsp;En montant au ciel avec une&nbsp;<strong><span style=\"text-decoration: underline;\">HUMANIT\u00c9 GLORIFI\u00c9E<\/span>&nbsp;, le Christ a d\u00e9clar\u00e9 ce que l&#8217;homme peut devenir s&#8217;il fait la volont\u00e9 de Dieu, mais ce n&#8217;est que par la m\u00e9diation du Christ que tout \u00eatre humain peut vaincre.<\/strong>&nbsp;Parmi les rachet\u00e9s, nous lisons: \u00abIls l&#8217;ont vaincu par le sang de l&#8217;Agneau et par la parole de leur t\u00e9moignage.\u00bb Dieu honorera ceux qui acceptent Christ, en faisant d&#8217;eux des t\u00e9moins de Lui dans le monde.&nbsp;{Lt257-1903}<\/td><\/tr><tr><td><span style=\"text-decoration: underline;\">Ceux qui ne saisissent pas et n&#8217;appr\u00e9cient PAS CE POUVOIR se tiennent \u00e0 leur propre lumi\u00e8re, se tenant \u00e0 l&#8217;\u00e9cart de la CONS\u00c9CRATION<\/span>.&nbsp;Mon fr\u00e8re, vous avez perdu une exp\u00e9rience des plus pr\u00e9cieuses.&nbsp;\u00c9tudiez pour d\u00e9velopper une appr\u00e9ciation sensible de ce que le Christ a fait pour vous.&nbsp;Examinez-vous pour voir si vous \u00eates dans la foi.&nbsp;Il y a un danger que votre esprit continue d&#8217;\u00eatre tellement rempli de soucis d&#8217;affaires que vous ne vous donnerez pas le temps de recevoir la gr\u00e2ce de Christ.&nbsp;Vos yeux ont \u00e9t\u00e9 tellement aveugl\u00e9s que vous n&#8217;avez pas vu votre danger.&nbsp;Mais il n&#8217;est pas trop tard pour corriger les torts.&nbsp;{Lt257-1903}<\/td><\/tr><tr><td><br><\/td><\/tr><tr><td><strong>Plus de preuves textuelles:<\/strong><\/td><\/tr><tr><td>1ti2.5&nbsp;<strong>POUR [IL Y A]&nbsp;<span style=\"text-decoration: underline;\">UN<\/span>&nbsp;DIEU ET&nbsp;<span style=\"text-decoration: underline;\">UN<\/span>&nbsp;M\u00c9DIATEUR entre Dieu et les hommes, L&#8217;&nbsp;<span style=\"text-decoration: underline;\">HOMME<\/span>&nbsp;CHRIST J\u00c9SUS;<\/strong>&nbsp;<strong>[de6,4;<\/strong>&nbsp;<strong>is42.8;<\/strong>&nbsp;<strong>ml2.10;<\/strong>&nbsp;<strong>mk12.29-30,32;<\/strong>&nbsp;<strong>jn17.3;<\/strong>&nbsp;<strong>ro3.30;<\/strong>&nbsp;<strong>1co8.4 &amp; 6;<\/strong>&nbsp;<strong>ep4.6;<\/strong>&nbsp;<strong>ja2.19]<\/strong>&nbsp;<em>{&nbsp;<strong>Remarque:<\/strong>&nbsp;Un m\u00e9diateur est une personne impartiale.<\/em>&nbsp;<em><strong>Notez \u00e9galement<\/strong>&nbsp;la&nbsp;<strong>seule<\/strong>&nbsp;r\u00e9f\u00e9rence \u00e0<\/em>&nbsp;<strong>L&#8217;<span style=\"text-decoration: underline;\">HOMME<\/span> CHRIST J\u00c9SUS<\/strong>&nbsp;<em>.<\/em>&nbsp;<em>Paul \u00e9crit \u00e0 Timoth\u00e9e&nbsp;<strong>APR\u00c8S<\/strong>&nbsp;l&#8217;ascension du Christ au ciel.<\/em>&nbsp;<em>L&#8217;\u0153uvre de J\u00e9sus en tant que m\u00e9diateur parfait entre Dieu et l&#8217;homme ne d\u00e9pend pas seulement de sa mort mais aussi de son&nbsp;<strong>humanit\u00e9 continue<\/strong>&nbsp;.<\/em>&nbsp;<em>Dans son humanit\u00e9, nous sommes unis \u00e0 lui par la foi, et ce n&#8217;est qu&#8217;en lui que nous sommes unis \u00e0 Dieu.}<\/em><\/td><\/tr><tr><td><br><\/td><\/tr><tr><td>Sur l&#8217;\u00eele de Patmos, le&nbsp;<strong>Christ s&#8217;est r\u00e9v\u00e9l\u00e9 \u00e0 Jean, permettant \u00e0 son serviteur de supporter la vue de choses d&#8217;int\u00e9r\u00eat \u00e9ternel.<\/strong>&nbsp;<strong>Aucun \u00eatre mortel ne peut supporter la r\u00e9v\u00e9lation de Dieu.<\/strong>&nbsp;Sa pr\u00e9sence a toujours \u00e9t\u00e9 envelopp\u00e9e par un garde des anges.&nbsp;<strong>Mais \u00e0 Jean a eu le privil\u00e8ge de voir le Christ<\/strong>&nbsp;, non pas dans le buisson ardent, mais&nbsp;<strong>au milieu de la gloire indescriptible du saint sanctuaire<\/strong>&nbsp;.&nbsp;Il n&#8217;y a jamais eu de rencontre plus grande que la rencontre entre Jean et le Christ sur l&#8217;\u00eele de Patmos.&nbsp;La merveilleuse vision \u00e9tait accompagn\u00e9e des mots \u00abPr\u00e9parez-vous \u00e0 rencontrer votre Dieu, \u00f4 Isra\u00ebl\u00bb. Ce n&#8217;\u00e9tait pas une sophistique, mais la pr\u00e9sence de&nbsp;<strong>l&#8217;\u00catre divin qui, au moment de son ascension, a introduit dans les cours c\u00e9lestes une&nbsp;<span style=\"text-decoration: underline;\">HUMANIT\u00c9 GLORIFI\u00c9E<\/span><\/strong>&nbsp;.&nbsp;Il s&#8217;est annonc\u00e9 comme l&#8217;Alpha et l&#8217;Om\u00e9ga, le d\u00e9but et la fin, le premier et le dernier, et Il est venu donner un message \u00e0 Jean pour les \u00e9glises.&nbsp;{Ms168-1907}<\/td><\/tr><tr><td><br><\/td><\/tr><tr><td>Sur l&#8217;\u00eele de Patmos, Jean vit dans la sainte vision Celui qu&#8217;il honorait et aimait par-dessus tous les autres.&nbsp;Il dit: \u00abJ&#8217;ai entendu derri\u00e8re moi une grande voix, comme celle d&#8217;une trompette, disant: Je suis l&#8217;Alpha et l&#8217;Om\u00e9ga, le premier et le dernier: et, ce que tu vois, \u00e9cris dans un livre et envoie-le aux sept \u00e9glises qui sont en Asie. \u00bbVoir la description dans Apocalypse 1.&nbsp;<strong>Les mots prononc\u00e9s n&#8217;\u00e9taient pas seuls pour Jean sur l&#8217;\u00eele de Patmos;<\/strong>&nbsp;<strong>ils n&#8217;\u00e9taient pas pour les seules \u00e9glises;<\/strong>&nbsp;<strong>mais \u00e0 travers ces \u00e9glises devait venir le message inspir\u00e9 pour le peuple, pour avoir sa puissante impression \u00e0 chaque \u00e9poque jusqu&#8217;\u00e0 la fin de l&#8217;histoire de cette terre.<\/strong>&nbsp;Pourquoi cela ne se fait-il pas?&nbsp;<strong><span style=\"text-decoration: underline;\">Le Christ s&#8217;est pr\u00e9sent\u00e9 \u00e0 Jean dans son&nbsp;HUMANIT\u00c9 GLORIFI\u00c9E<\/span>&nbsp;.<\/strong>&nbsp;\u00abJ&#8217;ai vu\u00bb, dit-il, \u00absemblable au Fils de l&#8217;homme\u00bb. Ses premiers mots furent: \u00abN&#8217;aie pas peur.\u00bb C&#8217;\u00e9tait la m\u00eame voix qui lui parlait de la croix \u00e0 travers des l\u00e8vres p\u00e2les et tremblantes: \u00abFils, voici ta m\u00e8re. &#8220;{Ms53-1890} Aussi {1888 779.2}<\/td><\/tr><tr><td><br><\/td><\/tr><tr><td>La nature humaine du Fils de Marie a-t-elle \u00e9t\u00e9 transform\u00e9e en la nature divine du Fils de Dieu?&nbsp;Non;&nbsp;les deux natures \u00e9taient myst\u00e9rieusement m\u00e9lang\u00e9es en une seule personne &#8211; l&#8217;&nbsp;<strong><span style=\"text-decoration: underline;\">HOMME<\/span> Christ J\u00e9sus<\/strong>&nbsp;.&nbsp;En Lui r\u00e9sidait corporellement toute la pl\u00e9nitude de la Divinit\u00e9.&nbsp;<strong>Lorsque Christ a \u00e9t\u00e9 crucifi\u00e9, c&#8217;est sa nature humaine qui est morte.<\/strong>&nbsp;<strong>La divinit\u00e9 n&#8217;a pas coul\u00e9 et n&#8217;est pas morte;<\/strong>&nbsp;<strong>cela aurait \u00e9t\u00e9 impossible.<\/strong>&nbsp;Le Christ, le sans p\u00e9ch\u00e9, sauvera tous les fils et toutes les filles d&#8217;Adam qui acceptent le salut qui leur a \u00e9t\u00e9 offert, consentant \u00e0 devenir les enfants de Dieu.&nbsp;Le Sauveur a achet\u00e9 la race d\u00e9chue avec son propre sang.&nbsp;{Lt280a-1904}<\/td><\/tr><tr><td><strong>C&#8217;est un grand myst\u00e8re, un myst\u00e8re qui ne sera pas pleinement, compl\u00e8tement compris dans sa grandeur jusqu&#8217;\u00e0 ce que la traduction des rachet\u00e9s ait lieu.<\/strong>&nbsp;Ensuite, la puissance, la grandeur et l&#8217;efficacit\u00e9 du don de Dieu \u00e0 l&#8217;homme seront comprises.&nbsp;Mais l&#8217;ennemi est d\u00e9termin\u00e9 \u00e0 ce que ce don soit tellement mystifi\u00e9 qu&#8217;il deviendra un n\u00e9ant.&nbsp;Si les croyants savaient seulement ce que cela signifie, le travail serait fait dans nos \u00e9glises, ce qui doit \u00eatre fait si jamais les membres entrent dans le royaume des cieux.&nbsp;Mais lorsque des hommes occupant des postes de responsabilit\u00e9 pervertissent leur raison et s\u2019abandonnent \u00e0 la fa\u00e7on de penser de Satan, ils se tiendront s\u00fbrement devant le monde du c\u00f4t\u00e9 de Satan, quelle que soit leur influence, et quelle qu\u2019elle soit encore, faisant le travail que Satan a fait inspir\u00e9 par son esprit.&nbsp;{Lt280a-1904}<\/td><\/tr><tr><td><br><\/td><\/tr><tr><td>Nous devons nous rassembler en tant qu&#8217;hommes qui sont r\u00e9ceptifs \u00e0 Dieu.&nbsp;Nous avons \u00e9t\u00e9 achet\u00e9s avec un prix.&nbsp;<strong><span style=\"text-decoration: underline;\">Nous n&#8217;avons qu&#8217;un seul juge, l&#8217;HOMME Christ J\u00e9sus<\/span>.<\/strong>&nbsp;Nous n&#8217;avons pas \u00e9t\u00e9 charg\u00e9s de mesurer les caract\u00e8res des uns et des autres.&nbsp;Ce sont nos propres caract\u00e8res que nous devons mesurer, par la v\u00e9rit\u00e9 contenue dans les \u00c9critures.&nbsp;Dieu peut nous permettre de le faire et peut faire comprendre \u00e0 nos esprits ce que nous devons faire pour h\u00e9riter de la vie \u00e9ternelle.&nbsp;{Ms56-1904}<\/td><\/tr><tr><td><br><\/td><\/tr><tr><td>Quelle exaltation est apport\u00e9e \u00e0 ceux qui recevront Christ.&nbsp;<strong>\u00abC&#8217;est \u00e0 eux qu&#8217;il a donn\u00e9 le pouvoir de devenir fils de Dieu, m\u00eame \u00e0 ceux qui croient en son nom.\u00bb C&#8217;est par l&#8217;&nbsp;<span style=\"text-decoration: underline;\">HOMME Christ J\u00e9sus<\/span>&nbsp;que la nature humaine est si \u00e9lev\u00e9e.<\/strong>&nbsp;<strong>Par sa puissance, les hommes participent \u00e0 la nature divine;<\/strong>&nbsp;<strong>et comme il est honor\u00e9, ils, par la conformit\u00e9 \u00e0 son caract\u00e8re et par la puissance de sa gr\u00e2ce, ne font qu&#8217;un avec lui comme il est un avec le P\u00e8re.<\/strong>&nbsp;{Lt293-1905}<\/td><\/tr><tr><td><br><\/td><\/tr><tr><td>Pendant qu&#8217;il \u00e9tait avec les disciples, Christ leur avait r\u00e9v\u00e9l\u00e9 toute la connaissance de Dieu qu&#8217;ils pouvaient supporter.&nbsp;L&#8217;accomplissement complet de la promesse qu&#8217;Il leur montrerait clairement du P\u00e8re \u00e9tait encore \u00e0 venir.&nbsp;Il en est ainsi aujourd&#8217;hui.&nbsp;Maintenant, nous ne le savons qu&#8217;en partie.&nbsp;<strong>Une fois le conflit termin\u00e9, et l&#8217;&nbsp;<span style=\"text-decoration: underline;\">HOMME Christ J\u00e9sus<\/span>&nbsp;reconna\u00eet devant le P\u00e8re ses fid\u00e8les ouvriers qui, dans un monde de p\u00e9ch\u00e9, ont rendu un v\u00e9ritable t\u00e9moignage pour lui, ils comprendront clairement ce qui sont maintenant des myst\u00e8res pour eux.<\/strong>&nbsp;{Ms124-1903}<\/td><\/tr><tr><td><strong><span style=\"text-decoration: underline;\">CHRIST A REGARD\u00c9<\/span>&nbsp;avec Lui vers les cours c\u00e9lestes&nbsp;<span style=\"text-decoration: underline;\">SON HUMANIT\u00c9 GLORIFI\u00c9E<\/span><\/strong>.&nbsp;\u00c0 ceux qui le re\u00e7oivent, il donne le pouvoir de devenir fils de Dieu, afin que Dieu puisse enfin les recevoir comme les siens, pour demeurer avec lui pendant toute l&#8217;\u00e9ternit\u00e9.&nbsp;Si durant cette vie ils sont fid\u00e8les \u00e0 Dieu, ils \u00abverront enfin son visage;&nbsp;et son nom sera sur leurs fronts. \u00bb&nbsp;<strong>Et quel est le bonheur du ciel si ce n&#8217;est pour&nbsp;<span style=\"text-decoration: underline;\">VOIR DIEU<\/span>&nbsp;?<\/strong>&nbsp;<strong>Quelle plus grande joie pourrait venir au p\u00e9cheur, sauv\u00e9 par la gr\u00e2ce du Christ, que&nbsp;<span style=\"text-decoration: underline;\">DE REGARDER SUR LE VISAGE DE DIEU<\/span>&nbsp;et de Le conna\u00eetre comme P\u00e8re?<\/strong>&nbsp;\u00abMaintenant, nous voyons \u00e0 travers un verre, sombre;&nbsp;mais ensuite face \u00e0 face;&nbsp;maintenant je sais en partie;&nbsp;mais alors je le saurai comme je le suis aussi. \u00bb(1 Corinthiens 13:12).&nbsp;{Ms124-1903} Aussi {9MR 124.1 1990}<\/td><\/tr><tr><td><strong>Certains viennent aujourd&#8217;hui pour d\u00e9tenir de fausses id\u00e9es sur le Dieu invisible et pr\u00e9sentent ces id\u00e9es \u00e0 d&#8217;autres.<\/strong>&nbsp;<strong>Que ceux qui font cela sachent que leur repr\u00e9sentation enfantine de Dieu est une id\u00e9e fausse.<\/strong>&nbsp;<strong>Ils ne connaissent pas Dieu.<\/strong>&nbsp;<strong>Devant le monde, devant les anges et devant les hommes, ils donnent une fausse repr\u00e9sentation de Lui.<\/strong>&nbsp;{Ms124-1903}<\/td><\/tr><tr><td>\u00c0 ceux \u00e0 qui ces interpr\u00e9tations fantaisistes sont pr\u00e9sent\u00e9es, je dirais: que ces sentiments ne charment pas vos sens et ne vous conduisent pas sur les chemins de la fabrication de Satan.&nbsp;M\u00e9fiez-vous, m\u00e9fiez-vous des id\u00e9es spiritualistes de Dieu.&nbsp;<strong>Ceux qui entretiennent de telles id\u00e9es le d\u00e9shonorent grandement.<\/strong>&nbsp;Que chacun humilie son c\u0153ur devant Dieu.&nbsp;{Ms124-1903}<\/td><\/tr><tr><td><br><\/td><\/tr><tr><td>\u00c2mes accabl\u00e9es par le p\u00e9ch\u00e9 et en difficult\u00e9,&nbsp;<strong>J\u00e9sus dans son<\/strong>&nbsp;<strong><span style=\"text-decoration: underline;\">HUMANIT\u00c9 GLORIFI\u00c9E<\/span><\/strong>&nbsp;<strong>est mont\u00e9 dans les cieux pour interc\u00e9der pour nous.<\/strong>&nbsp;\u00abCar nous n&#8217;avons pas de grand pr\u00eatre qui ne puisse \u00eatre touch\u00e9 par le sentiment de nos infirmit\u00e9s;&nbsp;mais a \u00e9t\u00e9 tent\u00e9 en tous points comme nous le sommes, mais sans p\u00e9ch\u00e9.&nbsp;Venons-en donc hardiment au tr\u00f4ne de la gr\u00e2ce. \u00bbNous devons continuellement nous tourner vers J\u00e9sus, l&#8217;auteur et le finisseur de notre foi;&nbsp;car en le voyant, nous serons chang\u00e9s \u00e0 son image, notre caract\u00e8re sera fait comme le sien.&nbsp;<strong>Nous devons nous r\u00e9jouir que tout jugement soit rendu au Fils, car dans son humanit\u00e9, il a pris connaissance de toutes les difficult\u00e9s qui assaillent l&#8217;humanit\u00e9.<\/strong>&nbsp;{RH, 28 avril 1891 par.&nbsp;1} Aussi {RH, 5 d\u00e9cembre 1912 par.&nbsp;1} {RH, 2 janvier 1913 par.&nbsp;1} {RC 20.2 1985}<\/td><\/tr><tr><td><br><\/td><\/tr><tr><td>Mais je ne vous retiendrai pas ici.&nbsp;<strong>Je veux que vous ayez une place dans le royaume de Dieu.<\/strong>&nbsp;<strong>Je veux que vous voyiez le roi dans sa beaut\u00e9, et je veux que vous voyiez la beaut\u00e9 de mon Sauveur.<\/strong>&nbsp;<strong>Chacun de nous qui a une couronne la jettera aux&nbsp;<span style=\"text-decoration: underline;\">PIEDS<\/span>&nbsp;de notre R\u00e9dempteur,<\/strong>&nbsp;et touchera la harpe dor\u00e9e, et remplira tout le ciel de musique riche et de chants pour l&#8217;Agneau.&nbsp;Je veux que tu sois l\u00e0.&nbsp;Et Dieu vous aide \u00e0 avoir une place dans ce royaume, \u00e0 ne plus sortir pour toujours.&nbsp;C&#8217;est la vie \u00e9ternelle que nous recherchons, et vous voulez faire tout des talents que Dieu vous a donn\u00e9s;&nbsp;et ensuite vous voulez \u00eatre tout aussi humble, contrit et simple, comme le fut Christ dans son travail, et pourtant la simplicit\u00e9 \u00e9tait l&#8217;\u00e9loquence.&nbsp;Dieu agira \u00e0 travers nous, et il fera de nous un pouvoir entre ses mains, et nous pouvons \u00eatre adapt\u00e9s pour les cours sup\u00e9rieures sup\u00e9rieures.&nbsp;{Ms190-1903}<\/td><\/tr><tr><td><br><\/td><\/tr><tr><td>\u00abEt j&#8217;ai vu un nouveau ciel et une nouvelle terre;&nbsp;car le premier ciel et la premi\u00e8re terre ont disparu. \u00bb[Apocalypse 21: 1.] Le feu qui d\u00e9vore les m\u00e9chants purifie la terre.&nbsp;Toute trace de mal\u00e9diction est balay\u00e9e.&nbsp;Aucun enfer br\u00fblant \u00e9ternellement ne gardera devant les ran\u00e7ons les cons\u00e9quences effrayantes du p\u00e9ch\u00e9.&nbsp;<strong><span style=\"text-decoration: underline;\">Un seul rappel demeure<\/span>&nbsp;: notre R\u00e9dempteur portera toujours les&nbsp;<span style=\"text-decoration: underline;\">marques de sa crucifixion.<\/span><\/strong><span style=\"text-decoration: underline;\">&nbsp;<\/span><strong><span style=\"text-decoration: underline;\">Sur sa t\u00eate bless\u00e9e, ses mains et ses pieds<\/span>&nbsp;, sont les seules traces du travail cruel que le p\u00e9ch\u00e9 a accompli.<\/strong>&nbsp;{4SP 489.2 1884}<\/td><\/tr><tr><td><br><\/td><\/tr><tr><td><strong><span style=\"text-decoration: underline;\">Un seul rappel demeure<\/span><\/strong>&nbsp;<strong>: notre R\u00e9dempteur portera toujours les&nbsp;<span style=\"text-decoration: underline;\">marques de sa crucifixion.<\/span><\/strong><span style=\"text-decoration: underline;\">&nbsp;<\/span><strong><span style=\"text-decoration: underline;\">Sur sa t\u00eate bless\u00e9e, sur son c\u00f4t\u00e9, ses mains et ses pieds<\/span>&nbsp;, sont les seules traces du travail cruel que le p\u00e9ch\u00e9 a accompli.<\/strong>&nbsp;Dit le proph\u00e8te, voyant le Christ dans sa gloire: \u00abIl avait des rayons lumineux sortant de son c\u00f4t\u00e9;&nbsp;et il y avait la dissimulation de son pouvoir. \u00bb[Habakkuk 3: 4 (MARGE)]&nbsp;<strong>Ce c\u00f4t\u00e9 transperc\u00e9 d&#8217;o\u00f9 coulait le ruisseau cramoisi qui r\u00e9concilia l&#8217;homme avec Dieu, &#8211;&nbsp;<span style=\"text-decoration: underline;\">IL Y A LA GLOIRE DU SAUVEUR<\/span>&nbsp;,<\/strong>&nbsp;l\u00e0\u00ab la dissimulation de son pouvoir. \u00bb\u00ab Puissant pour sauver \u00bb, par le sacrifice de la r\u00e9demption, il \u00e9tait donc fort pour ex\u00e9cuter la justice sur ceux qui m\u00e9prisaient la mis\u00e9ricorde de Dieu.&nbsp;<strong><span style=\"text-decoration: underline;\">Et les signes de son humiliation sont SON HONNEUR LE PLUS \u00c9LEV\u00c9;<\/span><\/strong><span style=\"text-decoration: underline;\">&nbsp;<\/span><strong><span style=\"text-decoration: underline;\">\u00e0 travers les \u00e2ges \u00e9ternels, les blessures du Calvaire MONTRERONT SA LOUANGE ET D\u00c9CLARER SON POUVOIR<\/span><\/strong><span style=\"text-decoration: underline;\">&nbsp;<\/span>.&nbsp;{GC88 674.1 1888}<\/td><\/tr><tr><td><br><\/td><\/tr><tr><td>\u2026 ..&nbsp;<strong><span style=\"text-decoration: underline;\">Nous voulons LE SAINT-ESPRIT, QUI EST J\u00c9SUS-CHRIST<\/span><\/strong>&nbsp;.&nbsp;Si nous communions avec Dieu, nous aurons force, gr\u00e2ce et efficacit\u00e9.&nbsp;{Lt66-1894}<\/td><\/tr><tr><td><br><\/td><\/tr><tr><td>Ainsi, en nous envoyant et en nous donnant son Saint-Esprit [le Saint-Esprit de Dieu] \u00e0 la Pentec\u00f4te, J\u00e9sus peut \u00eatre avec chaque croyant en personne jusqu&#8217;\u00e0 ce qu&#8217;il termine son \u0153uvre dans le sanctuaire c\u00e9leste.&nbsp;J\u00e9sus n&#8217;a pas perdu son omnipr\u00e9sence juste pour une p\u00e9riode temporaire;&nbsp;comme il a \u00e9t\u00e9 montr\u00e9 dans les \u00e9critures ci-dessus, il a perdu cela pour l&#8217;\u00e9ternit\u00e9.<\/td><\/tr><tr><td>En \u00e9tant le Fils unique de Dieu et par Son Omniscience, J\u00e9sus \u00e0 la cr\u00e9ation, aurait su quand Il a cr\u00e9\u00e9 l&#8217;homme, qu&#8217;un jour Lui, non seulement devrait mourir pour nous mais devrait \u00e9galement&nbsp;<strong><span style=\"text-decoration: underline;\">renoncer \u00e0 Son Omnipr\u00e9sence pour l&#8217;\u00e9ternit\u00e9<\/span><\/strong>&nbsp;.&nbsp;Pourtant, Il a encore travers\u00e9 les deux &#8211; \u00e0 cause de Son amour pour ramener l&#8217;homme d\u00e9chu \u00e0 Son P\u00e8re c\u00e9leste.<\/td><\/tr><tr><td> <br>Aussi, dans le ciel pour l&#8217;\u00e9ternit\u00e9, ses blessures de crucifixion sont la <strong><span style=\"text-decoration: underline;\">GLOIRE DE SA SAUVEUR, SON HONNEUR LE PLUS \u00c9LEV\u00c9<\/span><\/strong>, et <strong><span style=\"text-decoration: underline;\">MONTRERONT SA LOUANGE ET D\u00c9CLARER SON POUVOIR.<\/span><\/strong> Quel amour indescriptible J\u00e9sus donne \u00e0 chacun de nous qui L&#8217;accepte pleinement. <\/td><\/tr><tr><td><\/td><\/tr><\/tbody><\/table><\/figure>\n","protected":false},"excerpt":{"rendered":"<p> L&#8217;Ascension de J\u00e9sus:Ac1.9 Et quand il eut dit ces choses,&nbsp;tandis qu&#8217;elles les voyaient, il fut repris;&nbsp;et un nuage le re\u00e7ut hors de leur vue.&nbsp;{J\u00e9sus est all\u00e9 au ciel en tant qu&#8217;homme &#8211; visible par ses disciples observateurs.}Ac1.10 Et tandis qu&#8217;ils regardaient fixement le ciel tandis qu&#8217;il montait, voici,&nbsp;deux hommes&nbsp;se tenaient pr\u00e8s d&#8217;eux en v\u00eatements [&#8230;]<\/p>\n","protected":false},"author":4,"featured_media":0,"parent":0,"menu_order":0,"comment_status":"closed","ping_status":"closed","template":"","meta":{"footnotes":""},"class_list":["post-185","page","type-page","status-publish","hentry","odd"],"_links":{"self":[{"href":"https:\/\/www.xn--motdedieuexpliqu-qqb.com\/index.php\/wp-json\/wp\/v2\/pages\/185","targetHints":{"allow":["GET"]}}],"collection":[{"href":"https:\/\/www.xn--motdedieuexpliqu-qqb.com\/index.php\/wp-json\/wp\/v2\/pages"}],"about":[{"href":"https:\/\/www.xn--motdedieuexpliqu-qqb.com\/index.php\/wp-json\/wp\/v2\/types\/page"}],"author":[{"embeddable":true,"href":"https:\/\/www.xn--motdedieuexpliqu-qqb.com\/index.php\/wp-json\/wp\/v2\/users\/4"}],"replies":[{"embeddable":true,"href":"https:\/\/www.xn--motdedieuexpliqu-qqb.com\/index.php\/wp-json\/wp\/v2\/comments?post=185"}],"version-history":[{"count":4,"href":"https:\/\/www.xn--motdedieuexpliqu-qqb.com\/index.php\/wp-json\/wp\/v2\/pages\/185\/revisions"}],"predecessor-version":[{"id":1114,"href":"https:\/\/www.xn--motdedieuexpliqu-qqb.com\/index.php\/wp-json\/wp\/v2\/pages\/185\/revisions\/1114"}],"wp:attachment":[{"href":"https:\/\/www.xn--motdedieuexpliqu-qqb.com\/index.php\/wp-json\/wp\/v2\/media?parent=185"}],"curies":[{"name":"wp","href":"https:\/\/api.w.org\/{rel}","templated":true}]}}