{"id":366,"date":"2022-07-24T14:33:10","date_gmt":"2022-07-24T13:33:10","guid":{"rendered":"http:\/\/www.xn--motdedieuexpliqu-qqb.com\/?page_id=366"},"modified":"2023-04-05T09:11:08","modified_gmt":"2023-04-05T08:11:08","slug":"litterature","status":"publish","type":"page","link":"https:\/\/www.xn--motdedieuexpliqu-qqb.com\/index.php\/litterature\/","title":{"rendered":"Litt\u00e9rature"},"content":{"rendered":"\n<p><\/p>\n\n\n\n<figure class=\"wp-block-table has-medium-font-size\"><table><tbody><tr><td><\/td><\/tr><tr><td><\/td><\/tr><tr><td>Dieu veut que les p\u00e9riodiques, les brochures et les livres sortis de l&#8217;office b\u00e9nissent le monde entier de rayons de lumi\u00e8re qui, comme les rayons du soleil, p\u00e9n\u00e9treront l&#8217;obscurit\u00e9 dense qui couvre la terre comme un drap fun\u00e9raire ;&nbsp;mais \u00e0 moins que les hommes n&#8217;avancent dans la sagesse spirituelle, dans la gr\u00e2ce, dans la connaissance de DIEU et de SON FILS UNIQUE J\u00c9SUS-CHRIST, un \u00e9tat de choses d\u00e9moralis\u00e9 s&#8217;installera. {Ms12-1896}<\/td><\/tr><tr><td><\/td><\/tr><tr><td>On m&#8217;a montr\u00e9 que mais peu ont une id\u00e9e correcte de ce que fait la distribution de et de TRACTS.&nbsp;{RH, 19 d\u00e9cembre 1878 par.&nbsp;4}<\/td><\/tr><tr><td><\/td><\/tr><tr><td>Lorsque les membres d&#8217;\u00e9glise r\u00e9aliseront l&#8217;importance de la circulation de notre LITT\u00c9RATURE, ils consacreront plus de temps \u00e0 ce travail.&nbsp;TRAITS et LIVRES seront plac\u00e9s dans les maisons des gens, pour pr\u00eacher l&#8217;\u00e9vangile dans leurs diff\u00e9rentes lignes.&nbsp;Le travail de temp\u00e9rance sera poursuivi.&nbsp;L&#8217;\u00e9glise doit accorder son attention au travail de d\u00e9marchage.&nbsp;{Ms113-1901}<\/td><\/tr><tr><td><\/td><\/tr><tr><td>Les et TRACTS peuvent aller l\u00e0 o\u00f9 le pr\u00e9dicateur vivant ne peut pas aller, et l\u00e0 o\u00f9 s&#8217;il pouvait aller, il n&#8217;aurait pas acc\u00e8s aux gens, \u00e0 cause de leurs pr\u00e9jug\u00e9s contre la v\u00e9rit\u00e9.&nbsp;{RH, 19 d\u00e9cembre 1878 par.&nbsp;3}<\/td><\/tr><tr><td><\/td><\/tr><tr><td>Beaucoup de ceux qui ont faim du pain de vie n&#8217;ont pas le privil\u00e8ge d&#8217;entendre la parole des pr\u00e9dicateurs d\u00e9l\u00e9gu\u00e9s de Dieu.&nbsp;C&#8217;est pourquoi il est essentiel que nos publications soient largement diffus\u00e9es.&nbsp;Les feuilles qui sortent de la presse g\u00e9missante pour \u00eatre pr\u00e9par\u00e9es comme des TRAC\u00c9S et reli\u00e9es comme des LIVRES doivent aller dans toutes les parties de la terre.&nbsp;Ainsi, le message ira l\u00e0 o\u00f9 le pr\u00e9dicateur vivant ne peut pas aller, et l&#8217;attention de beaucoup sera attir\u00e9e sur les \u00e9v\u00e9nements importants li\u00e9s aux sc\u00e8nes finales de l&#8217;histoire de ce monde.&nbsp;{MC 5.1}<\/td><\/tr><tr><td><\/td><\/tr><tr><td>Beaucoup plus peut \u00eatre accompli par le pr\u00e9dicateur vivant avec la circulation de TRACTS que par la pr\u00e9dication de la parole seule sans les publications.&nbsp;{MC 76.4}<\/td><\/tr><tr><td><\/td><\/tr><tr><td>Faites ressortir des points importants de v\u00e9rit\u00e9 portant directement sur une v\u00e9ritable conversion &#8211; TRAITS de quelques pages &#8211; et multipliez les copies pour la circulation.&nbsp;{Lt34-1875}<\/td><\/tr><tr><td><\/td><\/tr><tr><td>Ces TRACTS doivent \u00eatre brefs, aller droit au but et rendus intens\u00e9ment int\u00e9ressants.&nbsp;{PH123 113.1}<\/td><\/tr><tr><td><\/td><\/tr><tr><td>Il y a de nombreux endroits o\u00f9 la voix du ministre ne peut \u00eatre entendue, des endroits qui ne peuvent \u00eatre atteints que par nos publications\u2014les LIVRES, et LES TRACES remplis des v\u00e9rit\u00e9s bibliques dont les gens ont besoin.&nbsp;{Ms40-1903}<\/td><\/tr><tr><td><\/td><\/tr><tr><td>Il y a un grand besoin de FEUILLETS et de TRACES, certains contenant de courts articles, d&#8217;autres pr\u00e9sentant les messages d&#8217;avertissement, le second av\u00e8nement de notre Seigneur J\u00e9sus-Christ.&nbsp;Le sabbat, trait\u00e9 en bref, et sa relation avec la v\u00e9rit\u00e9 des doctrines \u00e9tay\u00e9es par les \u00c9critures devraient \u00eatre diffus\u00e9s.&nbsp;Il y a un monde \u00e0 pr\u00e9venir.&nbsp;Des sujets de sant\u00e9 dans des articles clairs, percutants et anim\u00e9s, des principes de sant\u00e9 et de temp\u00e9rance, et des exp\u00e9riences de foi et d&#8217;esp\u00e9rance &#8211; tout devrait \u00eatre pr\u00e9sent\u00e9 au monde.&nbsp;{Lt31-1897}<\/td><\/tr><tr><td><\/td><\/tr><tr><td>De nouvelles parcelles de vigne morale doivent \u00eatre cultiv\u00e9es comme le jardin du Seigneur.&nbsp;L&#8217;honneur de la loi de Dieu doit \u00eatre justifi\u00e9 devant les mondes non d\u00e9chus, devant l&#8217;univers c\u00e9leste et devant le monde d\u00e9chu.&nbsp;{BTS, 1er d\u00e9cembre 1903 par.&nbsp;5}<\/td><\/tr><tr><td><\/td><\/tr><tr><td>Des d\u00e9clarations claires doivent \u00eatre faites.&nbsp;La v\u00e9rit\u00e9 sans fard doit \u00eatre dite, dans des BROCHURES et des BROCHURES, et celles-ci doivent \u00eatre dispers\u00e9es comme les feuilles de l&#8217;automne.&nbsp;{9T 230.4}<\/td><\/tr><tr><td><\/td><\/tr><tr><td>De simples TRAITS, passant de vos mains \u00e0 ceux qui ne connaissent pas la v\u00e9rit\u00e9, prononcez des paroles qui vont \u00e0 l&#8217;essentiel.&nbsp;L&#8217;ex\u00e9cution de ce travail sera une b\u00e9n\u00e9diction pour vous et pour ceux dont l&#8217;attention est ainsi capt\u00e9e.&nbsp;Faites tout ce qui est en votre pouvoir pour \u00e9clairer les autres.&nbsp;Ce faisant, vous recevrez la lumi\u00e8re.&nbsp;Personne ne peut estimer l&#8217;utilit\u00e9 de notre LITT\u00c9RATURE ou l&#8217;influence de la v\u00e9rit\u00e9 que ces LIVRES et BROCHURES contiennent.&nbsp;Comme ceux \u00e0 qui ils sont distribu\u00e9s lisent les mots imprim\u00e9s, les anges de Dieu impressionneront leurs esprits.&nbsp;{Lt90-1910}<\/td><\/tr><tr><td><\/td><\/tr><tr><td>La v\u00e9rit\u00e9 doit \u00eatre publi\u00e9e bien plus largement qu&#8217;elle ne l&#8217;a encore \u00e9t\u00e9.&nbsp;Il doit \u00eatre d\u00e9fini en lignes claires et nettes devant le peuple.&nbsp;Elle doit \u00eatre pr\u00e9sent\u00e9e sous forme d&#8217;arguments brefs mais concluants, et des plans doivent \u00eatre \u00e9tablis pour qu&#8217;\u00e0 chaque r\u00e9union o\u00f9 la V\u00e9rit\u00e9 a \u00e9t\u00e9 pr\u00e9sent\u00e9e au peuple, elle puisse \u00eatre suivie de la distribution de TRAITS et de BROCHURES.&nbsp;{HM, 1er f\u00e9vrier 1890 par.&nbsp;1}<\/td><\/tr><tr><td><\/td><\/tr><tr><td>Les paroles de l&#8217;\u00c9criture doivent \u00eatre imprim\u00e9es et publi\u00e9es telles qu&#8217;elles sont lues.&nbsp;Ce serait bien si le dix-neuvi\u00e8me et la plus grande partie des chapitres vingt de l&#8217;Exode, avec les versets douze \u00e0 dix-huit du trente et uni\u00e8me chapitre, \u00e9taient imprim\u00e9s tels quels.&nbsp;Condensez ces v\u00e9rit\u00e9s dans des PETITS LIVRES et des BROCHURES, et laissez la parole de Dieu parler au peuple.&nbsp;Quand un discours concernant la loi est pr\u00each\u00e9 qui va droit au but, si vous avez un moyen de le faire, mettez-le dans un BROCHURE imprim\u00e9.&nbsp;Alors quand ceux qui plaident pour les lois du dimanche vous rencontrent, placez ces tracts dans leurs mains.&nbsp;Dites-leur que vous n&#8217;avez pas de discussion sur la question du dimanche ;&nbsp;car vous avez un &#8220;Ainsi dit le Seigneur&#8221; clair pour l&#8217;observation du septi\u00e8me jour.&nbsp;{RH, 26 mars 1908 par.&nbsp;9}<\/td><\/tr><tr><td><\/td><\/tr><tr><td>Nombreux sont ceux qui recherchent la lumi\u00e8re dans les t\u00e9n\u00e8bres.&nbsp;Si nos , TRAITS et LIVRES, exprimant la v\u00e9rit\u00e9 dans un langage biblique simple, pouvaient \u00eatre largement diffus\u00e9s, beaucoup trouveraient qu&#8217;ils sont exactement ce qu&#8217;ils veulent.&nbsp;{4T 392.1}<\/td><\/tr><tr><td><\/td><\/tr><tr><td>Des efforts plus s\u00e9rieux devraient \u00eatre d\u00e9ploy\u00e9s pour \u00e9clairer le peuple sur le grand sujet de la r\u00e9forme sanitaire.&nbsp;Des tracts de quatre, huit, douze, seize pages et plus, contenant des articles pointus et bien \u00e9crits sur cette grande question, doivent \u00eatre \u00e9parpill\u00e9s comme les feuilles de l&#8217;automne.&nbsp;De petits TRAC\u00c9S sur les diff\u00e9rents points de la v\u00e9rit\u00e9 biblique applicables \u00e0 l&#8217;\u00e9poque actuelle devraient \u00eatre imprim\u00e9s dans diff\u00e9rentes langues et dispers\u00e9s l\u00e0 o\u00f9 il y a une probabilit\u00e9 qu&#8217;ils soient lus.&nbsp;TRAITS, et LIVRES, selon le cas, devraient \u00eatre distribu\u00e9s dans toutes les villes et tous les villages du pays.&nbsp;Voici le travail missionnaire pour tous.&nbsp;{RH, 4 novembre 1875 par.&nbsp;4}<\/td><\/tr><tr><td><\/td><\/tr><tr><td>Cet homme fait imprimer des tracts et des discours et a les repr\u00e9sentations les plus frappantes et les figures des deux mille trois cents jours, du sanctuaire et de chaque point de la v\u00e9rit\u00e9 pr\u00e9sente se d\u00e9tachant dans des repr\u00e9sentations vivantes.&nbsp;Il est, croyons-nous, le messager de Dieu pour r\u00e9veiller les \u00e9glises.&nbsp;{Lt351-1905}<\/td><\/tr><tr><td><\/td><\/tr><tr><td>Des tracts sur les points importants de la v\u00e9rit\u00e9 pour le temps pr\u00e9sent devraient \u00eatre distribu\u00e9s librement \u00e0 tous ceux qui les accepteront.&nbsp;.&nbsp;.&nbsp;.&nbsp;Vous devez semer au bord de toutes les eaux.&nbsp;{PH122 5.4}<\/td><\/tr><tr><td><\/td><\/tr><tr><td>Nous avons besoin de BROCHURES dans nos r\u00e9unions de camp qui contiennent des notes et des titres pointus sur des points importants de notre foi, comme la question du sabbat.&nbsp;\u00c9galement sur la pr\u00e9servation de la loi de Dieu dans l&#8217;arche, son immuabilit\u00e9, sa survie \u00e0 la croix et sa force sur laquelle il faut s&#8217;attarder.&nbsp;Un autre point qui doit \u00eatre clairement d\u00e9fini est l&#8217;apostasie m\u00e9chante de la Loi de Dieu, et la n\u00e9gligence de suivre les instructions sp\u00e9ciales, donn\u00e9es par J\u00e9sus-Christ Lui-m\u00eame \u00e0 l&#8217;ancien Isra\u00ebl, pour enseigner diligemment \u00e0 leurs enfants les commandements de Dieu.&nbsp;{Lt20-1893}<\/td><\/tr><tr><td><\/td><\/tr><tr><td>Nous avons re\u00e7u les BROCHURES en r\u00e9f\u00e9rence \u00e0 la R\u00e9demption et aux Ap\u00f4tres.&nbsp;{Lt14-1878}<\/td><\/tr><tr><td><\/td><\/tr><tr><td>Avec la Parole de Dieu, les publications et les TRACTS sortent avec &#8220;l&#8217;\u00e9p\u00e9e de l&#8217;Esprit&#8221;.&nbsp;{Ms151-1906}<\/td><\/tr><tr><td><\/td><\/tr><tr><td>Remettez nos et BROCHURES \u00e0 ceux avec qui vous vous associez, lorsque vous montez sur les voitures, visitez, conversez avec vos voisins;&nbsp;et am\u00e9liorez chaque occasion de dire un mot en saison.&nbsp;Le Saint-Esprit rendra la semence productive dans certains c\u0153urs.&nbsp;{RH, 18 juin 1908 par.&nbsp;3}<\/td><\/tr><tr><td><\/td><\/tr><tr><td>Nos LIVRES et TRAITS et iront l\u00e0 o\u00f9 nous ne pouvons pas aller.&nbsp;Au fur et \u00e0 mesure que ces messagers seront envoy\u00e9s, ils donneront leur message.&nbsp;Personne ne peut entrer en controverse avec eux, car ils ne peuvent pas r\u00e9pliquer.&nbsp;Ils se pr\u00e9sentent comme des t\u00e9moins muets mais puissants de la v\u00e9rit\u00e9.&nbsp;{Ms81-1901}<\/td><\/tr><tr><td><\/td><\/tr><tr><td>Ils peuvent devenir des ouvriers pour Dieu en distribuant \u00e0 leurs voisins des TRAITS qui repr\u00e9sentent correctement notre foi, et en envoyant ces messagers silencieux par courrier \u00e0 ceux qui sont dispos\u00e9s \u00e0 lire et \u00e0 enqu\u00eater.&nbsp;{RH, 10 d\u00e9cembre 1914 par.&nbsp;3}<\/td><\/tr><tr><td><\/td><\/tr><tr><td>Les publications doivent avoir \u00e9t\u00e9 publi\u00e9es dans diff\u00e9rentes langues.&nbsp;{Lt188-1899}<\/td><\/tr><tr><td><\/td><\/tr><tr><td>Des tracts contenant la lumi\u00e8re de la v\u00e9rit\u00e9 pr\u00e9sente devraient \u00eatre dispers\u00e9s parmi les gens comme les feuilles de l&#8217;automne.&nbsp;Pour beaucoup de ceux qui assistent \u00e0 ces rassemblements, ces FEUILLETS seraient comme les feuilles de l&#8217;arbre de vie, qui sont pour la gu\u00e9rison des nations.&nbsp;{Lt296-1904}<\/td><\/tr><tr><td><\/td><\/tr><tr><td>Nous ne savons pas quels peuvent \u00eatre les r\u00e9sultats de la distribution d&#8217;un BROCHURE contenant la v\u00e9rit\u00e9 pr\u00e9sente.&nbsp;{Ms108-1902}<\/td><\/tr><tr><td><\/td><\/tr><tr><td>Des BROCHURES et des LIVRES devraient \u00eatre pr\u00e9par\u00e9s contenant des sujets sur des points importants de la v\u00e9rit\u00e9 pr\u00e9sente en anglais, allemand, fran\u00e7ais, su\u00e9dois, danois et italien.&nbsp;{Lt34-1875}<\/td><\/tr><tr><td><\/td><\/tr><tr><td>La distribution de notre LITT\u00c9RATURE est un moyen par lequel le message doit \u00eatre proclam\u00e9.&nbsp;Que chaque croyant se disperse, diffuse des TRACES, des BROCHURES et des LIVRES contenant le message pour cette \u00e9poque.&nbsp;{SW, 5 janvier 1904 par.&nbsp;2}<\/td><\/tr><tr><td><\/td><\/tr><tr><td>J&#8217;ai le sentiment que nous devrions avoir plus de BROCHURES et de TRACES au lieu d&#8217;en avoir moins.&nbsp;Nous devrions en avoir beaucoup plus \u00e0 disperser comme les feuilles d&#8217;automne.&nbsp;Je me sens accabl\u00e9 par cette affaire.&nbsp;Si des tracts et des tracts de deux, quatre ou six pages \u00e9taient publi\u00e9s pour que, apr\u00e8s chaque discours, ces petits d\u00e9fenseurs de la v\u00e9rit\u00e9 puissent \u00eatre distribu\u00e9s gratuitement, {Lt141-1893}<\/td><\/tr><tr><td><\/td><\/tr><tr><td>Soyons tous pleinement pr\u00e9par\u00e9s \u00e0 r\u00e9pandre la lumi\u00e8re par la parole et par la BROCHURE.&nbsp;Il devrait y avoir des centaines de petits TRACTS \u00e9parpill\u00e9s comme les feuilles en automne.&nbsp;{Lt31-1897}<\/td><\/tr><tr><td><\/td><\/tr><tr><td>Les livres et les TRACTS, et surtout la Bible, invitent tous \u00e0 \u00e9tudier attentivement, afin qu&#8217;ils deviennent intelligents sur les sujets les plus importants qui r\u00e9v\u00e9leront leur devoir dans cette vie, et leur donnent une connaissance correcte de la fa\u00e7on de se pr\u00e9parer \u00e0 la vie meilleure que celle-ci.&nbsp;{Lt5-1877}<\/td><\/tr><tr><td><\/td><\/tr><tr><td>Je les ai vus tenant des TRACES dans une main, et la Bible dans l&#8217;autre, tandis que leurs joues \u00e9taient humides de larmes ;&nbsp;et s&#8217;inclinant devant Dieu dans une pri\u00e8re sinc\u00e8re et humble, pour \u00eatre guid\u00e9 dans toute la v\u00e9rit\u00e9, &#8211; la chose m\u00eame qu&#8217;il faisait pour eux avant qu&#8217;ils ne l&#8217;invoquent.&nbsp;{LS 215.1}<\/td><\/tr><tr><td><\/td><\/tr><tr><td>Il y a plusieurs ann\u00e9es que la lumi\u00e8re m&#8217;a \u00e9t\u00e9 donn\u00e9e quant \u00e0 la n\u00e9cessit\u00e9 de publier des PETITS LIVRES contenant des histoires bibliques et d&#8217;autres contenant une partie de la Bible imprim\u00e9e dans son ensemble.&nbsp;{Lt1-1903}<\/td><\/tr><tr><td><\/td><\/tr><tr><td>Certains tireraient plus d&#8217;avantages des ARTICLES et des TRACES que des LIVRES.&nbsp;Les DOCUMENTS, LES TRAITS et LES BROCHURES qui s&#8217;attardent sur les le\u00e7ons bibliques ont tous besoin d&#8217;attention dans le travail de prospection, car ils sont comme de petits coins qui ouvrent la voie \u00e0 des travaux plus importants.&nbsp;{MC 48.1}<\/td><\/tr><tr><td><\/td><\/tr><tr><td>Par des lettres, par des conversations, par des TRACTS, par des pri\u00e8res, par des appels et des avertissements, aussi bien que par un exemple saint et sinc\u00e8re, a-t-il essay\u00e9 de r\u00e9cup\u00e9rer l&#8217;errance ou d&#8217;\u00e9difier le croyant.&nbsp;{Lt40-1892}<\/td><\/tr><tr><td><\/td><\/tr><tr><td>TRAITS, PAPIERS et LIVRES, selon le cas, devraient \u00eatre distribu\u00e9s dans toutes les villes et villages du pays.&nbsp;Voici un travail missionnaire dans lequel tous peuvent s&#8217;engager. {Lt3-1913}<\/td><\/tr><tr><td><\/td><\/tr><tr><td>Que les travailleurs aient \u00e0 port\u00e9e de main des BROCHURES et des TRACTS contenant les meilleures s\u00e9lections.&nbsp;Si ceux-ci ne peuvent pas \u00eatre facilement vendus, qu&#8217;ils soient donn\u00e9s ;&nbsp;et de bons r\u00e9sultats seront vus de la graine ainsi sem\u00e9e.&nbsp;{Ms81-1906}<\/td><\/tr><tr><td><\/td><\/tr><tr><td>C&#8217;est maintenant qu&#8217;il faut travailler.&nbsp;Des tracts et des p\u00e9riodiques, donnant des avertissements clairs, devraient \u00eatre dispers\u00e9s partout.&nbsp;{RH, 30 mars 1911 par.&nbsp;18}<\/td><\/tr><tr><td><\/td><\/tr><tr><td>Les DOCUMENTS et les BROCHURES et les TRAITS ont tous besoin d&#8217;attention dans le travail de d\u00e9marchage, car ils sont comme de petits coins qui ouvrent la voie \u00e0 des travaux plus importants.&nbsp;{Ms122-1899}<\/td><\/tr><tr><td><\/td><\/tr><tr><td>Les discours pr\u00e9sentant les raisons de notre foi devraient \u00eatre publi\u00e9s dans de petits feuillets et diffus\u00e9s le plus largement possible.&nbsp;Ceux qui introduisent le levain de la v\u00e9rit\u00e9 parmi la masse de fausses th\u00e9ories et doctrines peuvent s&#8217;attendre \u00e0 de l&#8217;opposition.&nbsp;Les batteries de Satan seront ouvertes sur ceux qui pr\u00f4nent la v\u00e9rit\u00e9, et les porte-drapeaux doivent s&#8217;attendre \u00e0 rencontrer de nombreux ricanements et beaucoup d&#8217;injures difficiles \u00e0 supporter.&nbsp;{Ms95-1894}<\/td><\/tr><tr><td><\/td><\/tr><tr><td>Ils ont pri\u00e9, ils ont tendu la main \u00e0 Dieu et ils ont envoy\u00e9 partout des TRAITS et des BROCHURES.&nbsp;Et partout o\u00f9 ces lectures sont all\u00e9es, la lumi\u00e8re de la v\u00e9rit\u00e9 du sabbat a p\u00e9n\u00e9tr\u00e9.&nbsp;Un travail s\u00e9rieux a \u00e9t\u00e9 fait, et constamment nos pri\u00e8res montaient vers Dieu, qu&#8217;il laisserait reposer son pouvoir sur tous ceux qui \u00e9taient engag\u00e9s dans le travail.&nbsp;{RH, 25 mai 1905 par.&nbsp;6}<\/td><\/tr><tr><td><\/td><\/tr><tr><td>Nous avons donn\u00e9 beaucoup de nos grands et petits livres aux familles qui ne pouvaient pas les acheter, leur demandant de les lire et de les pr\u00eater \u00e0 leurs voisins.&nbsp;De cette fa\u00e7on, nous mettons une famille \u00e0 travailler pour les familles voisines.&nbsp;Ils se r\u00e9unissaient et lisaient les LIVRES \u00e0 haute voix.&nbsp;En cons\u00e9quence, la conviction a \u00e9t\u00e9 apport\u00e9e au c\u0153ur de certains et les \u00e2mes ont \u00e9t\u00e9 converties.&nbsp;{Lt102-1908}<\/td><\/tr><tr><td><\/td><\/tr><tr><td>Nous avons fait circuler des AVIS, des BROCHURES, des TRACTS, \u2026.. Les ouvriers allaient de maison en maison.&nbsp;Cela a \u00e9t\u00e9 une affaire tr\u00e8s co\u00fbteuse, mais nous avons sem\u00e9 la graine sur le terrain qui s&#8217;est jusqu&#8217;ici av\u00e9r\u00e9 fructueux, ne sachant pas ce qui prosp\u00e9rera, ceci ou cela.&nbsp;Un Paul peut planter, un Apollos arroser, mais Dieu fait cro\u00eetre.&nbsp;{Lt85a-1893}<\/td><\/tr><tr><td><\/td><\/tr><tr><\/tr><\/tbody><\/table><\/figure>\n","protected":false},"excerpt":{"rendered":"\n<\/p>\n<p> Dieu veut que les p\u00e9riodiques, les brochures et les livres sortis de l&#8217;office b\u00e9nissent le monde entier de rayons de lumi\u00e8re qui, comme les rayons du soleil, p\u00e9n\u00e9treront l&#8217;obscurit\u00e9 dense qui couvre la terre comme un drap fun\u00e9raire ;&nbsp;mais \u00e0 moins que les hommes n&#8217;avancent dans la sagesse spirituelle, dans la gr\u00e2ce, dans [&#8230;]<\/p>\n","protected":false},"author":4,"featured_media":0,"parent":0,"menu_order":0,"comment_status":"closed","ping_status":"closed","template":"","meta":{"footnotes":""},"class_list":["post-366","page","type-page","status-publish","hentry","odd"],"_links":{"self":[{"href":"https:\/\/www.xn--motdedieuexpliqu-qqb.com\/index.php\/wp-json\/wp\/v2\/pages\/366","targetHints":{"allow":["GET"]}}],"collection":[{"href":"https:\/\/www.xn--motdedieuexpliqu-qqb.com\/index.php\/wp-json\/wp\/v2\/pages"}],"about":[{"href":"https:\/\/www.xn--motdedieuexpliqu-qqb.com\/index.php\/wp-json\/wp\/v2\/types\/page"}],"author":[{"embeddable":true,"href":"https:\/\/www.xn--motdedieuexpliqu-qqb.com\/index.php\/wp-json\/wp\/v2\/users\/4"}],"replies":[{"embeddable":true,"href":"https:\/\/www.xn--motdedieuexpliqu-qqb.com\/index.php\/wp-json\/wp\/v2\/comments?post=366"}],"version-history":[{"count":3,"href":"https:\/\/www.xn--motdedieuexpliqu-qqb.com\/index.php\/wp-json\/wp\/v2\/pages\/366\/revisions"}],"predecessor-version":[{"id":1085,"href":"https:\/\/www.xn--motdedieuexpliqu-qqb.com\/index.php\/wp-json\/wp\/v2\/pages\/366\/revisions\/1085"}],"wp:attachment":[{"href":"https:\/\/www.xn--motdedieuexpliqu-qqb.com\/index.php\/wp-json\/wp\/v2\/media?parent=366"}],"curies":[{"name":"wp","href":"https:\/\/api.w.org\/{rel}","templated":true}]}}