{"id":37,"date":"2019-09-03T18:44:33","date_gmt":"2019-09-03T17:44:33","guid":{"rendered":"http:\/\/www.xn--motdedieuexpliqu-qqb.com\/?page_id=37"},"modified":"2023-04-05T11:00:36","modified_gmt":"2023-04-05T10:00:36","slug":"dieu-et-les-anniversaires-1","status":"publish","type":"page","link":"https:\/\/www.xn--motdedieuexpliqu-qqb.com\/index.php\/dieu-et-les-anniversaires-1\/","title":{"rendered":"Dieu et les Anniversaires 1"},"content":{"rendered":"\n<figure class=\"wp-block-table has-medium-font-size\"><table><tbody><tr><td><\/td><\/tr><tr><td><\/td><\/tr><tr><td><strong>Les suggestions de Satan sont ex\u00e9cut\u00e9es dans beaucoup, beaucoup de choses.<\/strong>&nbsp;<strong>Nos anniversaires d\u2019anniversaire et nos f\u00eates de No\u00ebl et d\u2019Action de gr\u00e2ce sont trop souvent consacr\u00e9s \u00e0 la gratification \u00e9go\u00efste, alors que l\u2019esprit devrait \u00eatre dirig\u00e9 vers la mis\u00e9ricorde et la bont\u00e9 de Dieu.<\/strong>&nbsp;<strong>Dieu est m\u00e9content que sa bont\u00e9, son souci constant, son amour incessant, ne soient pas \u00e9voqu\u00e9s lors de ces anniversaires.<\/strong>&nbsp;[CS 295.2 1940]<\/td><\/tr><tr><td>Si tout l&#8217;argent qui est utilis\u00e9 de mani\u00e8re extravagante, pour des choses inutiles, \u00e9tait plac\u00e9 dans le tr\u00e9sor de Dieu, nous devrions voir des hommes, des femmes et des jeunes se donner \u00e0 J\u00e9sus et faire leur part pour coop\u00e9rer avec Christ et les anges.&nbsp;La b\u00e9n\u00e9diction la plus riche de Dieu entrerait dans nos \u00e9glises et beaucoup d&#8217;\u00e2mes seraient converties \u00e0 la v\u00e9rit\u00e9. \u2013 R.&nbsp;&amp; H., 23 d\u00e9cembre 1890. [CS 295.3 1940]<\/td><\/tr><tr><td><\/td><\/tr><tr><td><strong>Je ne vois aucune objection \u00e0 placer m\u00eame dans nos \u00e9glises un arbre de No\u00ebl ou du nouvel an portant des fruits sous forme de cadeaux et d\u2019offrandes pour la cause de Dieu.<\/strong>&nbsp;<strong>Nous pouvons donc profiter de l\u2019occasion pour transformer les cadeaux de la saison habituels dans le bon canal.<\/strong>&nbsp;<strong>Et une telle c\u00e9l\u00e9bration de f\u00eate est une le\u00e7on utile pour nos enfants, leur apprendre \u00e0 accorder leurs dons de mani\u00e8re \u00e0 honorer leur R\u00e9dempteur.<\/strong>&nbsp;<strong>Mais lorsque nous consacrons nos moyens et notre travail \u00e0 nous r\u00e9galer, nous ne parvenons pas \u00e0 rendre \u00e0 Dieu l&#8217;honneur qui lui est d\u00fb.<\/strong>&nbsp;[ST, 4 janvier 1883, par.&nbsp;7]<\/td><\/tr><tr><td><strong>\u00c0 partir de ce moment, j&#8217;ai r\u00e9solu de faire de Christ le premier, le dernier et le meilleur en tout.<\/strong>&nbsp;<strong>Je ne sanctionnerai pas les f\u00eates pr\u00e9par\u00e9es pour c\u00e9l\u00e9brer un anniversaire ou un mariage, mais je d\u00e9ploierai toutes mes \u00e9nergies pour \u00e9lever J\u00e9sus parmi le peuple.<\/strong>&nbsp;<strong>Je chercherai \u00e0 faire comprendre \u00e0 l&#8217;esprit de mes fr\u00e8res et s\u0153urs la grande n\u00e9cessit\u00e9 de pr\u00e9parer le c\u0153ur, par la confession et l&#8217;humiliation, \u00e0 \u00eatre accept\u00e9 de Dieu et \u00e0 \u00eatre reconnu comme ses chers enfants.<\/strong>&nbsp;Mon c\u0153ur a fait mal lorsque j&#8217;ai vu des hommes honor\u00e9s, alors que J\u00e9sus a \u00e9t\u00e9 n\u00e9glig\u00e9 et presque oubli\u00e9: des cadeaux lib\u00e9raux pour des amis terrestres, mais des offrandes pauvres et maigres pour celui \u00e0 qui nous devons tout.&nbsp;[ST, 4 janvier 1883, par.&nbsp;8]<\/td><\/tr><tr><td>Le Christ a ouvert devant nous le chemin lumineux de la paix, de la joie, du ciel;&nbsp;et qu&#8217;avons-nous fait pour lui en ces occasions o\u00f9 chaque mot et chaque acte devraient exprimer notre gratitude pour son merveilleux amour?&nbsp;Comment r\u00e9sume l&#8217;histoire de No\u00ebl pass\u00e9?&nbsp;Avons-nous donn\u00e9 \u00e0 J\u00e9sus tout ce qu&#8217;il y a de nous?&nbsp;Est-ce que nous nous sommes ni\u00e9s pour montrer notre affection pour notre meilleur ami?&nbsp;Avons-nous fait un compte rendu que nous n&#8217;aurons pas honte de rencontrer le jour des comptes d\u00e9finitifs?&nbsp;Si tout le monde r\u00e9alisait comme il se doit la bri\u00e8vet\u00e9 du temps, les r\u00e9trogrades de notre peuple, les p\u00e9rils qui assaillent notre route, les d\u00e9ceptions de Satan et ses victoires sur les \u00e2mes non gard\u00e9es, il n&#8217;y aurait pas de festin, pas de rassemblements joyeux pour faire honneur \u00e0 la Humain;&nbsp;mais il y aurait une grande humilit\u00e9 de c\u0153ur devant Dieu et une pri\u00e8re sinc\u00e8re pour la gr\u00e2ce qui pardonne et sanctifie.&nbsp;[ST, 4 janvier 1883, par.&nbsp;9]<\/td><\/tr><tr><td><\/td><\/tr><tr><td><strong>Cadeaux de No\u00ebl pour le Christ.<\/strong><\/td><\/tr><tr><td>No\u00ebl et le Nouvel An seront bient\u00f4t l\u00e0, et quels plans faisons-nous en ce qui les concerne?&nbsp;Comment allons-nous les employer pour \u00eatre ouvriers avec Dieu?&nbsp;<strong>Les gens en g\u00e9n\u00e9ral c\u00e9l\u00e8brent l&#8217;anniversaire d\u00e9clar\u00e9 de la naissance du Sauveur, en se r\u00e9galant et en s&#8217;amusant, et en faisant des cadeaux \u00e0 des amis terrestres.<\/strong>&nbsp;<strong>Le temps, la pens\u00e9e et l&#8217;argent sont consacr\u00e9s \u00e0 ces choses et le Christ et sa cause sont n\u00e9glig\u00e9s.<\/strong>&nbsp;<strong>Le jour m\u00eame choisi pour honorer le Christ est consacr\u00e9 par beaucoup \u00e0 se honorer et \u00e0 se faire plaisir.<\/strong>&nbsp;<strong>Nomm\u00e9 pour garder le Sauveur en souvenir, il est utilis\u00e9 pour l\u2019oublier.<\/strong>&nbsp;[ST, 8 d\u00e9cembre 1887, par.&nbsp;1]<\/td><\/tr><tr><td><strong>Le chr\u00e9tien devrait suivre un cours oppos\u00e9 \u00e0 celui-ci.<\/strong>&nbsp;\u00c0 ces saisons, la gr\u00e2ce de Dieu nous est pr\u00e9sent\u00e9e d&#8217;une mani\u00e8re sp\u00e9ciale.&nbsp;Nous devons non seulement rappeler les nombreuses b\u00e9n\u00e9dictions de l&#8217;ann\u00e9e, les riches dons que la Providence a accord\u00e9s avec tant de g\u00e9n\u00e9rosit\u00e9, mais surtout nous rappeler le don inestimable du cher Fils de Dieu.&nbsp;Voici un th\u00e8me de r\u00e9flexion sans fin.&nbsp;La perfection du caract\u00e8re de notre Sauveur suscite l&#8217;admiration des anges.&nbsp;Le plus brillant et le plus \u00e9lev\u00e9 des fils du matin annon\u00e7ait sa gloire lors de la cr\u00e9ation et annon\u00e7ait sa naissance avec des chants de joie.&nbsp;Ils se voilent devant lui alors qu&#8217;il est assis sur son tr\u00f4ne;&nbsp;ils jettent leurs couronnes \u00e0 ses pieds et chantent ses triomphes en voyant sa gloire resplendissante.&nbsp;Pourtant, cet \u00eatre glorieux aimait le pauvre p\u00e9cheur et prenait sur lui la forme d&#8217;un serviteur afin qu&#8217;il puisse souffrir et mourir pour l&#8217;homme.&nbsp;J\u00e9sus aurait pu rester \u00e0 la droite du P\u00e8re, portant la couronne royale et les robes royales;&nbsp;mais il a choisi d&#8217;\u00e9changer toutes les richesses, l&#8217;honneur et la gloire du Ciel contre la pauvret\u00e9 de l&#8217;humanit\u00e9 et son poste de haut commandement contre l&#8217;angoisse de Geths\u00e9mani, ainsi que l&#8217;humiliation et l&#8217;agonie du Calvaire.&nbsp;[ST, 8 d\u00e9cembre 1887, par.&nbsp;2]<\/td><\/tr><tr><td><\/td><\/tr><tr><td><strong>Cadeaux d&#8217;anniversaire et de vacances.<\/strong><\/td><\/tr><tr><td><strong>Pour les anniversaires et les f\u00eates de fin d&#8217;ann\u00e9e, les gens sont habitu\u00e9s \u00e0 se faire des cadeaux.<\/strong>&nbsp;<strong>Les pens\u00e9es, l&#8217;int\u00e9r\u00eat et la d\u00e9votion sont dirig\u00e9s vers les \u00eatres humains, tandis que Dieu est oubli\u00e9.<\/strong>&nbsp;<strong>Lors des anniversaires, les enfants apprennent \u00e0 attendre des cadeaux et des attentions.<\/strong>&nbsp;<strong>Trop souvent, la le\u00e7on est donn\u00e9e.<\/strong>&nbsp;<strong>L&#8217;esprit est d\u00e9tourn\u00e9 de Dieu pour s&#8217;auto.<\/strong>&nbsp;<strong>C&#8217;est comme Satan l&#8217;aurait;<\/strong>&nbsp;<strong>mais le Christ veut nous enseigner une le\u00e7on diff\u00e9rente.<\/strong>&nbsp;\u00c0 ces occasions, il souhaite que nos pens\u00e9es se tournent vers la grande bont\u00e9 de Dieu dans l&#8217;\u0153uvre du salut et il nous invite \u00e0 nous unir \u00e0 lui dans sa mission de sacrifice.&nbsp;Pour nous, le Christ s&#8217;est livr\u00e9 \u00e0 une vie d&#8217;abn\u00e9gation et de pauvret\u00e9.&nbsp;Il \u00e9tait sans luxe, sans ornement, sans maisons ni terres&nbsp;.&nbsp;Il a dit: \u00abLes renards ont des trous et les oiseaux du ciel ont des nids.&nbsp;mais le Fils de l&#8217;homme n&#8217;a pas d&#8217;endroit o\u00f9 reposer sa t\u00eate. \u201dIl s&#8217;est donn\u00e9 en offrande sans p\u00e9ch\u00e9, pour que les hommes puissent avoir l&#8217;occasion de retourner \u00e0 Dieu.&nbsp;Aujourd&#8217;hui, l&#8217;observateur c\u00e9leste attend de voir qui appr\u00e9ciera cet inestimable cadeau.&nbsp;Il attend de voir qui lui t\u00e9moignera sa reconnaissance en se sacrifiant pour ceux pour lesquels il est mort.&nbsp;[PH004 25.1 1898]<\/td><\/tr><tr><td><\/td><\/tr><tr><td><strong>L\u2019\u00e9cole d\u2019Avondale doit servir de mod\u00e8le \u00e0 d\u2019autres \u00e9coles qui seront cr\u00e9\u00e9es parmi notre peuple.<\/strong>&nbsp;<strong>Les jeux et les divertissements sont la mal\u00e9diction des colonies, et ils ne doivent pas \u00eatre autoris\u00e9s dans notre \u00e9cole ici.<\/strong>&nbsp;.&nbsp;.&nbsp;.&nbsp;[8MR 74.4 1990]<\/td><\/tr><tr><td><strong>Mardi 17 avril 1900.\u2013<\/strong>&nbsp;Mon c\u0153ur \u00e9tait pein\u00e9 d&#8217;apprendre que, malgr\u00e9 mon intervention devant l&#8217;\u00e9cole vendredi matin, lorsque j&#8217;ai lu un t\u00e9moignage sur les divertissements et pr\u00e9sent\u00e9 aux \u00e9l\u00e8ves le danger des jeux, la facult\u00e9 n&#8217;avait pas la sagesse ni le discernement. comprendre comment approfondir l\u2019impression faite.&nbsp;.&nbsp;.&nbsp;.&nbsp;[8MR 74.5 1990]<\/td><\/tr><tr><td>Une chose est \u00e0 faire clairement et r\u00e9solument.&nbsp;Les divertissements ne doivent pas faire partie de l&#8217;\u00e9ducation donn\u00e9e aux \u00e9tudiants de notre \u00e9cole ici.[8MR 74.6 1990]<\/td><\/tr><tr><td><strong>Mercredi 18 avril 1900.\u2013<\/strong>&nbsp;Le Seigneur m&#8217;a b\u00e9ni, grandement b\u00e9ni, car j&#8217;ai pris position en ce qui concerne la question de l&#8217;amusement et les jeux qui ont \u00e9t\u00e9 imprudemment introduits par la facult\u00e9, sans un mot de conseil avec moi.&nbsp;Nous ne devrions pas oublier ce qui s&#8217;est pass\u00e9 dans le pass\u00e9 en Am\u00e9rique.&nbsp;Je suppose que ces jeux n&#8217;auraient pas \u00e9t\u00e9 introduits et se poursuivraient \u00e0 l&#8217;&nbsp;<strong>anniversaire<\/strong>&nbsp;de l&#8217;ouverture de notre \u00e9cole \u00e0 Cooranbong.\u00c9tait-ce le service d&#8217;action de gr\u00e2ce qui aurait d\u00fb \u00eatre rendu \u00e0 Dieu?&nbsp;Je suis d\u00e9sol\u00e9 de penser cela, et on me dit de dire: Tous ces mouvements doivent \u00eatre vivement r\u00e9primand\u00e9s;&nbsp;car rien n&#8217;a \u00e9t\u00e9 m\u00e9nag\u00e9 sur ce point. &#8211; Mme 92, 1900, p. 6-8.&nbsp;(Journal des 16 au 18 avril 1900)<\/td><\/tr><tr><td>Paru le 20 mai 1977. [8MR 75.1 1990]<\/td><\/tr><tr><td><\/td><\/tr><\/tbody><\/table><\/figure>\n","protected":false},"excerpt":{"rendered":"<p> Les suggestions de Satan sont ex\u00e9cut\u00e9es dans beaucoup, beaucoup de choses.&nbsp;Nos anniversaires d\u2019anniversaire et nos f\u00eates de No\u00ebl et d\u2019Action de gr\u00e2ce sont trop souvent consacr\u00e9s \u00e0 la gratification \u00e9go\u00efste, alors que l\u2019esprit devrait \u00eatre dirig\u00e9 vers la mis\u00e9ricorde et la bont\u00e9 de Dieu.&nbsp;Dieu est m\u00e9content que sa bont\u00e9, son souci constant, son amour [&#8230;]<\/p>\n","protected":false},"author":4,"featured_media":0,"parent":0,"menu_order":0,"comment_status":"closed","ping_status":"closed","template":"","meta":{"footnotes":""},"class_list":["post-37","page","type-page","status-publish","hentry","odd"],"_links":{"self":[{"href":"https:\/\/www.xn--motdedieuexpliqu-qqb.com\/index.php\/wp-json\/wp\/v2\/pages\/37","targetHints":{"allow":["GET"]}}],"collection":[{"href":"https:\/\/www.xn--motdedieuexpliqu-qqb.com\/index.php\/wp-json\/wp\/v2\/pages"}],"about":[{"href":"https:\/\/www.xn--motdedieuexpliqu-qqb.com\/index.php\/wp-json\/wp\/v2\/types\/page"}],"author":[{"embeddable":true,"href":"https:\/\/www.xn--motdedieuexpliqu-qqb.com\/index.php\/wp-json\/wp\/v2\/users\/4"}],"replies":[{"embeddable":true,"href":"https:\/\/www.xn--motdedieuexpliqu-qqb.com\/index.php\/wp-json\/wp\/v2\/comments?post=37"}],"version-history":[{"count":3,"href":"https:\/\/www.xn--motdedieuexpliqu-qqb.com\/index.php\/wp-json\/wp\/v2\/pages\/37\/revisions"}],"predecessor-version":[{"id":1145,"href":"https:\/\/www.xn--motdedieuexpliqu-qqb.com\/index.php\/wp-json\/wp\/v2\/pages\/37\/revisions\/1145"}],"wp:attachment":[{"href":"https:\/\/www.xn--motdedieuexpliqu-qqb.com\/index.php\/wp-json\/wp\/v2\/media?parent=37"}],"curies":[{"name":"wp","href":"https:\/\/api.w.org\/{rel}","templated":true}]}}