{"id":45,"date":"2019-09-03T18:50:48","date_gmt":"2019-09-03T17:50:48","guid":{"rendered":"http:\/\/www.xn--motdedieuexpliqu-qqb.com\/?page_id=45"},"modified":"2023-04-05T10:56:55","modified_gmt":"2023-04-05T09:56:55","slug":"dieu-et-vote","status":"publish","type":"page","link":"https:\/\/www.xn--motdedieuexpliqu-qqb.com\/index.php\/dieu-et-vote\/","title":{"rendered":"Dieu et Vote"},"content":{"rendered":"\n<figure class=\"wp-block-table has-medium-font-size\"><table><tbody><tr><td><\/td><\/tr><tr><td><\/td><\/tr><tr><td><strong>Politique<\/strong>&nbsp;&#8211; il est rare qu&#8217;un jour se passe sans que ce soit dans les nouvelles.<\/td><\/tr><tr><td><\/td><\/tr><tr><td>Donc, nous sommes assez vieux pour voter [ou du moins la plupart d&#8217;entre nous] mais&nbsp;<strong>devrions-nous voter?<\/strong><\/td><\/tr><tr><td><\/td><\/tr><tr><td>D&#8217;Esprit de proph\u00e9tie, voici les directives de Dieu qu&#8217;il nous a donn\u00e9es:<\/td><\/tr><tr><td><\/td><\/tr><tr><td><strong>Le Seigneur voudrait que son peuple enterre des questions politiques.<\/strong>&nbsp;<strong>Sur ces th\u00e8mes, le silence est \u00e9loquence.<\/strong>&nbsp;Le Christ appelle ses disciples \u00e0 s&#8217;unir selon les principes purs de l&#8217;\u00c9vangile qui sont clairement r\u00e9v\u00e9l\u00e9s dans la parole de Dieu.&nbsp;<strong>Nous ne pouvons pas voter avec la s\u00e9curit\u00e9 pour les partis politiques;<\/strong>&nbsp;<strong>car nous ne savons pas pour qui nous votons.<\/strong>&nbsp;<strong>Nous ne pouvons en toute s\u00e9curit\u00e9 prendre part \u00e0 aucun stratag\u00e8me politique.<\/strong>&nbsp;Nous ne pouvons pas travailler pour plaire aux hommes qui useront de leur influence pour r\u00e9primer la libert\u00e9 religieuse et pour mettre en \u0153uvre des mesures oppressives afin de diriger ou d&#8217;obliger leurs semblables \u00e0 observer le dimanche comme le sabbat.&nbsp;Le premier jour de la semaine n&#8217;est pas un jour \u00e0 c\u00e9l\u00e9brer.&nbsp;Il s&#8217;agit d&#8217;un faux sabbat et les membres de la famille du Seigneur ne peuvent pas participer avec les hommes qui exaltent ce jour et violent la loi de Dieu en pi\u00e9tinant son sabbat.&nbsp;Le peuple de Dieu ne doit pas voter pour placer de tels hommes au pouvoir;&nbsp;car, lorsqu&#8217;ils le font, ils participent aux p\u00e9ch\u00e9s qu&#8217;ils commettent en \u00e9tant en fonction.&nbsp;{GW 391.2} 1915 &amp; {FE 475.2} 1923;&nbsp;ainsi que {CCh 316.2} 1923 pour les 4 premi\u00e8res phrases.<\/td><\/tr><tr><td><\/td><\/tr><tr><td><strong>\u201cSois s\u00e9par\u00e9\u201d<\/strong><\/td><\/tr><tr><td>J&#8217;appelle mes fr\u00e8res qui sont nomm\u00e9s \u00e0 \u00e9duquer, \u00e0 changer de ligne de conduite.&nbsp;<strong>C&#8217;est une erreur pour vous de lier vos int\u00e9r\u00eats \u00e0 n&#8217;importe quel parti politique, de voter avec eux ou pour eux.<\/strong>&nbsp;Ceux qui jouent le r\u00f4le d&#8217;\u00e9ducateurs, de ministres, d&#8217;ouvriers avec Dieu, peu importe leur rang, n&#8217;ont aucune bataille \u00e0 mener dans le monde politique.&nbsp;Leur citoyennet\u00e9 est au paradis.&nbsp;Le Seigneur leur demande de se pr\u00e9senter comme un peuple s\u00e9par\u00e9 et particulier.&nbsp;Il n&#8217;aurait aucun schisme dans le corps des croyants.&nbsp;Son peuple doit poss\u00e9der les \u00e9l\u00e9ments de la r\u00e9conciliation.&nbsp;{GW 393.2} 1915<\/td><\/tr><tr><td><\/td><\/tr><tr><td>Notre travail consiste \u00e0 regarder, \u00e0 attendre et \u00e0 prier.&nbsp;Rechercher les Ecritures.&nbsp;Christ vous a averti de ne pas vous m\u00ealer au monde.&nbsp;Nous devons sortir d\u2019eux et \u00eatre s\u00e9par\u00e9s \u00abet ne pas toucher \u00e0 l\u2019impuret\u00e9;&nbsp;et je vous recevrai, et je serai un p\u00e8re pour vous, et vous serez mes fils et mes filles, dit le Seigneur tout-puissant \u00bb(2 Corinthiens 6:17, 18).&nbsp;<strong>Quelles que soient les opinions que vous pourriez avoir en ce qui concerne votre vote sur des questions politiques, vous ne devez pas le proclamer \u00e0 la plume ou \u00e0 la voix.<\/strong>&nbsp;<strong>Notre peuple doit rester silencieux sur des questions sans rapport avec le message du troisi\u00e8me ange.<\/strong>&nbsp;<strong>Si jamais un peuple devait s&#8217;approcher de Dieu, ce sont les adventistes du septi\u00e8me jour.<\/strong>&nbsp;Il y a eu des dispositifs et des plans merveilleux.&nbsp;Un d\u00e9sir ardent s&#8217;est empar\u00e9 d&#8217;hommes ou de femmes pour proclamer ou lier quelque chose;&nbsp;ils ne savent pas quoi.&nbsp;Mais le silence de Christ sur de nombreux sujets \u00e9tait une v\u00e9ritable \u00e9loquence.&nbsp;.&nbsp;.&nbsp;.&nbsp;{2SM 336.1} 1958<\/td><\/tr><tr><td><\/td><\/tr><\/tbody><\/table><\/figure>\n","protected":false},"excerpt":{"rendered":"<p> Politique&nbsp;&#8211; il est rare qu&#8217;un jour se passe sans que ce soit dans les nouvelles.Donc, nous sommes assez vieux pour voter [ou du moins la plupart d&#8217;entre nous] mais&nbsp;devrions-nous voter?D&#8217;Esprit de proph\u00e9tie, voici les directives de Dieu qu&#8217;il nous a donn\u00e9es:Le Seigneur voudrait que son peuple enterre des questions politiques.&nbsp;Sur ces th\u00e8mes, le silence [&#8230;]<\/p>\n","protected":false},"author":4,"featured_media":0,"parent":0,"menu_order":0,"comment_status":"closed","ping_status":"closed","template":"","meta":{"footnotes":""},"class_list":["post-45","page","type-page","status-publish","hentry","odd"],"_links":{"self":[{"href":"https:\/\/www.xn--motdedieuexpliqu-qqb.com\/index.php\/wp-json\/wp\/v2\/pages\/45","targetHints":{"allow":["GET"]}}],"collection":[{"href":"https:\/\/www.xn--motdedieuexpliqu-qqb.com\/index.php\/wp-json\/wp\/v2\/pages"}],"about":[{"href":"https:\/\/www.xn--motdedieuexpliqu-qqb.com\/index.php\/wp-json\/wp\/v2\/types\/page"}],"author":[{"embeddable":true,"href":"https:\/\/www.xn--motdedieuexpliqu-qqb.com\/index.php\/wp-json\/wp\/v2\/users\/4"}],"replies":[{"embeddable":true,"href":"https:\/\/www.xn--motdedieuexpliqu-qqb.com\/index.php\/wp-json\/wp\/v2\/comments?post=45"}],"version-history":[{"count":3,"href":"https:\/\/www.xn--motdedieuexpliqu-qqb.com\/index.php\/wp-json\/wp\/v2\/pages\/45\/revisions"}],"predecessor-version":[{"id":1141,"href":"https:\/\/www.xn--motdedieuexpliqu-qqb.com\/index.php\/wp-json\/wp\/v2\/pages\/45\/revisions\/1141"}],"wp:attachment":[{"href":"https:\/\/www.xn--motdedieuexpliqu-qqb.com\/index.php\/wp-json\/wp\/v2\/media?parent=45"}],"curies":[{"name":"wp","href":"https:\/\/api.w.org\/{rel}","templated":true}]}}