{"id":94,"date":"2019-09-04T10:15:17","date_gmt":"2019-09-04T09:15:17","guid":{"rendered":"http:\/\/www.xn--motdedieuexpliqu-qqb.com\/?page_id=94"},"modified":"2023-04-04T22:52:33","modified_gmt":"2023-04-04T21:52:33","slug":"pauls-salutations-and-valedictions-fr","status":"publish","type":"page","link":"https:\/\/www.xn--motdedieuexpliqu-qqb.com\/index.php\/pauls-salutations-and-valedictions-fr\/","title":{"rendered":"Salutations et Approbations de Paul"},"content":{"rendered":"\n<h1 class=\"wp-block-heading\"><\/h1>\n\n\n\n<figure class=\"wp-block-table has-medium-font-size\"><table><tbody><tr><td><\/td><\/tr><tr><td>Il y a 14 \u00e9p\u00eetres \/ livres dans le Nouveau Testament qui sont attribu\u00e9s \u00e0 l&#8217;ap\u00f4tre Paul.&nbsp;Ce sont: Romains, 1 Corinthiens, 2 Corinthiens, Galates, Eph\u00e9siens, Philippiens, Colossiens, 1 Thessaloniciens, 2 Thessaloniciens, 1 Timoth\u00e9e, 2 Timoth\u00e9e, Titus, Phil\u00e9mon et H\u00e9breux.<\/td><\/tr><tr><td>La salutation habituelle de Paul dans ses lettres aux \u00e9glises, ainsi qu&#8217;aux personnes \u00e0 qui il a \u00e9crit, mentionne de mani\u00e8re constante \u00ab&nbsp;<strong>Dieu notre P\u00e8re et le Seigneur J\u00e9sus-Christ.<\/strong>&nbsp;\u201dPourtant, dans chacune de ses salutations, il&nbsp;<strong><span style=\"text-decoration: underline;\">ne<\/span><\/strong>&nbsp;mentionne&nbsp;<strong><span style=\"text-decoration: underline;\">jamais<\/span><\/strong>&nbsp;le Saint-Esprit!&nbsp;(On peut en dire autant de Pierre dans les salutations de ses deux \u00e9p\u00eetres.)<\/td><\/tr><tr><td>La m\u00eame salutation, avec seulement de l\u00e9g\u00e8res variations, appara\u00eet dans chaque \u00e9p\u00eetre qui porte le nom de Paul.&nbsp;Notez ci-dessous \u00e0 quel point il est coh\u00e9rent de&nbsp;<strong><span style=\"text-decoration: underline;\">ne pas inclure le Saint-Esprit<\/span><\/strong>&nbsp;dans ses salutations.<\/td><\/tr><tr><td><\/td><\/tr><tr><td><strong>L\u2019exemple et l\u2019enseignement de Paul correspondaient \u00e0 ceux de Christ.<\/strong><\/td><\/tr><tr><td>Si Dieu \u00e9tait une Trinit\u00e9, Paul, qui avait \u00e9t\u00e9 instruit directement par J\u00e9sus-Christ ressuscit\u00e9 (Galates 1.12-12) et qui avait \u00e9crit une grande partie des fondements th\u00e9ologiques de l&#8217;\u00c9glise primitive, aurait compris et enseign\u00e9 ce concept.&nbsp;Pourtant, nous ne trouvons aucun tel enseignement dans ses \u00e9crits.<\/td><\/tr><tr><td><\/td><\/tr><tr><td><strong>Salutations de Paul<\/strong><\/td><\/tr><tr><td>Ro1.7 \u00c0 tous ceux qui sont \u00e0 Rome, bien-aim\u00e9s de Dieu, appel\u00e9s \u00e0 \u00eatre des saints:&nbsp;<strong><span style=\"text-decoration: underline;\">Gr\u00e2ce \u00e0 vous et paix, de la part de DIEU, NOTRE P\u00c8RE, et du SEIGNEUR J\u00c9SUS-CHRIST<\/span><\/strong>&nbsp;<strong>.<\/strong><\/td><\/tr><tr><td>1co1.3 Que la&nbsp;<strong>gr\u00e2ce soit pour vous et la paix de la part de <span style=\"text-decoration: underline;\">Dieu notre P\u00e8re et de l&#8217;\u00c9ternel J\u00e9sus Christ<\/span>&nbsp;.<\/strong><\/td><\/tr><tr><td>Ga1.3 La&nbsp;<strong>gr\u00e2ce soit avec vous et la paix de la part de <span style=\"text-decoration: underline;\">Dieu le P\u00e8re et de notre Seigneur J\u00e9sus-Christ<\/span><\/strong>&nbsp;<strong>,<\/strong><\/td><\/tr><tr><td>Ep1.2 La&nbsp;<strong>gr\u00e2ce soit avec vous et la paix, de la part de <span style=\"text-decoration: underline;\">DIEU, NOTRE P\u00c8RE, et du SEIGNEUR J\u00c9SUS CHRIST<\/span><\/strong>&nbsp;<strong>.<\/strong><\/td><\/tr><tr><td>Ph1.2 La gr\u00e2ce [soit] \u00e0 vous et paix, de la part de&nbsp;<strong><span style=\"text-decoration: underline;\">DIEU, NOTRE P\u00c8RE, et du SEIGNEUR J\u00c9SUS-CHRIST<\/span><\/strong>&nbsp;<strong>.<\/strong><\/td><\/tr><tr><td>Cl1.2 Aux saints et aux fr\u00e8res fid\u00e8les en Christ qui sont \u00e0 Colosse: Gr\u00e2ce [soit] \u00e0 vous, et paix, de la part de&nbsp;<strong><span style=\"text-decoration: underline;\">DIEU, NOTRE P\u00c8RE et du SEIGNEUR J\u00c9SUS CHRIST<\/span><\/strong>&nbsp;<strong>.<\/strong><\/td><\/tr><tr><td>1th1.1 Paul, et Silvanus, et Timoth\u00e9e, \u00e0 l\u2019\u00e9glise des Thessaloniciens [qui est] en Dieu le P\u00e8re et [en] le Seigneur J\u00e9sus-Christ: Gr\u00e2ce [soit] pour vous, et paix, de la part de&nbsp;<strong><span style=\"text-decoration: underline;\">DIEU, NOTRE P\u00c8RE, le SEIGNEUR JESUS ??CHRIST<\/span><\/strong>&nbsp;<strong>.<\/strong><\/td><\/tr><tr><td>2-1.1 Paul, et Silvanus, et Timoth\u00e9e, \u00e0 l&#8217;\u00e9glise des Thessaloniciens en&nbsp;<strong><span style=\"text-decoration: underline;\">DIEU, NOTRE P\u00c8RE et le SEIGNEUR J\u00c9SUS CHRIST<\/span><\/strong>&nbsp;<strong>:<\/strong><\/td><\/tr><tr><td>2th1.2 Gr\u00e2ce \u00e0 vous et paix, de la part de&nbsp;<strong><span style=\"text-decoration: underline;\">DIEU, NOTRE P\u00c8RE et du SEIGNEUR JESUS ??CHRIST<\/span><\/strong>&nbsp;<strong>.<\/strong><\/td><\/tr><tr><td>1ti1.2 \u00c0 Timoth\u00e9e, mon propre fils dans la foi: gr\u00e2ce, mis\u00e9ricorde et paix, de la part de&nbsp;<strong><span style=\"text-decoration: underline;\">DIEU, notre P\u00e8re, et de J\u00e9sus-Christ, notre Seigneur<\/span><\/strong>&nbsp;<strong>.<\/strong><\/td><\/tr><tr><td>2ti1.2 \u00c0 Timoth\u00e9e, mon fils bien-aim\u00e9: gr\u00e2ce, mis\u00e9ricorde et paix, de la part de Dieu, le&nbsp;<strong><span style=\"text-decoration: underline;\">P\u00e8re et le Christ J\u00e9sus, notre Seigneur<\/span><\/strong>&nbsp;<strong>.<\/strong><\/td><\/tr><tr><td>Tt1.4 \u00c0 Titus, mon fils apr\u00e8s la foi commune: gr\u00e2ce, mis\u00e9ricorde et paix, de la part de&nbsp;<strong><span style=\"text-decoration: underline;\">DIEU LE P\u00c8RE et du SEIGNEUR J\u00c9SUS CHRIST notre Sauveur<\/span><\/strong>&nbsp;<strong>.<\/strong><\/td><\/tr><tr><td>Pn1.3&nbsp;<strong>Gr\u00e2ce \u00e0 vous et paix, de la part de <span style=\"text-decoration: underline;\">DIEU, notre P\u00e8re et du Seigneur J\u00e9sus-Christ<\/span><\/strong><span style=\"text-decoration: underline;\">&nbsp;<\/span><strong>.<\/strong><\/td><\/tr><tr><td><\/td><\/tr><tr><td>He1.1&nbsp;<strong><span style=\"text-decoration: underline;\">DIEU<\/span>&nbsp;, qui \u00e0 plusieurs reprises et de diverses mani\u00e8res parla dans le pass\u00e9 aux p\u00e8res par les proph\u00e8tes,<\/strong><\/td><\/tr><tr><td>He1.2 Est-ce que&nbsp;<strong>dans ces derniers jours nous avons parl\u00e9 de&nbsp;<span style=\"text-decoration: underline;\">[son] FILS&nbsp;,&nbsp;qu&#8217;il a nomm\u00e9 h\u00e9ritier de toutes choses, par lequel il a \u00e9galement cr\u00e9\u00e9 les mondes<\/span>&nbsp;;<\/strong><\/td><\/tr><tr><td>He1.3&nbsp;<strong>Qui est l&#8217;\u00e9clat de [sa] gloire et l&#8217;image de sa personne, et qui soutient toutes choses par la parole de son pouvoir, quand il a purg\u00e9 par lui-m\u00eame nos p\u00e9ch\u00e9s,&nbsp;<span style=\"text-decoration: underline;\">S&#8217;ASSOUCHER DE LA MAIN DE LA MAJEST\u00c9 SUR HAUT<\/span>&nbsp;;<\/strong><\/td><\/tr><tr><td>He1.4&nbsp;<strong>\u00c9tant tellement meilleur que les anges, il a h\u00e9rit\u00e9 par h\u00e9ritage d&#8217;un nom plus excellent qu&#8217;eux.<\/strong><\/td><\/tr><tr><td>He1.5 Pour lequel des anges a-t-il dit \u00e0 un moment quelconque: <strong><span style=\"text-decoration: underline;\">Tu es mon Fils, ce&nbsp;jour&nbsp;je&nbsp;t&#8217;ai&nbsp;engendr\u00e9<\/span><\/strong>&nbsp;?&nbsp;Et encore, je serai pour lui un p\u00e8re et il sera pour moi un fils?<\/td><\/tr><tr><td>He1.6 Et encore, <strong><span style=\"text-decoration: underline;\">quand&nbsp;il&nbsp;introduit&nbsp;le premier&nbsp;n\u00e9&nbsp;dans le monde<\/span><\/strong>&nbsp;, il dit: Et que tous les anges de Dieu l&#8217;adorent.<\/td><\/tr><tr><td><\/td><\/tr><tr><td><strong><span style=\"text-decoration: underline;\">14 citations: Le Saint-Esprit est TOUJOURS laiss\u00e9 en dehors de ces salutations<\/span>&nbsp;&#8211; un oubli incroyable et inexplicable si l&#8217;Esprit \u00e9tait vraiment une personne ou une entit\u00e9 \u00e0 \u00e9galit\u00e9 avec Dieu le P\u00e8re et le Christ!<\/strong><\/td><\/tr><tr><td><strong>Ceci est d&#8217;autant plus surprenant quand on sait que les congr\u00e9gations dans lesquelles Paul a \u00e9crit comptaient de nombreux membres gentils issus de milieux polyth\u00e9istes qui avaient auparavant ador\u00e9 de nombreux dieux.<\/strong>&nbsp;Les \u00e9p\u00eetres de Paul ne rapportent aucune tentative de sa part d&#8217;expliquer la Trinit\u00e9 ou le Saint-Esprit en tant que personne divine \u00e9gale \u00e0 Dieu le P\u00e8re et \u00e0 J\u00e9sus-Christ.<\/td><\/tr><tr><td><br><\/td><\/tr><tr><td><strong>Paul&#8217;s Valedictions<\/strong><\/td><\/tr><tr><td><\/td><\/tr><tr><td>Ro16.27&nbsp;<strong>\u00c0&nbsp;<span style=\"text-decoration: underline;\">Dieu<\/span>&nbsp;seul sage, gloire \u00e0 jamais par&nbsp;<span style=\"text-decoration: underline;\">J\u00e9sus-Christ<\/span>&nbsp;.<\/strong>&nbsp;<strong>Amen.<\/strong><\/td><\/tr><tr><td><\/td><\/tr><tr><td>1co16.23 La&nbsp;<strong>gr\u00e2ce de notre&nbsp;<span style=\"text-decoration: underline;\">Seigneur J\u00e9sus-Christ<\/span><\/strong>&nbsp;[soit] avec vous.<\/td><\/tr><tr><td><\/td><\/tr><tr><td>2co13.14 La gr\u00e2ce du&nbsp;<strong><span style=\"text-decoration: underline;\">SEIGNEUR JESUS ??CHRIST, et l&#8217;amour de DIEU<\/span><\/strong>&nbsp;, et&nbsp;<strong><span style=\"text-decoration: underline;\">la COMMUNION du Saint-Esprit<\/span><\/strong>&nbsp;, soient avec vous tous.&nbsp;Amen.<\/td><\/tr><tr><td><strong>Remarque: la communion<\/strong>&nbsp;est le partage ou l&#8217;\u00e9change de&nbsp;<strong><span style=\"text-decoration: underline;\">pens\u00e9es<\/span>&nbsp;et de sentiments&nbsp;<span style=\"text-decoration: underline;\">intimes<\/span><\/strong>&nbsp;, en particulier sur le plan mental ou spirituel.&nbsp;Cela implique un esprit et non une personne.<\/td><\/tr><tr><td><\/td><\/tr><tr><td>Ga6.18 Fr\u00e8res, que la&nbsp;<strong>gr\u00e2ce de notre&nbsp;<span style=\"text-decoration: underline;\">Seigneur J\u00e9sus-Christ<\/span><\/strong>&nbsp;soit avec votre esprit.&nbsp;Amen.<\/td><\/tr><tr><td><\/td><\/tr><tr><td>Ep6.23 Que la paix soit avec les fr\u00e8res et l&#8217;amour de la foi de la part de&nbsp;<strong>Dieu le P\u00e8re et du <span style=\"text-decoration: underline;\">Seigneur J\u00e9sus-Christ<\/span><\/strong>&nbsp;<strong>.<\/strong><\/td><\/tr><tr><td>Ep6.24 La gr\u00e2ce soit avec tous ceux qui aiment notre&nbsp;<strong><span style=\"text-decoration: underline;\">Seigneur J\u00e9sus-Christ<\/span><\/strong>&nbsp;avec sinc\u00e9rit\u00e9.&nbsp;Amen.<\/td><\/tr><tr><td><\/td><\/tr><tr><td>Ph4.23 La&nbsp;<strong>gr\u00e2ce de notre&nbsp;<span style=\"text-decoration: underline;\">Seigneur J\u00e9sus-Christ<\/span><\/strong>&nbsp;[soit] avec vous tous.&nbsp;Amen.<\/td><\/tr><tr><td><\/td><\/tr><tr><td>Cl4.18 La salutation par la main de moi Paul.&nbsp;Rappelez-vous mes liens.&nbsp;Grace [soit] avec vous.&nbsp;Amen.<\/td><\/tr><tr><td><\/td><\/tr><tr><td>1th5.28 La&nbsp;<strong>gr\u00e2ce de notre&nbsp;<span style=\"text-decoration: underline;\">Seigneur J\u00e9sus-Christ<\/span><\/strong>&nbsp;[soit] avec vous.&nbsp;Amen.<\/td><\/tr><tr><td><\/td><\/tr><tr><td>2th3.18 La&nbsp;<strong>gr\u00e2ce de notre&nbsp;<span style=\"text-decoration: underline;\">Seigneur J\u00e9sus-Christ<\/span><\/strong>&nbsp;[soit] avec vous tous.&nbsp;Amen.<\/td><\/tr><tr><td><\/td><\/tr><tr><td>1ti6.21 Quels professes ont err\u00e9 en ce qui concerne la foi.&nbsp;Grace [soit] avec toi.&nbsp;Amen.<\/td><\/tr><tr><td><\/td><\/tr><tr><td>2ti4.22 Que le&nbsp;<strong><span style=\"text-decoration: underline;\">Seigneur J\u00e9sus-Christ<\/span><\/strong>&nbsp;soit avec ton esprit.&nbsp;Grace [soit] avec vous.&nbsp;Amen.<\/td><\/tr><tr><td><\/td><\/tr><tr><td>Tt3.15 Tous ceux qui sont avec moi te saluent.&nbsp;Saluez ceux qui nous aiment dans la foi.&nbsp;Que la gr\u00e2ce soit avec vous tous.&nbsp;Amen.<\/td><\/tr><tr><td><\/td><\/tr><tr><td>Pn1.25 La&nbsp;<strong>gr\u00e2ce de notre&nbsp;<span style=\"text-decoration: underline;\">Seigneur J\u00e9sus-Christ<\/span><\/strong>&nbsp;[soit] avec votre esprit.&nbsp;Amen.<\/td><\/tr><tr><td><\/td><\/tr><tr><td>He 13.21&nbsp;<strong>Vous rendre parfait dans chaque bon travail pour faire sa volont\u00e9, travaillant en vous ce qui lui est agr\u00e9able, \u00e0 travers J\u00e9sus-Christ;<\/strong>&nbsp;<strong>\u00e0 qui [soit] gloire pour toujours et \u00e0 jamais.<\/strong>&nbsp;<strong>Amen.<\/strong><\/td><\/tr><tr><td><\/td><\/tr><tr><td>Dans tous les \u00e9crits de Paul, c&#8217;est seulement dans 2 Corinthiens 13:14 que le Saint-Esprit est mentionn\u00e9 avec le P\u00e8re et J\u00e9sus-Christ dans de telles expressions, et il n&#8217;y a que dans le cadre de la \u00abcommunion du Saint-Esprit\u00bb dans laquelle les croyants se partagent toute sorte de d\u00e9claration th\u00e9ologique sur la nature de Dieu.&nbsp;Paul souligne ici que l&#8217;Esprit de Dieu est l&#8217;agent unificateur qui nous r\u00e9unit dans une communion ou une fraternit\u00e9 pieuse et juste, non seulement les uns avec les autres, mais \u00e9galement avec le P\u00e8re et le Fils.<\/td><\/tr><tr><td><strong>Pourtant, ici aussi, l\u2019Esprit de Dieu n\u2019est pas parl\u00e9 en tant que personne.<\/strong>&nbsp;Remarquez que Paul \u00e9crit que notre communion <strong><span style=\"text-decoration: underline;\">est DU<\/span><\/strong> Saint-Esprit <strong><span style=\"text-decoration: underline;\">et&nbsp;non&nbsp;AVEC<\/span><\/strong> Saint-Esprit.&nbsp;Comme 1 Jean 1: 3 nous dit: \u00abEn v\u00e9rit\u00e9, notre communion est&nbsp;<strong><span style=\"text-decoration: underline;\">avec<\/span><\/strong>&nbsp;le P\u00e8re et avec son Fils J\u00e9sus-Christ\u00bb &#8211; le Saint-Esprit n&#8217;est pas mentionn\u00e9.<\/td><\/tr><tr><td><\/td><\/tr><tr><td><strong>R\u00e9sum\u00e9 des constatations<\/strong><\/td><\/tr><tr><td><strong>Dieu le P\u00e8re et notre Seigneur J\u00e9sus-Christ<\/strong>&nbsp;est le d\u00e9nominateur commun utilis\u00e9 par Paul.&nbsp;Il adresse clairement ses salutations \u00e0 deux personnes et non \u00e0 trois.&nbsp;En fait, les deux versets suivants confirment des choses hors de tout doute:<\/td><\/tr><tr><td><\/td><\/tr><tr><td>Cependant, pour ceux qui ont encore plus de preuves qu&#8217;une recherche dans \u00ables 14 \u00e9p\u00eetres \/ livres\u00bb de Paul pour \u00abSaint-Esprit\u00bb ne donne que 3 trouvailles [2co13.14 d\u00e9j\u00e0 \u00e9t\u00e9 couvert]:<\/td><\/tr><tr><td>Ep1.13 En qui vous avez aussi confiance, apr\u00e8s que vous ayez entendu la parole de v\u00e9rit\u00e9, l&#8217;\u00e9vangile de votre salut: en qui \u00e9galement apr\u00e8s cela, vous avez \u00e9t\u00e9 scell\u00e9s de ce&nbsp;<strong><span style=\"text-decoration: underline;\">saint Esprit de la promesse<\/span>&nbsp;,<\/strong><\/td><\/tr><tr><td>1th4.8 Celui qui m\u00e9prise, ne m\u00e9prise donc pas l&#8217;homme, mais Dieu, qui nous a aussi donn\u00e9&nbsp;<strong><span style=\"text-decoration: underline;\">SON SAINT-ESPRIT<\/span><\/strong>&nbsp;<strong>.<\/strong><\/td><\/tr><tr><td>Paul confirme que le Saint-Esprit est un&nbsp;<strong><span style=\"text-decoration: underline;\">attribut<\/span><\/strong>&nbsp;de Dieu.&nbsp;ce n&#8217;est pas une autre personne ni dieu.<\/td><\/tr><tr><td><\/td><\/tr><tr><td>Paul utilise les mots \u00abSaint-Esprit\u00bb 19 fois dans ses \u00e9p\u00eetres \/ livres;&nbsp;les plus pertinents \u00e9tant:<\/td><\/tr><tr><td>Ro5.5 Et l\u2019espoir n\u2019a pas honte;&nbsp;<strong>parce que l&#8217;amour de Dieu est r\u00e9pandu dans nos c\u0153urs par le Saint-Esprit qui nous est donn\u00e9.<\/strong><\/td><\/tr><tr><td><\/td><\/tr><tr><td>Ro9.1 Je dis la v\u00e9rit\u00e9 en Christ, je ne mens pas,&nbsp;<strong>ma conscience me rendant aussi t\u00e9moin du Saint-Esprit,<\/strong><\/td><\/tr><tr><td><\/td><\/tr><tr><td>Ro15.16 Que je sois le ministre de J\u00e9sus-Christ aupr\u00e8s des pa\u00efens, dans le minist\u00e8re de l&#8217;\u00e9vangile de Dieu, afin que l&#8217;offrande des pa\u00efens soit acceptable, \u00e9tant&nbsp;<strong>sanctifi\u00e9e par le Saint-Esprit<\/strong>&nbsp;.<\/td><\/tr><tr><td><\/td><\/tr><tr><td>1co2.9&nbsp;<strong>Mais comme il est \u00e9crit, l&#8217;oeil n&#8217;a pas vu, ni \u00e9cout\u00e9, ni n&#8217;est entr\u00e9 dans le c\u0153ur de l&#8217;homme, les choses que Dieu a pr\u00e9par\u00e9es pour ceux qui l&#8217;aiment.<\/strong>&nbsp;[is64.4]<\/td><\/tr><tr><td>1co2.15&nbsp;<strong>Mais celui qui est spirituel juge toutes choses, et pourtant, il n&#8217;est lui-m\u00eame jug\u00e9 par personne.<\/strong><\/td><\/tr><tr><td>1co2.16&nbsp;<strong>Car qui a connu l&#8217;esprit du <span style=\"text-decoration: underline;\">Seigneur<\/span>, afin qu&#8217;il l&#8217;instruise?<\/strong>&nbsp;<strong>Mais nous avons la&nbsp;<span style=\"text-decoration: underline;\">pens\u00e9e de Christ<\/span>&nbsp;.<\/strong>&nbsp;<em>{&nbsp;<strong>Remarque:<\/strong>&nbsp;le Saint-Esprit, qui est l\u2019Esprit de Dieu, nous donne l\u2019esprit de Christ.<\/em>&nbsp;<em>C&#8217;est la r\u00e9v\u00e9lation par Dieu \u00e0 son peuple des choses profondes sur lui-m\u00eame qu&#8217;il ne leur fait conna\u00eetre que par le biais de la possibilit\u00e9 de rechercher toutes choses.<\/em>&nbsp;<em>Le Saint-Esprit n&#8217;a rien \u00e0 voir avec le fait d&#8217;\u00eatre une autre personne ni un dieu.}<\/em><\/td><\/tr><tr><td><\/td><\/tr><tr><td>1co6.19&nbsp;<strong><span style=\"text-decoration: underline;\">Quoi?<\/span><\/strong><span style=\"text-decoration: underline;\">&nbsp;<\/span><strong><span style=\"text-decoration: underline;\">Ne savez-vous pas que votre corps est le temple du Saint-Esprit&nbsp;que vous<\/span> avez de Dieu et que vous n&#8217;avez pas \u00e0 vous?<\/strong><\/td><\/tr><tr><td>1co6.20&nbsp;<strong>Car vous \u00eates achet\u00e9s \u00e0 un prix: glorifiez donc Dieu dans votre corps et dans votre esprit qui sont \u00e0 Dieu.<\/strong><\/td><\/tr><tr><td><\/td><\/tr><tr><td>2co6.4&nbsp;<strong>Mais en toutes choses nous approuvant comme ministres de Dieu, avec beaucoup de patience, dans des afflictions, des n\u00e9cessit\u00e9s, des angoisses,<\/strong><\/td><\/tr><tr><td>2co6.5&nbsp;<strong>En bandes, en emprisonnements, en tumultes, en travaux, en veilles, en je\u00fbnes;<\/strong><\/td><\/tr><tr><td>2co6.6&nbsp;<strong>Par la puret\u00e9, par la connaissance, par la patience, par la gentillesse, par le Saint-Esprit, par un amour sinc\u00e8re,<\/strong><\/td><\/tr><tr><td>2co6.7&nbsp;<strong>Par la parole de la v\u00e9rit\u00e9, par la puissance de Dieu, par l&#8217;armure de la justice \u00e0 droite et \u00e0 gauche,<\/strong><\/td><\/tr><tr><td>2co6.8&nbsp;<strong>Par l&#8217;honneur et le d\u00e9shonneur, par le rapport diabolique et bon rapport: en tant que trompeurs et [encore] vrai;<\/strong><\/td><\/tr><tr><td><strong>2c<\/strong>&nbsp;o6.9&nbsp;<strong>Comme inconnu, et [encore] bien connu;<\/strong>&nbsp;<strong>en mourant, et voici, nous vivons;<\/strong>&nbsp;<strong>comme ch\u00e2ti\u00e9, et non tu\u00e9;<\/strong><\/td><\/tr><tr><td>2co6.10&nbsp;<strong>Comme triste, mais toujours r\u00e9joui;<\/strong>&nbsp;<strong>en tant que pauvre, mais en rendant beaucoup de riches;<\/strong>&nbsp;<strong>comme n&#8217;ayant rien et poss\u00e9dant encore tout.<\/strong>&nbsp;<em>{&nbsp;<strong>Note:<\/strong>&nbsp;Dans ces 7 versets, nous n&#8217;avons que des&nbsp;<strong>attributs<\/strong>&nbsp;de Dieu &#8211; aucune personne n&#8217;est cit\u00e9e.}<\/em><\/td><\/tr><tr><td><\/td><\/tr><tr><td>2ti1.14&nbsp;<strong>Cette bonne chose qui vous a \u00e9t\u00e9<\/strong>&nbsp;confi\u00e9e est gard\u00e9e&nbsp;<strong>par le Saint-Esprit qui habite en nous.<\/strong>&nbsp;<em>{&nbsp;<strong>Remarque: vous<\/strong>&nbsp;ne pouvez pas \u00eatre une personne &#8211; comment pouvez-vous avoir une personne avec une personne?}<\/em><\/td><\/tr><tr><td><\/td><\/tr><tr><td>Tt3.5 Ce n&#8217;est pas par les oeuvres de justice que nous avons faites, mais selon sa mis\u00e9ricorde, il nous a sauv\u00e9s, par la purification de la r\u00e9g\u00e9n\u00e9ration et le&nbsp;<strong><span style=\"text-decoration: underline;\">RENOUVELLEMENT du Saint-Esprit<\/span><\/strong>&nbsp;;&nbsp;<em>{&nbsp;<strong>Remarque:<\/strong>&nbsp;vous ne pouvez pas renouveler une personne ni un dieu.}<\/em><\/td><\/tr><tr><td><\/td><\/tr><\/tbody><\/table><\/figure>\n","protected":false},"excerpt":{"rendered":"<p> Il y a 14 \u00e9p\u00eetres \/ livres dans le Nouveau Testament qui sont attribu\u00e9s \u00e0 l&#8217;ap\u00f4tre Paul.&nbsp;Ce sont: Romains, 1 Corinthiens, 2 Corinthiens, Galates, Eph\u00e9siens, Philippiens, Colossiens, 1 Thessaloniciens, 2 Thessaloniciens, 1 Timoth\u00e9e, 2 Timoth\u00e9e, Titus, Phil\u00e9mon et H\u00e9breux.La salutation habituelle de Paul dans ses lettres aux \u00e9glises, ainsi qu&#8217;aux personnes \u00e0 qui il [&#8230;]<\/p>\n","protected":false},"author":4,"featured_media":0,"parent":0,"menu_order":0,"comment_status":"closed","ping_status":"closed","template":"","meta":{"footnotes":""},"class_list":["post-94","page","type-page","status-publish","hentry","odd"],"_links":{"self":[{"href":"https:\/\/www.xn--motdedieuexpliqu-qqb.com\/index.php\/wp-json\/wp\/v2\/pages\/94","targetHints":{"allow":["GET"]}}],"collection":[{"href":"https:\/\/www.xn--motdedieuexpliqu-qqb.com\/index.php\/wp-json\/wp\/v2\/pages"}],"about":[{"href":"https:\/\/www.xn--motdedieuexpliqu-qqb.com\/index.php\/wp-json\/wp\/v2\/types\/page"}],"author":[{"embeddable":true,"href":"https:\/\/www.xn--motdedieuexpliqu-qqb.com\/index.php\/wp-json\/wp\/v2\/users\/4"}],"replies":[{"embeddable":true,"href":"https:\/\/www.xn--motdedieuexpliqu-qqb.com\/index.php\/wp-json\/wp\/v2\/comments?post=94"}],"version-history":[{"count":5,"href":"https:\/\/www.xn--motdedieuexpliqu-qqb.com\/index.php\/wp-json\/wp\/v2\/pages\/94\/revisions"}],"predecessor-version":[{"id":1047,"href":"https:\/\/www.xn--motdedieuexpliqu-qqb.com\/index.php\/wp-json\/wp\/v2\/pages\/94\/revisions\/1047"}],"wp:attachment":[{"href":"https:\/\/www.xn--motdedieuexpliqu-qqb.com\/index.php\/wp-json\/wp\/v2\/media?parent=94"}],"curies":[{"name":"wp","href":"https:\/\/api.w.org\/{rel}","templated":true}]}}